{"id":10448,"date":"2023-11-19T21:35:14","date_gmt":"2023-11-19T21:35:14","guid":{"rendered":"https:\/\/new.meditaeneuskadi.org\/?page_id=10448"},"modified":"2025-11-16T17:41:42","modified_gmt":"2025-11-16T17:41:42","slug":"contacto","status":"publish","type":"page","link":"https:\/\/meditaeneuskadi.org\/eu\/contacto\/","title":{"rendered":"Contacta"},"content":{"rendered":"<div data-elementor-type=\"wp-page\" data-elementor-id=\"10448\" class=\"elementor elementor-10448\" data-elementor-post-type=\"page\">\n\t\t\t\t<div class=\"elementor-element elementor-element-7e0c1de e-con-full e-flex e-con e-parent\" data-id=\"7e0c1de\" data-element_type=\"container\" data-e-type=\"container\">\n\t\t\t\t<div class=\"elementor-element elementor-element-605b5f1 elementor-widget__width-initial elementor-widget elementor-widget-heading\" data-id=\"605b5f1\" data-element_type=\"widget\" data-e-type=\"widget\" data-widget_type=\"heading.default\">\n\t\t\t\t<div class=\"elementor-widget-container\">\n\t\t\t\t\t<h2 class=\"elementor-heading-title elementor-size-default\">KMC Bilbao \u2014 Centro de Meditaci\u00f3n Kadampa<\/h2>\t\t\t\t<\/div>\n\t\t\t\t<\/div>\n\t\t\t\t<div class=\"elementor-element elementor-element-f71dc3f elementor-widget elementor-widget-text-editor\" data-id=\"f71dc3f\" data-element_type=\"widget\" data-e-type=\"widget\" data-widget_type=\"text-editor.default\">\n\t\t\t\t<div class=\"elementor-widget-container\">\n\t\t\t\t\t\t\t\t\t<p><strong>DIRECCI\u00d3N <\/strong>Artekale kalea, 4 (Casco viejo), 48005 Bilbao, Bizkaia<\/p><p><strong>TEL\u00c9FONO: <\/strong>(+34) 684 80 02 52<\/p><p><strong>WHATSAPP:<\/strong> (+34) 684 80 02 52<\/p><p><strong>Tel\u00e9fono antiguo <\/strong>(solo llamadas): (+34) 623 21 47 53<\/p><p><b>\u00bfC\u00d3MO LLEGAR?<\/b><\/p><p><strong>Tranv\u00eda<\/strong>: parada de \u00abLa Ribera\u00bb<\/p><p><strong>Metro:<\/strong> Zazpikaleak \/ Casco viejo\u00a0<\/p>\t\t\t\t\t\t\t\t<\/div>\n\t\t\t\t<\/div>\n\t\t\t\t<\/div>\n\t\t<div class=\"elementor-element elementor-element-961ec1c e-con-full e-flex e-con e-parent\" data-id=\"961ec1c\" data-element_type=\"container\" data-e-type=\"container\">\n\t\t<div class=\"elementor-element elementor-element-fc2a350 e-flex e-con-boxed e-con e-child\" data-id=\"fc2a350\" data-element_type=\"container\" data-e-type=\"container\">\n\t\t\t\t\t<div class=\"e-con-inner\">\n\t\t\t\t<div class=\"elementor-element elementor-element-f3c81a7 elementor-widget elementor-widget-google_maps\" data-id=\"f3c81a7\" data-element_type=\"widget\" data-e-type=\"widget\" data-widget_type=\"google_maps.default\">\n\t\t\t\t<div class=\"elementor-widget-container\">\n\t\t\t\t\t\t\t<div class=\"elementor-custom-embed\">\n\t\t\t<iframe loading=\"lazy\"\n\t\t\t\t\tsrc=\"https:\/\/maps.google.com\/maps?q=KMC%20Bilba&#038;t=m&#038;z=14&#038;output=embed&#038;iwloc=near\"\n\t\t\t\t\ttitle=\"KMC Bilba\"\n\t\t\t\t\taria-label=\"KMC Bilba\"\n\t\t\t><\/iframe>\n\t\t<\/div>\n\t\t\t\t\t\t<\/div>\n\t\t\t\t<\/div>\n\t\t\t\t\t<\/div>\n\t\t\t\t<\/div>\n\t\t\t\t<\/div>\n\t\t\t\t<\/div>","protected":false},"excerpt":{"rendered":"<p>KMC Bilbao \u2014 Centro de Meditaci\u00f3n Kadampa DIRECCI\u00d3N Artekale kalea, 4 (Casco viejo), 48005 Bilbao, Bizkaia TEL\u00c9FONO: (+34) 684 80 02 52 WHATSAPP: (+34) 684 80 02 52 Tel\u00e9fono antiguo&hellip;<\/p>","protected":false},"author":2,"featured_media":0,"parent":0,"menu_order":0,"comment_status":"closed","ping_status":"closed","template":"","meta":{"_EventAllDay":false,"_EventTimezone":"","_EventStartDate":"","_EventEndDate":"","_EventStartDateUTC":"","_EventEndDateUTC":"","_EventShowMap":false,"_EventShowMapLink":false,"_EventURL":"","_EventCost":"","_EventCostDescription":"","_EventCurrencySymbol":"","_EventCurrencyCode":"","_EventCurrencyPosition":"","_EventDateTimeSeparator":"","_EventTimeRangeSeparator":"","_EventOrganizerID":[],"_EventVenueID":[],"_OrganizerEmail":"","_OrganizerPhone":"","_OrganizerWebsite":"","_VenueAddress":"","_VenueCity":"","_VenueCountry":"","_VenueProvince":"","_VenueState":"","_VenueZip":"","_VenuePhone":"","_VenueURL":"","_VenueStateProvince":"","_VenueLat":"","_VenueLng":"","_VenueShowMap":false,"_VenueShowMapLink":false,"footnotes":""},"class_list":["post-10448","page","type-page","status-publish","hentry"],"jetpack_sharing_enabled":true,"_links":{"self":[{"href":"https:\/\/meditaeneuskadi.org\/eu\/wp-json\/wp\/v2\/pages\/10448","targetHints":{"allow":["GET"]}}],"collection":[{"href":"https:\/\/meditaeneuskadi.org\/eu\/wp-json\/wp\/v2\/pages"}],"about":[{"href":"https:\/\/meditaeneuskadi.org\/eu\/wp-json\/wp\/v2\/types\/page"}],"author":[{"embeddable":true,"href":"https:\/\/meditaeneuskadi.org\/eu\/wp-json\/wp\/v2\/users\/2"}],"replies":[{"embeddable":true,"href":"https:\/\/meditaeneuskadi.org\/eu\/wp-json\/wp\/v2\/comments?post=10448"}],"version-history":[{"count":31,"href":"https:\/\/meditaeneuskadi.org\/eu\/wp-json\/wp\/v2\/pages\/10448\/revisions"}],"predecessor-version":[{"id":17478,"href":"https:\/\/meditaeneuskadi.org\/eu\/wp-json\/wp\/v2\/pages\/10448\/revisions\/17478"}],"wp:attachment":[{"href":"https:\/\/meditaeneuskadi.org\/eu\/wp-json\/wp\/v2\/media?parent=10448"}],"curies":[{"name":"wp","href":"https:\/\/api.w.org\/{rel}","templated":true}]}}