{"id":2,"date":"2023-10-31T15:41:47","date_gmt":"2023-10-31T15:41:47","guid":{"rendered":"https:\/\/new.meditaeneuskadi.org\/home\/new\/public_html\/?page_id=2"},"modified":"2023-12-20T21:35:28","modified_gmt":"2023-12-20T21:35:28","slug":"sample-page","status":"publish","type":"page","link":"https:\/\/meditaeneuskadi.org\/eu\/sample-page\/","title":{"rendered":"Sample Page"},"content":{"rendered":"<div data-elementor-type=\"wp-page\" data-elementor-id=\"2\" class=\"elementor elementor-2\" data-elementor-post-type=\"page\">\n\t\t\t\t<div class=\"elementor-element elementor-element-3fcca83 e-flex e-con-boxed e-con e-parent\" data-id=\"3fcca83\" data-element_type=\"container\" data-e-type=\"container\">\n\t\t\t\t\t<div class=\"e-con-inner\">\n\t\t\t\t<div class=\"elementor-element elementor-element-8455aee elementor-widget elementor-widget-heading\" data-id=\"8455aee\" data-element_type=\"widget\" data-e-type=\"widget\" data-widget_type=\"heading.default\">\n\t\t\t\t<div class=\"elementor-widget-container\">\n\t\t\t\t\t<h2 class=\"elementor-heading-title elementor-size-default\">Programa de eventos<\/h2>\t\t\t\t<\/div>\n\t\t\t\t<\/div>\n\t\t\t\t<div class=\"elementor-element elementor-element-37e66c5 elementor-widget elementor-widget-text-editor\" data-id=\"37e66c5\" data-element_type=\"widget\" data-e-type=\"widget\" data-widget_type=\"text-editor.default\">\n\t\t\t\t<div class=\"elementor-widget-container\">\n\t\t\t\t\t\t\t\t\t<p>\u00a0<\/p><table dir=\"ltr\" border=\"1\" cellspacing=\"0\" cellpadding=\"0\" data-sheets-root=\"1\"><colgroup><col width=\"149\" \/><col width=\"99\" \/><col width=\"544\" \/><\/colgroup><tbody><tr><td data-sheets-value=\"{&quot;1&quot;:2,&quot;2&quot;:&quot;ENERO&quot;}\"><strong>ENERO<\/strong><\/td><td>\u00a0<\/td><td>\u00a0<\/td><\/tr><tr><td data-sheets-value=\"{&quot;1&quot;:2,&quot;2&quot;:&quot;Del 9 al 31&quot;}\">Del 9 al 31<\/td><td data-sheets-value=\"{&quot;1&quot;:2,&quot;2&quot;:&quot;Reto&quot;}\">Reto<\/td><td data-sheets-value=\"{&quot;1&quot;:2,&quot;2&quot;:&quot;Reto de meditaci\u00f3n de 10 d\u00edas&quot;}\">Reto de meditaci\u00f3n de 10 d\u00edas<\/td><\/tr><tr><td data-sheets-value=\"{&quot;1&quot;:2,&quot;2&quot;:&quot;Sab 13&quot;}\">Sab 13<\/td><td data-sheets-value=\"{&quot;1&quot;:2,&quot;2&quot;:&quot;Taller&quot;}\">Taller<\/td><td data-sheets-value=\"{&quot;1&quot;:2,&quot;2&quot;:&quot;Taller: Detoxifica tu mente - Aprende a meditar con Eneko Balda&quot;}\">Taller: Detoxifica tu mente &#8211; Aprende a meditar con Eneko Balda<\/td><\/tr><tr><td data-sheets-value=\"{&quot;1&quot;:2,&quot;2&quot;:&quot;por confirmar&quot;}\">(por confirmar)<\/td><td data-sheets-value=\"{&quot;1&quot;:2,&quot;2&quot;:&quot;Charla p\u00fablica&quot;}\">Charla p\u00fablica<\/td><td data-sheets-value=\"{&quot;1&quot;:2,&quot;2&quot;:&quot;En Santander &quot;}\">En Santander<\/td><\/tr><tr><td data-sheets-value=\"{&quot;1&quot;:2,&quot;2&quot;:&quot;FEBRERO&quot;}\"><strong>FEBRERO<\/strong><\/td><td>\u00a0<\/td><td>\u00a0<\/td><\/tr><tr><td data-sheets-value=\"{&quot;1&quot;:2,&quot;2&quot;:&quot;S\u00e1bado 3&quot;}\">S\u00e1bado 3<\/td><td data-sheets-value=\"{&quot;1&quot;:2,&quot;2&quot;:&quot;Evento especial&quot;}\">Evento especial<\/td><td data-sheets-value=\"{&quot;1&quot;:2,&quot;2&quot;:&quot;C\u00f3mo comprender la mente \u2013 Desde la perspectiva budista con guen K. Rabjor&quot;}\">C\u00f3mo comprender la mente \u2013 Desde la perspectiva budista con guen K. Rabjor<\/td><\/tr><tr><td data-sheets-value=\"{&quot;1&quot;:2,&quot;2&quot;:&quot;Domingo 4&quot;}\">Domingo 4<\/td><td data-sheets-value=\"{&quot;1&quot;:2,&quot;2&quot;:&quot;Evento especial&quot;}\">Evento especial<\/td><td data-sheets-value=\"{&quot;1&quot;:2,&quot;2&quot;:&quot;Curso: Vive ligero \u2013 Ense\u00f1anzas sobre la verdadera naturaleza de la realidad con guen K. Rabjor&quot;}\">Curso: Vive ligero \u2013 Ense\u00f1anzas sobre la verdadera naturaleza de la realidad con guen K. Rabjor<\/td><\/tr><tr><td data-sheets-value=\"{&quot;1&quot;:2,&quot;2&quot;:&quot;S\u00e1bado 11&quot;}\">S\u00e1bado 11<\/td><td data-sheets-value=\"{&quot;1&quot;:2,&quot;2&quot;:&quot;Taller&quot;}\">Taller<\/td><td data-sheets-value=\"{&quot;1&quot;:2,&quot;2&quot;:&quot;Taller de meditaci\u00f3n para ni\u00f1os&quot;}\">Taller de meditaci\u00f3n para ni\u00f1os<\/td><\/tr><tr><td data-sheets-value=\"{&quot;1&quot;:2,&quot;2&quot;:&quot;S\u00e1bado 17&quot;}\">S\u00e1bado 17<\/td><td data-sheets-value=\"{&quot;1&quot;:2,&quot;2&quot;:&quot;Taller&quot;}\">Taller<\/td><td data-sheets-value=\"{&quot;1&quot;:2,&quot;2&quot;:&quot;Taller: El poder de los mantras \u00b7 Maestra: Eva P\u00e9rez&quot;}\">Taller: El poder de los mantras \u00b7 Maestra: Eva P\u00e9rez<\/td><\/tr><tr><td data-sheets-value=\"{&quot;1&quot;:2,&quot;2&quot;:&quot;Domingo 18&quot;}\">Domingo 18<\/td><td data-sheets-value=\"{&quot;1&quot;:2,&quot;2&quot;:&quot;Retiro urbano&quot;}\">Retiro urbano<\/td><td data-sheets-value=\"{&quot;1&quot;:2,&quot;2&quot;:&quot;Retiro urbano de meditaci\u00f3n: Vida larga y sana - Retiro de Amitayus \u00b7 Maestra: Eva P\u00e9rez&quot;}\">Retiro urbano de meditaci\u00f3n: Vida larga y sana &#8211; Retiro de Amitayus \u00b7 Maestra: Eva P\u00e9rez<\/td><\/tr><tr><td data-sheets-value=\"{&quot;1&quot;:2,&quot;2&quot;:&quot;MARZO&quot;}\"><strong>MARZO<\/strong><\/td><td>\u00a0<\/td><td>\u00a0<\/td><\/tr><tr><td data-sheets-value=\"{&quot;1&quot;:2,&quot;2&quot;:&quot;1 al 3&quot;}\">1 al 3<\/td><td data-sheets-value=\"{&quot;1&quot;:2,&quot;2&quot;:&quot;Retiro rural&quot;}\">Retiro rural<\/td><td data-sheets-value=\"{&quot;1&quot;:2,&quot;2&quot;:&quot;En el monasterio de Zenarruza&quot;}\">En el monasterio de Zenarruza<\/td><\/tr><tr><td data-sheets-value=\"{&quot;1&quot;:2,&quot;2&quot;:&quot;Viernes 8&quot;}\">Viernes 8<\/td><td data-sheets-value=\"{&quot;1&quot;:2,&quot;2&quot;:&quot;Charla p\u00fablica&quot;}\">Charla p\u00fablica<\/td><td data-sheets-value=\"{&quot;1&quot;:2,&quot;2&quot;:&quot;En Donosti (lugar por confirmar)&quot;}\">En Donosti (lugar por confirmar)<\/td><\/tr><tr><td data-sheets-value=\"{&quot;1&quot;:2,&quot;2&quot;:&quot;S\u00e1bado 16&quot;}\">S\u00e1bado 16<\/td><td data-sheets-value=\"{&quot;1&quot;:2,&quot;2&quot;:&quot;Taller&quot;}\">Taller<\/td><td data-sheets-value=\"{&quot;1&quot;:2,&quot;2&quot;:&quot;Aprende a meditar&quot;}\">Aprende a meditar<\/td><\/tr><tr><td data-sheets-value=\"{&quot;1&quot;:2,&quot;2&quot;:&quot;Domingo 24&quot;}\">Domingo 24<\/td><td data-sheets-value=\"{&quot;1&quot;:2,&quot;2&quot;:&quot;Caminata&quot;}\">Caminata<\/td><td data-sheets-value=\"{&quot;1&quot;:2,&quot;2&quot;:&quot;Caminata ben\u00e9fica en el monte con meditaci\u00f3n&quot;}\">Caminata ben\u00e9fica en el monte con meditaci\u00f3n<\/td><\/tr><tr><td data-sheets-value=\"{&quot;1&quot;:2,&quot;2&quot;:&quot;27 al 31&quot;}\">27 al 31<\/td><td data-sheets-value=\"{&quot;1&quot;:2,&quot;2&quot;:&quot;Evento nacional&quot;}\">Evento nacional<\/td><td data-sheets-value=\"{&quot;1&quot;:2,&quot;2&quot;:&quot;Festival Nacional de Espa\u00f1a en el KMC Espa\u00f1a (Alhaur\u00edn el Grande, M\u00e1laga)&quot;}\">Festival Nacional de Espa\u00f1a en el KMC Espa\u00f1a (Alhaur\u00edn el Grande, M\u00e1laga)<\/td><\/tr><tr><td data-sheets-value=\"{&quot;1&quot;:2,&quot;2&quot;:&quot;APRIL&quot;}\"><strong>APRIL<\/strong><\/td><td>\u00a0<\/td><td>\u00a0<\/td><\/tr><tr><td data-sheets-value=\"{&quot;1&quot;:2,&quot;2&quot;:&quot;S\u00e1bado 6&quot;}\">S\u00e1bado 6<\/td><td data-sheets-value=\"{&quot;1&quot;:2,&quot;2&quot;:&quot;Charla p\u00fablica&quot;}\">Charla p\u00fablica<\/td><td data-sheets-value=\"{&quot;1&quot;:2,&quot;2&quot;:&quot;Charla p\u00fablica en el KMC Bilbao&quot;}\">Charla p\u00fablica en el KMC Bilbao<\/td><\/tr><tr><td data-sheets-value=\"{&quot;1&quot;:2,&quot;2&quot;:&quot;12 al 14&quot;}\">12 al 14<\/td><td data-sheets-value=\"{&quot;1&quot;:2,&quot;2&quot;:&quot;Retiro urbano&quot;}\">Retiro urbano<\/td><td data-sheets-value=\"{&quot;1&quot;:2,&quot;2&quot;:&quot;Retiro de purificaci\u00f3n (Nyungne) en el KMC Bilbao&quot;}\">Retiro de purificaci\u00f3n (Nyungne) en el KMC Bilbao<\/td><\/tr><tr><td data-sheets-value=\"{&quot;1&quot;:2,&quot;2&quot;:&quot;S\u00e1bado 21 y Domingo 22&quot;}\">S\u00e1bado 21 y Domingo 22<\/td><td data-sheets-value=\"{&quot;1&quot;:2,&quot;2&quot;:&quot;Retiro en el KMC Madrid \\&quot;La Sierra\\&quot;&quot;}\">Retiro en el KMC Madrid \u00abLa Sierra\u00bb<\/td><td data-sheets-value=\"{&quot;1&quot;:2,&quot;2&quot;:&quot;Retiro de fin de semana juntamente con el Centro budista kadampa CBK Zaragoza&quot;}\">Retiro de fin de semana juntamente con el Centro budista kadampa CBK Zaragoza<\/td><\/tr><tr><td data-sheets-value=\"{&quot;1&quot;:2,&quot;2&quot;:&quot;MAY&quot;}\"><strong>MAYO<\/strong><\/td><td>\u00a0<\/td><td>\u00a0<\/td><\/tr><tr><td data-sheets-value=\"{&quot;1&quot;:2,&quot;2&quot;:&quot;Domingo 5&quot;}\">Domingo 5<\/td><td data-sheets-value=\"{&quot;1&quot;:2,&quot;2&quot;:&quot;Caminata&quot;}\">Caminata<\/td><td data-sheets-value=\"{&quot;1&quot;:2,&quot;2&quot;:&quot;Caminata ben\u00e9fica en la playa con meditaci\u00f3n guiada &quot;}\">Caminata ben\u00e9fica en la playa con meditaci\u00f3n guiada<\/td><\/tr><tr><td data-sheets-value=\"{&quot;1&quot;:2,&quot;2&quot;:&quot;S\u00e1bado 11&quot;}\">S\u00e1bado 11<\/td><td data-sheets-value=\"{&quot;1&quot;:2,&quot;2&quot;:&quot;Curso&quot;}\">Curso<\/td><td data-sheets-value=\"{&quot;1&quot;:2,&quot;2&quot;:&quot;La profunda pr\u00e1ctica de la transferencia de consciencia - Poua&quot;}\">La profunda pr\u00e1ctica de la transferencia de consciencia &#8211; Poua<\/td><\/tr><tr><td data-sheets-value=\"{&quot;1&quot;:2,&quot;2&quot;:&quot;24 - 29&quot;}\">24 &#8211; 29<\/td><td data-sheets-value=\"{&quot;1&quot;:2,&quot;2&quot;:&quot;Festival internacional&quot;}\">Festival internacional<\/td><td data-sheets-value=\"{&quot;1&quot;:2,&quot;2&quot;:&quot;Festival Internacional de Primavera de la NKT: Iniciaci\u00f3n de Dorje Shugden y ense\u00f1anzas sobre la puyha extensa del protector con Gen-la Kelsang Khyenrab, en Manjurshri KMC (Ulverston, UK)&quot;}\">Festival Internacional de Primavera de la NKT: Iniciaci\u00f3n de Dorje Shugden y ense\u00f1anzas sobre la puyha extensa del protector con Gen-la Kelsang Khyenrab, en Manjurshri KMC (Ulverston, UK)<\/td><\/tr><tr><td data-sheets-value=\"{&quot;1&quot;:2,&quot;2&quot;:&quot;JUNE&quot;}\"><strong>JUNIO<\/strong><\/td><td>\u00a0<\/td><td>\u00a0<\/td><\/tr><tr><td data-sheets-value=\"{&quot;1&quot;:2,&quot;2&quot;:&quot;Domingo 9&quot;}\">Domingo 9<\/td><td data-sheets-value=\"{&quot;1&quot;:2,&quot;2&quot;:&quot;Curso&quot;}\">Curso<\/td><td data-sheets-value=\"{&quot;1&quot;:2,&quot;2&quot;:&quot;Taller de mandalas: Mente pura, mundo puro - Maestra: Eva P\u00e9rez&quot;}\">Taller de mandalas: Mente pura, mundo puro &#8211; Maestra: Eva P\u00e9rez<\/td><\/tr><tr><td data-sheets-value=\"{&quot;1&quot;:2,&quot;2&quot;:&quot;15 - 16&quot;}\">15 &#8211; 16<\/td><td data-sheets-value=\"{&quot;1&quot;:2,&quot;2&quot;:&quot;Evento especial&quot;}\">Evento especial<\/td><td data-sheets-value=\"{&quot;1&quot;:2,&quot;2&quot;:&quot;Por confirmar&quot;}\">Por confirmar<\/td><\/tr><\/tbody><\/table><p>\u00a0<\/p>\t\t\t\t\t\t\t\t<\/div>\n\t\t\t\t<\/div>\n\t\t\t\t\t<\/div>\n\t\t\t\t<\/div>\n\t\t\t\t<\/div>","protected":false},"excerpt":{"rendered":"<p>Programa de eventos \u00a0 ENERO \u00a0 \u00a0 Del 9 al 31 Reto Reto de meditaci\u00f3n de 10 d\u00edas Sab 13 Taller Taller: Detoxifica tu mente &#8211; Aprende a meditar con&hellip;<\/p>","protected":false},"author":1,"featured_media":0,"parent":0,"menu_order":0,"comment_status":"closed","ping_status":"open","template":"","meta":{"_EventAllDay":false,"_EventTimezone":"","_EventStartDate":"","_EventEndDate":"","_EventStartDateUTC":"","_EventEndDateUTC":"","_EventShowMap":false,"_EventShowMapLink":false,"_EventURL":"","_EventCost":"","_EventCostDescription":"","_EventCurrencySymbol":"","_EventCurrencyCode":"","_EventCurrencyPosition":"","_EventDateTimeSeparator":"","_EventTimeRangeSeparator":"","_EventOrganizerID":[],"_EventVenueID":[],"_OrganizerEmail":"","_OrganizerPhone":"","_OrganizerWebsite":"","_VenueAddress":"","_VenueCity":"","_VenueCountry":"","_VenueProvince":"","_VenueState":"","_VenueZip":"","_VenuePhone":"","_VenueURL":"","_VenueStateProvince":"","_VenueLat":"","_VenueLng":"","_VenueShowMap":false,"_VenueShowMapLink":false,"footnotes":""},"class_list":["post-2","page","type-page","status-publish","hentry"],"jetpack_sharing_enabled":true,"_links":{"self":[{"href":"https:\/\/meditaeneuskadi.org\/eu\/wp-json\/wp\/v2\/pages\/2","targetHints":{"allow":["GET"]}}],"collection":[{"href":"https:\/\/meditaeneuskadi.org\/eu\/wp-json\/wp\/v2\/pages"}],"about":[{"href":"https:\/\/meditaeneuskadi.org\/eu\/wp-json\/wp\/v2\/types\/page"}],"author":[{"embeddable":true,"href":"https:\/\/meditaeneuskadi.org\/eu\/wp-json\/wp\/v2\/users\/1"}],"replies":[{"embeddable":true,"href":"https:\/\/meditaeneuskadi.org\/eu\/wp-json\/wp\/v2\/comments?post=2"}],"version-history":[{"count":9,"href":"https:\/\/meditaeneuskadi.org\/eu\/wp-json\/wp\/v2\/pages\/2\/revisions"}],"predecessor-version":[{"id":11458,"href":"https:\/\/meditaeneuskadi.org\/eu\/wp-json\/wp\/v2\/pages\/2\/revisions\/11458"}],"wp:attachment":[{"href":"https:\/\/meditaeneuskadi.org\/eu\/wp-json\/wp\/v2\/media?parent=2"}],"curies":[{"name":"wp","href":"https:\/\/api.w.org\/{rel}","templated":true}]}}