{"id":10098,"date":"2023-11-18T17:22:50","date_gmt":"2023-11-18T17:22:50","guid":{"rendered":"https:\/\/new.meditaeneuskadi.org\/?post_type=product&#038;p=10098"},"modified":"2025-08-28T21:49:46","modified_gmt":"2025-08-28T21:49:46","slug":"caminata-meditacion","status":"publish","type":"product","link":"https:\/\/meditaeneuskadi.org\/eu\/product\/caminata-meditacion\/","title":{"rendered":"Caminata por la paz y meditaci\u00f3n"},"content":{"rendered":"<h4>\u00abCAMINATA POR LA PAZ Y MEDITACI\u00d3N GUIADA\u00bb<\/h4>\n<h4><strong>Con la maestra residente del KMC Bilbao, Eva P\u00e9rez<\/strong><\/h4>\n<p><strong>Esta es una magn\u00edfica oportunidad para dejar a un lado todas tus preocupaciones y disfrutar de paz interior.<\/strong><\/p>\n<p>Meditar en contacto con la naturaleza y alejados de las distracciones del d\u00eda a d\u00eda hace que podamos ser m\u00e1s conscientes del ajetreo de nuestra mente.<\/p>\n<p>A trav\u00e9s de meditaciones sencillas, podemos aprender a disfrutar de paz en todo momento y dejar que la felicidad que subyace en nuestro interior surja de manera natural. De este modo, cuando las circunstancias que nos rodean no sean favorables, podremos mantener una mente apacible y libre de sufrimiento.<\/p>\n<p>Incluye una meditaci\u00f3n guiada y picnic.<\/p>\n<p>Trae ropa y sobre todo calzado adecuado para el monte.<\/p>\n<h4><span style=\"color: #333333;\"><strong>\u00bfCu\u00e1ndo<\/strong><strong>?<\/strong><\/span><\/h4>\n<p><span style=\"color: #333333;\">Domingo 21 de marzo<\/span><\/p>\n<p><span style=\"color: #333333;\"><strong>\u00bfD\u00f3nde?<\/strong><\/span><\/p>\n<p>Punto de encuentro: En el KMC Bilbao (Artekale kalea, 4)<\/p>\n<p><span style=\"color: #ff6600;\">Lo recaudado en este evento ir\u00e1 destinado a mejoras del KMC Bilbao \u2013 Centro de Meditaci\u00f3n Kadampa, que es parte del Proyecto Internacional de Templos Kadampas para la paz en el mundo.<\/span><\/p>","protected":false},"excerpt":{"rendered":"<div data-id=\"1816608c\" data-element_type=\"widget\" data-widget_type=\"text-editor.default\">\n<p><span style=\"color: #000000;\"><strong>\u00abCaminata, meditaci\u00f3n guiada y picnic\u00bb<\/strong> \u00b7 Domingo 21 de septiembre<\/span><\/p>\n<\/div>","protected":false},"featured_media":0,"comment_status":"open","ping_status":"closed","template":"","meta":{"_EventAllDay":false,"_EventTimezone":"","_EventStartDate":"","_EventEndDate":"","_EventStartDateUTC":"","_EventEndDateUTC":"","_EventShowMap":false,"_EventShowMapLink":false,"_EventURL":"","_EventCost":"","_EventCostDescription":"","_EventCurrencySymbol":"","_EventCurrencyCode":"","_EventCurrencyPosition":"","_EventDateTimeSeparator":"","_EventTimeRangeSeparator":"","_EventOrganizerID":[],"_EventVenueID":[],"_OrganizerEmail":"","_OrganizerPhone":"","_OrganizerWebsite":"","_VenueAddress":"","_VenueCity":"","_VenueCountry":"","_VenueProvince":"","_VenueState":"","_VenueZip":"","_VenuePhone":"","_VenueURL":"","_VenueStateProvince":"","_VenueLat":"","_VenueLng":"","_VenueShowMap":false,"_VenueShowMapLink":false},"product_brand":[],"product_cat":[15],"product_tag":[101],"class_list":{"0":"post-10098","1":"product","2":"type-product","3":"status-publish","5":"product_cat-medita-en-euskadi","6":"product_tag-bilbao","7":"description-off","9":"first","10":"instock","11":"shipping-taxable","12":"purchasable","13":"product-type-simple"},"jetpack_sharing_enabled":true,"_links":{"self":[{"href":"https:\/\/meditaeneuskadi.org\/eu\/wp-json\/wp\/v2\/product\/10098","targetHints":{"allow":["GET"]}}],"collection":[{"href":"https:\/\/meditaeneuskadi.org\/eu\/wp-json\/wp\/v2\/product"}],"about":[{"href":"https:\/\/meditaeneuskadi.org\/eu\/wp-json\/wp\/v2\/types\/product"}],"replies":[{"embeddable":true,"href":"https:\/\/meditaeneuskadi.org\/eu\/wp-json\/wp\/v2\/comments?post=10098"}],"wp:attachment":[{"href":"https:\/\/meditaeneuskadi.org\/eu\/wp-json\/wp\/v2\/media?parent=10098"}],"wp:term":[{"taxonomy":"product_brand","embeddable":true,"href":"https:\/\/meditaeneuskadi.org\/eu\/wp-json\/wp\/v2\/product_brand?post=10098"},{"taxonomy":"product_cat","embeddable":true,"href":"https:\/\/meditaeneuskadi.org\/eu\/wp-json\/wp\/v2\/product_cat?post=10098"},{"taxonomy":"product_tag","embeddable":true,"href":"https:\/\/meditaeneuskadi.org\/eu\/wp-json\/wp\/v2\/product_tag?post=10098"}],"curies":[{"name":"wp","href":"https:\/\/api.w.org\/{rel}","templated":true}]}}