{"id":10334,"date":"2023-11-19T14:34:20","date_gmt":"2023-11-19T14:34:20","guid":{"rendered":"https:\/\/new.meditaeneuskadi.org\/?post_type=product&#038;p=10334"},"modified":"2026-03-07T18:34:28","modified_gmt":"2026-03-07T18:34:28","slug":"medita-en-hondarribia","status":"publish","type":"product","link":"https:\/\/meditaeneuskadi.org\/eu\/product\/medita-en-hondarribia\/","title":{"rendered":"Medita en Hondarribia"},"content":{"rendered":"<h3 style=\"text-align: left;\"><span style=\"color: #333333;\"><strong style=\"font-size: 16.38px;\">CICLO RETO DE MEDITACI\u00d3N: <\/strong><\/span><\/h3>\n<h3 style=\"text-align: left;\"><span style=\"color: #333333;\"><strong style=\"font-size: 16.38px;\">\u00ab<\/strong><em>Meditaciones del Lamrim<\/em> &#8211; <\/span><span style=\"color: #333333;\"><em>Dando significado a nuestra vida con el espejo del Dharma\u00bb<\/em><\/span><\/h3>\n<p><span style=\"color: #333333;\">Jueves 19:00-20:00h<\/span><\/p>\n<h4>Sobre el ciclo<\/h4>\n<p><strong>Descubre los secretos de las meditaciones del Lamrim. Con consejos pr\u00e1cticos para integrar en tu d\u00eda a d\u00eda. Todos bienvenidos.<\/strong><\/p>\n<p>Las meditaciones de Lamrim nos ayudan a resolver los problemas de la vida diaria y a mantener una mente tranquila y feliz todo el tiempo. Con el tiempo podremos lograr la libertad permanente de las causas internas de todas las preocupaciones y problemas y ayudar a otros a hacer lo mismo. Lamrim es la esencia misma de las ense\u00f1anzas de Buda y es muy pr\u00e1ctico, ideal para la vida moderna.<\/p>\n<p>Cada clase incluye:<\/p>\n<ul>\n<li>Ense\u00f1anzas pr\u00e1cticas y meditaciones guiadas por el maestro Kadampa Eneko Balda.<\/li>\n<li>Basadas en \u00ab<em>El espejo del Dharma &#8211; con texto ampliado<\/em>\u00ab, del gran maestro contempor\u00e1neo de meditaci\u00f3n Gueshe Kelsang Gyatso Rimpoch\u00e9.<\/li>\n<li>Abiertas a todos, principiantes y tambi\u00e9n meditadores con experiencia.<\/li>\n<\/ul>\n<p>\u00a1Todo el mundo bienvenido!<\/p>\n<p><strong style=\"color: #333333;\">\u00bfCu\u00e1ndo?<\/strong><\/p>\n<p><span style=\"color: #333333;\">Jueves 19:00-20:00h<\/span><\/p>\n<h4><strong>Programa<\/strong><\/h4>\n<p>19 febrero \u00b7 <em>\u00bfCu\u00e1l es el verdadero significado de la vida humana?<\/em><\/p>\n<p>26 febrero \u00b7 <em>C\u00f3mo ser consciente de la muerte enriquece nuestra vida<\/em><\/p>\n<p>5 marzo \u00b7 <em>Evitar el sufrimiento<\/em><\/p>\n<p>12 marzo \u00b7 <em>\u00bfQui\u00e9n nos da protecci\u00f3n de verdad?<\/em><\/p>\n<p>19 marzo \u00b7 <span style=\"color: #ff6600;\"><em>No hay clase por ser festivo<\/em><\/span><\/p>\n<p>26 marzo \u00b7 <em>\u00bfCrees en el karma?<\/em> <em>\u00a0<\/em><em>\u00a0<\/em><\/p>\n<p>9 abril \u00b7 <em>La verdad del sufrimiento<\/em><\/p>\n<p>16 abril \u00b7 <em>Las causas del sufrimiento<\/em><\/p>\n<p><em>Seguido de Parte 2 (23 Abril-Mayo)<\/em><\/p>\n<h4><strong><span style=\"color: #333333;\">El formato<\/span><\/strong><\/h4>\n<div>\n<p>Presencial.<\/p>\n<p>Si deseas hacerlo online (con el bono online y las TK puedes inscribirte en la clase online): <a href=\"https:\/\/meditaeneuskadi.org\/eu\/product\/clases-de-meditacion-bilbao\/\">pincha aqu\u00ed<\/a><\/p>\n<\/div>\n<h4><span style=\"color: #333333;\">El maestro<\/span><\/h4>\n<p><span style=\"color: #333333;\"><img decoding=\"async\" class=\"alignleft wp-image-11546 size-thumbnail\" src=\"https:\/\/meditaeneuskadi.org\/wp-content\/uploads\/2023\/12\/eneko-150x150.png\" alt=\"\" width=\"150\" height=\"150\" srcset=\"https:\/\/meditaeneuskadi.org\/wp-content\/uploads\/2023\/12\/eneko-150x150.png 150w, https:\/\/meditaeneuskadi.org\/wp-content\/uploads\/2023\/12\/eneko-12x12.png 12w, https:\/\/meditaeneuskadi.org\/wp-content\/uploads\/2023\/12\/eneko-200x200.png 200w\" sizes=\"(max-width: 150px) 100vw, 150px\" \/><\/span><\/p>\n<p>&nbsp;<\/p>\n<p>&nbsp;<\/p>\n<p>&nbsp;<\/p>\n<p>&nbsp;<\/p>\n<p><span style=\"color: #333333;\">Eneko Balda, maestro Kadampa.<\/span><\/p>\n<h4><span style=\"color: #333333;\"><strong>Material de apoyo\u00a0<\/strong><\/span><\/h4>\n<h3><span style=\"color: #333333;\"><strong style=\"font-size: 16.38px;\"><img decoding=\"async\" class=\"alignleft wp-image-17819\" src=\"https:\/\/meditaeneuskadi.org\/wp-content\/uploads\/2026\/01\/espejo-dharma-188x300.jpg\" alt=\"\" width=\"162\" height=\"259\" srcset=\"https:\/\/meditaeneuskadi.org\/wp-content\/uploads\/2026\/01\/espejo-dharma-188x300.jpg 188w, https:\/\/meditaeneuskadi.org\/wp-content\/uploads\/2026\/01\/espejo-dharma-641x1024.jpg 641w, https:\/\/meditaeneuskadi.org\/wp-content\/uploads\/2026\/01\/espejo-dharma-768x1226.jpg 768w, https:\/\/meditaeneuskadi.org\/wp-content\/uploads\/2026\/01\/espejo-dharma-962x1536.jpg 962w, https:\/\/meditaeneuskadi.org\/wp-content\/uploads\/2026\/01\/espejo-dharma-1283x2048.jpg 1283w, https:\/\/meditaeneuskadi.org\/wp-content\/uploads\/2026\/01\/espejo-dharma-8x12.jpg 8w, https:\/\/meditaeneuskadi.org\/wp-content\/uploads\/2026\/01\/espejo-dharma-1000x1597.jpg 1000w, https:\/\/meditaeneuskadi.org\/wp-content\/uploads\/2026\/01\/espejo-dharma.jpg 1545w\" sizes=\"(max-width: 162px) 100vw, 162px\" \/><\/strong><\/span><\/h3>\n<p><span style=\"color: #3366ff;\"><strong><a style=\"color: #3366ff;\" href=\"https:\/\/tharpa.com\/es\/el-espejo-del-dharma-con-text-ampliado-4125\" target=\"_blank\" rel=\"noopener\"><em>El Espejo del Dharma con texto ampliado &#8211; C\u00f3mo descubrir el verdadero significado de la vida humana <\/em><\/a><\/strong><\/span><\/p>\n<p><span style=\"color: #333333;\">de Gueshe Keksang Gyatso.<\/span><\/p>\n<p><span style=\"color: #333333;\">Disponible en nuestra tienda de la clase.<\/span><\/p>\n<h4><span style=\"color: #333333;\">\u00bfD\u00f3nde?<\/span><\/h4>\n<p><span style=\"color: #333333;\">En: <span style=\"color: #333399;\"><a style=\"color: #333399;\" href=\"https:\/\/www.google.es\/maps\/search\/Itsasargi+Kalea,+18,+planta+baja+20280+Hondarribia,%C2%A0Gipuzkoa\/@43.3707396,-1.796096,17z\/data=!3m1!4b1?entry=ttu\">Itsasargi Kalea, 18, planta baja 20280 Hondarribia,\u00a0Gipuzkoa<\/a><\/span><\/span><\/p>\n<h4><strong><span style=\"color: #333333;\">\u00bfSon las clases para m\u00ed?<\/span><\/strong><\/h4>\n<p><span style=\"color: #333333;\">Adecuadas para todos, independientemente de cualquier experiencia de meditaci\u00f3n.<\/span><\/p>","protected":false},"excerpt":{"rendered":"<p><strong><span style=\"color: #333333;\">Reto de Meditaci\u00f3n: \u00abMeditaciones del Lamrim &#8211; <\/span><span style=\"color: #333333;\">Dando significado a nuestra vida con el espejo del Dharma\u00bb \u00b7 <\/span><\/strong><span style=\"color: #333333;\">Jueves 19:00-20:00h \u00b7 En Hondarribia<\/span><\/p>","protected":false},"featured_media":10335,"comment_status":"open","ping_status":"closed","template":"","meta":{"_EventAllDay":false,"_EventTimezone":"","_EventStartDate":"","_EventEndDate":"","_EventStartDateUTC":"","_EventEndDateUTC":"","_EventShowMap":false,"_EventShowMapLink":false,"_EventURL":"","_EventCost":"","_EventCostDescription":"","_EventCurrencySymbol":"","_EventCurrencyCode":"","_EventCurrencyPosition":"","_EventDateTimeSeparator":"","_EventTimeRangeSeparator":"","_EventOrganizerID":[],"_EventVenueID":[],"_OrganizerEmail":"","_OrganizerPhone":"","_OrganizerWebsite":"","_VenueAddress":"","_VenueCity":"","_VenueCountry":"","_VenueProvince":"","_VenueState":"","_VenueZip":"","_VenuePhone":"","_VenueURL":"","_VenueStateProvince":"","_VenueLat":"","_VenueLng":"","_VenueShowMap":false,"_VenueShowMapLink":false},"product_brand":[],"product_cat":[110,104],"product_tag":[100],"class_list":{"0":"post-10334","1":"product","2":"type-product","3":"status-publish","4":"has-post-thumbnail","6":"product_cat-por-la-tarde","7":"product_cat-clases-ramas","8":"product_tag-donosti","9":"description-off","11":"first","12":"instock","13":"shipping-taxable","14":"purchasable","15":"product-type-simple"},"jetpack_sharing_enabled":true,"_links":{"self":[{"href":"https:\/\/meditaeneuskadi.org\/eu\/wp-json\/wp\/v2\/product\/10334","targetHints":{"allow":["GET"]}}],"collection":[{"href":"https:\/\/meditaeneuskadi.org\/eu\/wp-json\/wp\/v2\/product"}],"about":[{"href":"https:\/\/meditaeneuskadi.org\/eu\/wp-json\/wp\/v2\/types\/product"}],"replies":[{"embeddable":true,"href":"https:\/\/meditaeneuskadi.org\/eu\/wp-json\/wp\/v2\/comments?post=10334"}],"wp:featuredmedia":[{"embeddable":true,"href":"https:\/\/meditaeneuskadi.org\/eu\/wp-json\/wp\/v2\/media\/10335"}],"wp:attachment":[{"href":"https:\/\/meditaeneuskadi.org\/eu\/wp-json\/wp\/v2\/media?parent=10334"}],"wp:term":[{"taxonomy":"product_brand","embeddable":true,"href":"https:\/\/meditaeneuskadi.org\/eu\/wp-json\/wp\/v2\/product_brand?post=10334"},{"taxonomy":"product_cat","embeddable":true,"href":"https:\/\/meditaeneuskadi.org\/eu\/wp-json\/wp\/v2\/product_cat?post=10334"},{"taxonomy":"product_tag","embeddable":true,"href":"https:\/\/meditaeneuskadi.org\/eu\/wp-json\/wp\/v2\/product_tag?post=10334"}],"curies":[{"name":"wp","href":"https:\/\/api.w.org\/{rel}","templated":true}]}}