{"id":11649,"date":"2023-12-23T09:21:30","date_gmt":"2023-12-23T09:21:30","guid":{"rendered":"https:\/\/meditaeneuskadi.org\/?post_type=product&#038;p=11649"},"modified":"2026-01-29T21:03:25","modified_gmt":"2026-01-29T21:03:25","slug":"medita-en-ondarroa","status":"publish","type":"product","link":"https:\/\/meditaeneuskadi.org\/eu\/product\/medita-en-ondarroa\/","title":{"rendered":"Meditazioa Ondarroan \/ Medita en Ondarroa"},"content":{"rendered":"<h4><span style=\"color: #333333;\"><b><span style=\"color: #800000;\">Bigarren zikloa:<\/span> Maitasuna ulertzen \/ <\/b><span style=\"font-weight: 400;\">2\u00ba Ciclo: Comprendiendo el amor<\/span><\/span><\/h4>\n<p><span style=\"font-weight: 400; color: #333333;\">urtarrilak\/enero 21 eta 28 \u00b7 otsailak\/febrero 4 eta 25 \u00b7 martxoak\/marzo 11 eta 25<\/span><\/p>\n<ol>\n<li style=\"font-weight: 400;\" aria-level=\"1\"><span style=\"font-weight: 400; color: #333333;\">Estresik gabeko harremanak \/ Relaciones sin estr\u00e9s<\/span><\/li>\n<li style=\"font-weight: 400;\" aria-level=\"1\"><span style=\"font-weight: 400; color: #333333;\">Haserre gutxiago, maitasun gehiago \/ Menos irritaci\u00f3n, m\u00e1s afecto<\/span><\/li>\n<li style=\"font-weight: 400;\" aria-level=\"1\"><span style=\"font-weight: 400; color: #333333;\">Zintzotasunaren sendagaia \/ La medicina de la honestidad<\/span><\/li>\n<li style=\"font-weight: 400;\" aria-level=\"1\"><span style=\"font-weight: 400; color: #333333;\">Besteak diren bezala maitatzen \/ Amar a las personas por lo que son<\/span><\/li>\n<li style=\"font-weight: 400;\" aria-level=\"1\"><span style=\"font-weight: 400; color: #333333;\">Zergatik uzten dugun maitatzeari \/ Por qu\u00e9 dejamos de amar<\/span><\/li>\n<li style=\"font-weight: 400;\" aria-level=\"1\"><span style=\"font-weight: 400; color: #333333;\">Lasai eta argi maitasunean \/ Serenidad y claridad en el amor<\/span><\/li>\n<\/ol>\n<h4><span style=\"color: #333333;\"><b><span style=\"color: #993300;\">Hirugarren zikloa:<\/span> Bizitza eraldatzen duten meditazioak \/ <\/b><span style=\"font-weight: 400;\">3er ciclo: Meditaciones que transforman la vida \u2022 <\/span><\/span><span style=\"font-weight: 400; color: #333333;\">apirilak\/abril 15 eta 29 \u00b7 maiatzak\/mayo 6 eta 20<\/span><\/h4>\n<ol>\n<li style=\"font-weight: 400;\" aria-level=\"1\"><span style=\"font-weight: 400; color: #333333;\">Zoriontsu izateko determinazioa \/ Determinaci\u00f3n de ser feliz<\/span><\/li>\n<li style=\"font-weight: 400;\" aria-level=\"1\"><span style=\"font-weight: 400; color: #333333;\">Lortu barruko bake iraunkorra \/ Consigue la paz interior estable<\/span><\/li>\n<li style=\"font-weight: 400;\" aria-level=\"1\"><span style=\"font-weight: 400; color: #333333;\">Desegin zailtasunak gupidaren boterearekin \/ Disuelve las dificultades con la compasi\u00f3n<\/span><\/li>\n<li style=\"font-weight: 400;\" aria-level=\"1\"><span style=\"font-weight: 400; color: #333333;\">Jakituria, gure arazoen konponbidea \/ Sabidur\u00eda, la soluci\u00f3n a nuestros problemas<\/span><\/li>\n<\/ol>\n<blockquote>\n<h4><span style=\"color: #333333;\"><em>\u00abBarruko bakerik gabe, kanpoko bakea ezinezkoa da\u00bb <\/em><em>Gueshe Kelsang Gyatsoren \u00abC\u00f3mo transformar tu vida\u00bb liburutik<\/em><\/span><\/h4>\n<\/blockquote>\n<h4><span style=\"color: #333333;\">Sobre las clases<\/span><\/h4>\n<p><span style=\"color: #333333;\"><img decoding=\"async\" class=\"wp-image-14750 alignleft\" src=\"https:\/\/meditaeneuskadi.org\/wp-content\/uploads\/2023\/11\/captura_de_pantalla_2024-03-09_161139_1-150x150.png\" alt=\"\" width=\"200\" height=\"200\" srcset=\"https:\/\/meditaeneuskadi.org\/wp-content\/uploads\/2023\/11\/captura_de_pantalla_2024-03-09_161139_1-150x150.png 150w, https:\/\/meditaeneuskadi.org\/wp-content\/uploads\/2023\/11\/captura_de_pantalla_2024-03-09_161139_1-300x300.png 300w, https:\/\/meditaeneuskadi.org\/wp-content\/uploads\/2023\/11\/captura_de_pantalla_2024-03-09_161139_1-12x12.png 12w, https:\/\/meditaeneuskadi.org\/wp-content\/uploads\/2023\/11\/captura_de_pantalla_2024-03-09_161139_1-200x200.png 200w, https:\/\/meditaeneuskadi.org\/wp-content\/uploads\/2023\/11\/captura_de_pantalla_2024-03-09_161139_1.png 700w\" sizes=\"(max-width: 200px) 100vw, 200px\" \/>Queremos ser felices todo el tiempo, incluso mientras dormimos. \u00bfC\u00f3mo podemos hacer esto? Podemos hacer esto mediante el adiestramiento en meditaci\u00f3n, que hace que nuestra mente est\u00e9 en paz. Cuando nuestra mente est\u00e1 en paz, estamos felices todo el tiempo, independientemente de nuestras circunstancias externas.<\/span><\/p>\n<p><span style=\"color: #333333;\">Disfrutar\u00e1s de meditaciones sencillas pero profundas que cualquier persona puede practicar, ayud\u00e1ndote a experimentar paz interior, claridad mental y aumentando tu amor y compasi\u00f3n por los dem\u00e1s.<\/span><\/p>\n<ul>\n<li aria-level=\"1\"><span style=\"color: #333333;\">Cada clase comienza con una breve meditaci\u00f3n preliminar como preparaci\u00f3n para pacificar la mente de distracciones, luego se da la explicaci\u00f3n del tema del d\u00eda, y despu\u00e9s se interioriza por medio de dos meditaciones.<\/span><\/li>\n<li aria-level=\"1\"><span style=\"color: #333333;\">Estas clases son perfectas para aquellos que desean construir las bases de una pr\u00e1ctica de meditaci\u00f3n exitosa.<\/span><\/li>\n<li aria-level=\"1\"><span style=\"color: #333333;\">No se requiere experiencia previa.<\/span><\/li>\n<li aria-level=\"1\"><span style=\"color: #333333;\">Todas las partes de las clase son guiadas por la maestra.<\/span><\/li>\n<li aria-level=\"1\"><span style=\"color: #333333;\">Puedes asistir cuando lo desees.<\/span><\/li>\n<li aria-level=\"1\"><span style=\"color: #333333;\">Incluye un refrigerio hacia el final de cada clase y un espacio para preguntas.<\/span><\/li>\n<\/ul>\n<p><span style=\"color: #333333;\">Ongi etorri denoi!<\/span><\/p>\n<div>\n<h4><span style=\"color: #333333;\">El formato<\/span><\/h4>\n<\/div>\n<p><span style=\"color: #333333;\">En persona. En Euskera.<\/span><\/p>\n<h4><span style=\"color: #333333;\">La maestra<\/span><\/h4>\n<p><span style=\"color: #333333;\"><img decoding=\"async\" class=\"alignnone wp-image-11545 size-thumbnail\" src=\"https:\/\/meditaeneuskadi.org\/wp-content\/uploads\/2023\/12\/amaia-150x150.png\" alt=\"\" width=\"150\" height=\"150\" srcset=\"https:\/\/meditaeneuskadi.org\/wp-content\/uploads\/2023\/12\/amaia-150x150.png 150w, https:\/\/meditaeneuskadi.org\/wp-content\/uploads\/2023\/12\/amaia-12x12.png 12w, https:\/\/meditaeneuskadi.org\/wp-content\/uploads\/2023\/12\/amaia-200x200.png 200w\" sizes=\"(max-width: 150px) 100vw, 150px\" \/><\/span><\/p>\n<p><span style=\"color: #333333;\">Amaia Zelaia, maestra kadampa.<\/span><\/p>\n<h4><span style=\"color: #333333;\">\u00bfCu\u00e1ndo son las clases?<\/span><\/h4>\n<p><span style=\"color: #333333;\">Mi\u00e9rcoles, 18:00 &#8211; 19:15h\u00a0<\/span><\/p>\n<h4><span style=\"color: #333333;\"><strong>Precios<\/strong><\/span><\/h4>\n<p><span style=\"color: #333333;\">Clase suelta: 10\u20ac<\/span><\/p>\n<p><span style=\"color: #333333;\">Curso completo: 160\u20ac<\/span><\/p>\n<p>Ciclo 1: 65\u20ac<\/p>\n<p>Ciclo 2: 57\u20ac<\/p>\n<p>Ciclo 3: 28\u20ac<\/p>\n<p><span style=\"color: #333333;\"><strong>\u00bfD\u00f3nde?<\/strong><\/span><\/p>\n<p><span style=\"color: #333333;\">Zaldupe eskola, Zaldubide Kalea, 15, 48700 Ondarroa, Bizkaia<\/span><\/p>\n<h4><span style=\"color: #333333;\">\u00bfSon las clases para m\u00ed?<\/span><\/h4>\n<p><span style=\"color: #333333;\">Adecuadas para todos, independientemente de cualquier experiencia de meditaci\u00f3n.<\/span><\/p>","protected":false},"excerpt":{"rendered":"<p><strong><span style=\"color: #333333;\">\u00abMaitasuna ulertzen \/ Comprendiendo el amor\u00bb \u00b7 <\/span><\/strong><span style=\"color: #000000;\"><span style=\"color: #333333;\"><span class=\"a_GcMg font-feature-liga-off font-feature-clig-off font-feature-calt-off text-decoration-none text-strikethrough-none\">Asteazkenetan \/ Mi\u00e9rcoles, 18:00 &#8211; 19:15h<\/span><\/span><\/span><\/p>","protected":false},"featured_media":13493,"comment_status":"open","ping_status":"closed","template":"","meta":{"_EventAllDay":false,"_EventTimezone":"","_EventStartDate":"","_EventEndDate":"","_EventStartDateUTC":"","_EventEndDateUTC":"","_EventShowMap":false,"_EventShowMapLink":false,"_EventURL":"","_EventCost":"","_EventCostDescription":"","_EventCurrencySymbol":"","_EventCurrencyCode":"","_EventCurrencyPosition":"","_EventDateTimeSeparator":"","_EventTimeRangeSeparator":"","_EventOrganizerID":[],"_EventVenueID":[],"_OrganizerEmail":"","_OrganizerPhone":"","_OrganizerWebsite":"","_VenueAddress":"","_VenueCity":"","_VenueCountry":"","_VenueProvince":"","_VenueState":"","_VenueZip":"","_VenuePhone":"","_VenueURL":"","_VenueStateProvince":"","_VenueLat":"","_VenueLng":"","_VenueShowMap":false,"_VenueShowMapLink":false},"product_brand":[],"product_cat":[15,104],"product_tag":[100],"class_list":{"0":"post-11649","1":"product","2":"type-product","3":"status-publish","4":"has-post-thumbnail","6":"product_cat-medita-en-euskadi","7":"product_cat-clases-ramas","8":"product_tag-donosti","9":"description-off","11":"first","12":"instock","13":"shipping-taxable","14":"purchasable","15":"product-type-variable"},"jetpack_sharing_enabled":true,"_links":{"self":[{"href":"https:\/\/meditaeneuskadi.org\/eu\/wp-json\/wp\/v2\/product\/11649","targetHints":{"allow":["GET"]}}],"collection":[{"href":"https:\/\/meditaeneuskadi.org\/eu\/wp-json\/wp\/v2\/product"}],"about":[{"href":"https:\/\/meditaeneuskadi.org\/eu\/wp-json\/wp\/v2\/types\/product"}],"replies":[{"embeddable":true,"href":"https:\/\/meditaeneuskadi.org\/eu\/wp-json\/wp\/v2\/comments?post=11649"}],"wp:featuredmedia":[{"embeddable":true,"href":"https:\/\/meditaeneuskadi.org\/eu\/wp-json\/wp\/v2\/media\/13493"}],"wp:attachment":[{"href":"https:\/\/meditaeneuskadi.org\/eu\/wp-json\/wp\/v2\/media?parent=11649"}],"wp:term":[{"taxonomy":"product_brand","embeddable":true,"href":"https:\/\/meditaeneuskadi.org\/eu\/wp-json\/wp\/v2\/product_brand?post=11649"},{"taxonomy":"product_cat","embeddable":true,"href":"https:\/\/meditaeneuskadi.org\/eu\/wp-json\/wp\/v2\/product_cat?post=11649"},{"taxonomy":"product_tag","embeddable":true,"href":"https:\/\/meditaeneuskadi.org\/eu\/wp-json\/wp\/v2\/product_tag?post=11649"}],"curies":[{"name":"wp","href":"https:\/\/api.w.org\/{rel}","templated":true}]}}