{"id":11850,"date":"2023-12-24T10:20:38","date_gmt":"2023-12-24T10:20:38","guid":{"rendered":"https:\/\/meditaeneuskadi.org\/?post_type=product&#038;p=11850"},"modified":"2026-02-20T08:59:59","modified_gmt":"2026-02-20T08:59:59","slug":"festival-budismo-kadampa-2026","status":"publish","type":"product","link":"https:\/\/meditaeneuskadi.org\/eu\/product\/festival-budismo-kadampa-2026\/","title":{"rendered":"Festival Nacional de Espa\u00f1a 2026 (abril)"},"content":{"rendered":"<div class=\"elementor-element elementor-element-67dc215 elementor-widget elementor-widget-heading\" data-id=\"67dc215\" data-element_type=\"widget\" data-widget_type=\"heading.default\">\n<div class=\"elementor-widget-container\">\n<h4 class=\"elementor-heading-title elementor-size-default\">25\u00ba Festival de Espa\u00f1a 2026<\/h4>\n<\/div>\n<\/div>\n<div class=\"elementor-element elementor-element-6b65860 elementor-widget elementor-widget-heading\" data-id=\"6b65860\" data-element_type=\"widget\" data-widget_type=\"heading.default\">\n<div class=\"elementor-widget-container\">\n<h3 class=\"elementor-heading-title elementor-size-default\">Luz compasiva<\/h3>\n<\/div>\n<\/div>\n<div class=\"elementor-element elementor-element-581328e elementor-widget elementor-widget-heading\" data-id=\"581328e\" data-element_type=\"widget\" data-widget_type=\"heading.default\">\n<div class=\"elementor-widget-container\">\n<h4 class=\"elementor-heading-title elementor-size-default\">Del 1 al 5 de Abril<\/h4>\n<\/div>\n<\/div>\n<div class=\"elementor-element elementor-element-e97218a elementor-author-box--image-valign-top elementor-widget elementor-widget-author-box\" data-id=\"e97218a\" data-element_type=\"widget\" data-widget_type=\"author-box.default\">\n<div class=\"elementor-widget-container\">\n<div class=\"elementor-author-box\">\n<div class=\"elementor-author-box__avatar\"><img decoding=\"async\" class=\"alignleft\" src=\"https:\/\/www.meditaenmalaga.org\/wp-content\/uploads\/2026\/01\/gl-jampa-300x300.png.webp\" alt=\"Imagen de Con guenla Kelsang Jampa\" width=\"141\" height=\"141\" \/><\/div>\n<div class=\"elementor-author-box__text\">\n<div>\n<h4 class=\"elementor-author-box__name\">Con guenla Kelsang Jampa<\/h4>\n<\/div>\n<div class=\"elementor-author-box__bio\">\n<p>Subdirector espiritual de la NKT-IKBU, director espiritual nacional de Canad\u00e1 y maestro residente en KMC Los \u00c1ngeles.<\/p>\n<p><i>Guenla Jampa\u00a0<\/i>estudi\u00f3 con el venerable\u00a0<i>Gueshe Kelsang Gyatso Rimpoch\u00e9<\/i> y ense\u00f1\u00f3 internacionalmente durante muchos a\u00f1os. Es muy admirado por su c\u00e1lida personalidad y sus ense\u00f1anzas claras e inspiradoras.<\/p>\n<\/div>\n<\/div>\n<\/div>\n<div class=\"elementor-element elementor-element-7d55171 elementor-widget elementor-widget-heading\" data-id=\"7d55171\" data-element_type=\"widget\" data-widget_type=\"heading.default\">\n<div class=\"elementor-widget-container\">\n<h3 class=\"elementor-heading-title elementor-size-default\">Iniciaci\u00f3n de Avalokiteshvara de cuatro brazos<\/h3>\n<\/div>\n<\/div>\n<section class=\"elementor-section elementor-inner-section elementor-element elementor-element-2365d262 elementor-section-boxed elementor-section-height-default elementor-section-height-default\" data-id=\"2365d262\" data-element_type=\"section\">\n<div class=\"elementor-container elementor-column-gap-default\">\n<div class=\"elementor-column elementor-col-100 elementor-inner-column elementor-element elementor-element-428ec49b\" data-id=\"428ec49b\" data-element_type=\"column\">\n<div class=\"elementor-widget-wrap elementor-element-populated\">\n<div class=\"elementor-element elementor-element-93916d0 elementor-widget elementor-widget-text-editor\" data-id=\"93916d0\" data-element_type=\"widget\" data-widget_type=\"text-editor.default\">\n<div class=\"elementor-widget-container\">\n<p><em>Guenla Kelsang Jamp<\/em>a, maestro profundamente respetado por su claridad e inspiraci\u00f3n, otorgar\u00e1 la<br \/>\niniciaci\u00f3n de\u00a0<em>Buda Avalokiteshvara<\/em>, y nos conectar\u00e1 con la mente iluminada de la compasi\u00f3n.<\/p>\n<p>Desde 2006, los festivales nacionales y las celebraciones del Dharma en Espa\u00f1a tienen lugar en un entorno \u00fanico: el KMC Espa\u00f1a, hogar del Templo Budista Kadampa m\u00e1s grande de Europa.<\/p>\n<p>Rodeado de monta\u00f1as, aire puro y silencio, este lugar ofrece condiciones ideales para vivir una experiencia transformadora y descubrir la felicidad pura.<\/p>\n<p>Recibir estas bendiciones fortalece nuestro buen coraz\u00f3n, inspira con\ufb01anza y despierta nuestro potencial interior. Buda Avalokiteshvara es la manifestaci\u00f3n de la compasi\u00f3n de todos los Budas.<\/p>\n<p>Al realizar su pr\u00e1ctica, aprendemos a cultivar una mirada m\u00e1s amable hacia nosotros mismos y hacia los dem\u00e1s.<\/p>\n<p>Un encuentro para recibir inspiraci\u00f3n, abrir el coraz\u00f3n y compartir experiencias con una gran comunidad espiritual.<\/p>\n<p><strong>\u00a1Todos son bienvenidos!<\/strong><\/p>\n<\/div>\n<h4><b>\u00bfD\u00f3nde?<\/b><\/h4>\n<p>KMC Espa\u00f1a \u00b7 Camino Fuente del Perro, 50, Alhaur\u00edn el Grande<\/p>\n<h4>Reservas<\/h4>\n<blockquote class=\"wp-embedded-content\" data-secret=\"9t12it4sSS\"><p><a href=\"https:\/\/www.meditaenmalaga.org\/festivalespana2026\/\">Festival de Espa\u00f1a 2026<\/a><\/p><\/blockquote>\n<p><iframe class=\"wp-embedded-content\" sandbox=\"allow-scripts\" security=\"restricted\" style=\"position: absolute; visibility: hidden;\" title=\"\u00abFestival de Espa\u00f1a 2026\u00bb \u2014 Centro de meditaci\u00f3n de budismo kadampa Espa\u00f1a\" src=\"https:\/\/www.meditaenmalaga.org\/festivalespana2026\/embed\/#?secret=z8dO3ngrzl#?secret=9t12it4sSS\" data-secret=\"9t12it4sSS\" width=\"600\" height=\"338\" frameborder=\"0\" marginwidth=\"0\" marginheight=\"0\" scrolling=\"no\"><\/iframe><\/p>\n<\/div>\n<\/div>\n<\/div>\n<\/div>\n<\/section>\n<\/div>\n<\/div>","protected":false},"excerpt":{"rendered":"<div data-id=\"1816608c\" data-element_type=\"widget\" data-widget_type=\"text-editor.default\">\n<div data-id=\"2a1b9dd4\" data-element_type=\"widget\" data-widget_type=\"text-editor.default\">\n<div>\n<div>\n<p><span style=\"color: #333333;\"><strong>Presencial y online<\/strong> \u00b7 Del 1 al 5 abril en el KMC Espa\u00f1a &#8211; Templo Kadampa para la paz en el mundo en M\u00e1laga<\/span><\/p>\n<\/div>\n<\/div>\n<\/div>\n<\/div>","protected":false},"featured_media":18090,"comment_status":"closed","ping_status":"closed","template":"","meta":{"_EventAllDay":false,"_EventTimezone":"","_EventStartDate":"","_EventEndDate":"","_EventStartDateUTC":"","_EventEndDateUTC":"","_EventShowMap":false,"_EventShowMapLink":false,"_EventURL":"","_EventCost":"","_EventCostDescription":"","_EventCurrencySymbol":"","_EventCurrencyCode":"","_EventCurrencyPosition":"","_EventDateTimeSeparator":"","_EventTimeRangeSeparator":"","_EventOrganizerID":[],"_EventVenueID":[],"_OrganizerEmail":"","_OrganizerPhone":"","_OrganizerWebsite":"","_VenueAddress":"","_VenueCity":"","_VenueCountry":"","_VenueProvince":"","_VenueState":"","_VenueZip":"","_VenuePhone":"","_VenueURL":"","_VenueStateProvince":"","_VenueLat":"","_VenueLng":"","_VenueShowMap":false,"_VenueShowMapLink":false},"product_brand":[],"product_cat":[15,106],"product_tag":[101],"class_list":{"0":"post-11850","1":"product","2":"type-product","3":"status-publish","4":"has-post-thumbnail","6":"product_cat-medita-en-euskadi","7":"product_cat-evento-especial","8":"product_tag-bilbao","9":"description-off","11":"first","12":"instock","13":"shipping-taxable","14":"product-type-external"},"jetpack_sharing_enabled":true,"_links":{"self":[{"href":"https:\/\/meditaeneuskadi.org\/eu\/wp-json\/wp\/v2\/product\/11850","targetHints":{"allow":["GET"]}}],"collection":[{"href":"https:\/\/meditaeneuskadi.org\/eu\/wp-json\/wp\/v2\/product"}],"about":[{"href":"https:\/\/meditaeneuskadi.org\/eu\/wp-json\/wp\/v2\/types\/product"}],"replies":[{"embeddable":true,"href":"https:\/\/meditaeneuskadi.org\/eu\/wp-json\/wp\/v2\/comments?post=11850"}],"wp:featuredmedia":[{"embeddable":true,"href":"https:\/\/meditaeneuskadi.org\/eu\/wp-json\/wp\/v2\/media\/18090"}],"wp:attachment":[{"href":"https:\/\/meditaeneuskadi.org\/eu\/wp-json\/wp\/v2\/media?parent=11850"}],"wp:term":[{"taxonomy":"product_brand","embeddable":true,"href":"https:\/\/meditaeneuskadi.org\/eu\/wp-json\/wp\/v2\/product_brand?post=11850"},{"taxonomy":"product_cat","embeddable":true,"href":"https:\/\/meditaeneuskadi.org\/eu\/wp-json\/wp\/v2\/product_cat?post=11850"},{"taxonomy":"product_tag","embeddable":true,"href":"https:\/\/meditaeneuskadi.org\/eu\/wp-json\/wp\/v2\/product_tag?post=11850"}],"curies":[{"name":"wp","href":"https:\/\/api.w.org\/{rel}","templated":true}]}}