{"id":13433,"date":"2024-03-05T10:47:50","date_gmt":"2024-03-05T10:47:50","guid":{"rendered":"https:\/\/meditaeneuskadi.org\/?post_type=product&#038;p=13433"},"modified":"2026-04-09T11:03:03","modified_gmt":"2026-04-09T11:03:03","slug":"conferencia-meditacion-hondarribia","status":"publish","type":"product","link":"https:\/\/meditaeneuskadi.org\/eu\/product\/conferencia-meditacion-hondarribia\/","title":{"rendered":"Hitzaldi publikoa Hondarribian \/ Charla p\u00fablica en Hondarribia (apirilak\/abril)"},"content":{"rendered":"<h3><span style=\"color: #333333;\"><strong><span class=\"a_GcMg font-feature-liga-off font-feature-clig-off font-feature-calt-off text-decoration-none text-strikethrough-none\">Hitzaldi publikoa<\/span><span class=\"a_GcMg font-feature-liga-off font-feature-clig-off font-feature-calt-off text-decoration-none text-strikethrough-none\"> Hondarribian \/ Charla p\u00fablica en Hondarribia<\/span><\/strong><\/span><\/h3>\n<p><span class=\"a_GcMg font-feature-liga-off font-feature-clig-off font-feature-calt-off text-decoration-none text-strikethrough-none\" style=\"color: #333333;\">Kultur Etxea \/ En la Casa de Cultura \u00b7 Doakoa \/ Gratuita \u00b7 Gazteleraz \/ En castellano <\/span><\/p>\n<h3 class=\"cvGsUA direction-ltr align-start para-style-body\"><span style=\"color: #ff6600;\"><span class=\"a_GcMg font-feature-liga-off font-feature-clig-off font-feature-calt-off text-decoration-none text-strikethrough-none\">Zoriontasuna <\/span><span class=\"a_GcMg font-feature-liga-off font-feature-clig-off font-feature-calt-off text-decoration-none text-strikethrough-none\">aukeratu: <\/span><span class=\"a_GcMg font-feature-liga-off font-feature-clig-off font-feature-calt-off text-decoration-none text-strikethrough-none\">Meditazioaren artea \/ <\/span><span class=\"a_GcMg font-feature-liga-off font-feature-clig-off font-feature-calt-off text-decoration-none text-strikethrough-none\">Elige <\/span><span class=\"a_GcMg font-feature-liga-off font-feature-clig-off font-feature-calt-off text-decoration-none text-strikethrough-none\">felicidad: <\/span><span class=\"a_GcMg font-feature-liga-off font-feature-clig-off font-feature-calt-off text-decoration-none text-strikethrough-none\">El arte de la meditaci\u00f3n<\/span><\/span><\/h3>\n<p><span class=\"a_GcMg font-feature-liga-off font-feature-clig-off font-feature-calt-off text-decoration-none text-strikethrough-none\" style=\"color: #333333;\">Apirilak 11, larunbata \/ S\u00e1b 11 abril 12:00 &#8211; 13:15h<\/span><\/p>\n<div id=\"attachment_18230\" style=\"width: 310px\" class=\"wp-caption alignright\"><img fetchpriority=\"high\" decoding=\"async\" aria-describedby=\"caption-attachment-18230\" class=\"wp-image-18230 size-medium\" src=\"https:\/\/meditaeneuskadi.org\/wp-content\/uploads\/2024\/03\/KULTUR_ETXEA-300x176.jpg\" alt=\"\" width=\"300\" height=\"176\" srcset=\"https:\/\/meditaeneuskadi.org\/wp-content\/uploads\/2024\/03\/KULTUR_ETXEA-300x176.jpg 300w, https:\/\/meditaeneuskadi.org\/wp-content\/uploads\/2024\/03\/KULTUR_ETXEA-18x12.jpg 18w, https:\/\/meditaeneuskadi.org\/wp-content\/uploads\/2024\/03\/KULTUR_ETXEA.jpg 386w\" sizes=\"(max-width: 300px) 100vw, 300px\" \/><p id=\"caption-attachment-18230\" class=\"wp-caption-text\"><span style=\"color: #333333;\">En Kultur Etxea &#8211; Casa de Cultura de Hondarribia<\/span><\/p><\/div>\n<p><span style=\"color: #333333;\"><strong>La maestra kadampa Eva P\u00e9rez, maestra residente del KMC Bilbao, nos explicar\u00e1 c\u00f3mo podemos empezar y mantener una pr\u00e1ctica de meditaci\u00f3n all\u00ed d\u00f3nde estemos. Incluye una meditaci\u00f3n guiada y al final podr\u00e1s consultar dudas con la maestra.\u00a0<\/strong><\/span><\/p>\n<p><span style=\"color: #333333;\">Con el adiestramiento en la meditaci\u00f3n aprendemos a mejorar la calidad de nuestras vidas cultivando la paz interior, felicidad verdadera, el amor, la compasi\u00f3n y la sabidur\u00eda.<\/span><\/p>\n<p><span style=\"color: #333333;\">El budismo tiene una relevancia permanente y universal, y pueden practicarlo personas de cualquier cultura, raza, g\u00e9nero o edad.<\/span><\/p>\n<p><span style=\"color: #333333;\">El budismo kadampa es una tradici\u00f3n pura que durante siglos ha ofrecido las ense\u00f1anzas de Buda y el arte de la meditaci\u00f3n a personas de todo el mundo, y en estos tiempos dif\u00edciles y de incertidumbre en los que vivimos. En sus ense\u00f1anzas el venerable Gueshe Kelsang Gyatso Rimpoch\u00e9 nos ayuda a integrar la meditaci\u00f3n y los consejos pr\u00e1cticos de Buda en nuestra vida cotidiana ajetreada, para que as\u00ed podamos disfrutar de paz mental y dar verdadero significado a nuestra vida.<\/span><\/p>\n<p><span style=\"color: #333333;\"><strong>Ongi etorri denoi! \u00a1Todo el mundo bienvenido!<\/strong><\/span><\/p>\n<h4><span style=\"color: #333333;\">La maestra<\/span><\/h4>\n<p><span style=\"color: #333333;\"><img decoding=\"async\" class=\"alignnone wp-image-11030 size-thumbnail\" src=\"https:\/\/meditaeneuskadi.org\/wp-content\/uploads\/2023\/12\/KMCB_2-150x150.jpg\" alt=\"\" width=\"150\" height=\"150\" srcset=\"https:\/\/meditaeneuskadi.org\/wp-content\/uploads\/2023\/12\/KMCB_2-150x150.jpg 150w, https:\/\/meditaeneuskadi.org\/wp-content\/uploads\/2023\/12\/KMCB_2-300x300.jpg 300w, https:\/\/meditaeneuskadi.org\/wp-content\/uploads\/2023\/12\/KMCB_2-1024x1024.jpg 1024w, https:\/\/meditaeneuskadi.org\/wp-content\/uploads\/2023\/12\/KMCB_2-768x768.jpg 768w, https:\/\/meditaeneuskadi.org\/wp-content\/uploads\/2023\/12\/KMCB_2-1536x1536.jpg 1536w, https:\/\/meditaeneuskadi.org\/wp-content\/uploads\/2023\/12\/KMCB_2-2048x2048.jpg 2048w, https:\/\/meditaeneuskadi.org\/wp-content\/uploads\/2023\/12\/KMCB_2-12x12.jpg 12w, https:\/\/meditaeneuskadi.org\/wp-content\/uploads\/2023\/12\/KMCB_2-1000x1000.jpg 1000w, https:\/\/meditaeneuskadi.org\/wp-content\/uploads\/2023\/12\/KMCB_2-200x200.jpg 200w\" sizes=\"(max-width: 150px) 100vw, 150px\" \/><\/span><\/p>\n<p><span style=\"color: #333333;\"><strong>Eva P\u00e9rez &#8211; Maestra residente del KMC Bilbao.<\/strong><\/span><\/p>\n<p><span class=\"OYPEnA text-decoration-none text-strikethrough-none\" style=\"color: #333333;\">Eva ha estudiado y practicado la meditaci\u00f3n y el Budismo Kadampa bajo la gu\u00eda del Venerable Gueshe Kelsang Gyatso desde el 2006 de manera sincera y entusiasta, lo que hace de ella una maestra cercana y muy pr\u00e1ctica.\u00a0 <a href=\"https:\/\/meditaeneuskadi.org\/eu\/sobre-nosotros\/\">M\u00e1s aqu\u00ed<\/a><\/span><\/p>\n<h4>Material de apoyo<\/h4>\n<p><img decoding=\"async\" class=\"wp-image-13179 alignleft\" src=\"https:\/\/meditaeneuskadi.org\/wp-content\/uploads\/2023\/11\/CTTV.png\" alt=\"\" width=\"228\" height=\"311\" srcset=\"https:\/\/meditaeneuskadi.org\/wp-content\/uploads\/2023\/11\/CTTV.png 387w, https:\/\/meditaeneuskadi.org\/wp-content\/uploads\/2023\/11\/CTTV-220x300.png 220w, https:\/\/meditaeneuskadi.org\/wp-content\/uploads\/2023\/11\/CTTV-9x12.png 9w\" sizes=\"(max-width: 228px) 100vw, 228px\" \/><span style=\"color: #333333;\">\u00ab<em>C\u00f3mo transformar tu vida &#8211; Un camino gozoso\u00bb <\/em>del maestro contempor\u00e1neo de meditaci\u00f3n Gueshe Kelsang Gyatso Rimpoch\u00e9<\/span><\/p>\n<h4><span style=\"color: #333333;\">\u00bfD\u00f3nde?<\/span><\/h4>\n<p><a href=\"https:\/\/maps.app.goo.gl\/SGsNNdWaMTLyjY5h8\">Denda Kalea, 18, 20280 Hondarribia, Gipuzkoa<\/a><\/p>\n<h4><span style=\"color: #333333;\">\u00bfEs adecuada para m\u00ed?<\/span><\/h4>\n<p><span style=\"color: #333333;\">Adecuada para todos, independientemente de cualquier experiencia de meditaci\u00f3n.<\/span><\/p>","protected":false},"excerpt":{"rendered":"<p class=\"cvGsUA direction-ltr align-start para-style-body\"><strong><span style=\"color: #000000;\"><span class=\"a_GcMg font-feature-liga-off font-feature-clig-off font-feature-calt-off text-decoration-none text-strikethrough-none\">Zoriontasuna <\/span><span class=\"a_GcMg font-feature-liga-off font-feature-clig-off font-feature-calt-off text-decoration-none text-strikethrough-none\">aukeratu: <\/span><span class=\"a_GcMg font-feature-liga-off font-feature-clig-off font-feature-calt-off text-decoration-none text-strikethrough-none\">Meditazioaren artea \/ <\/span><span class=\"a_GcMg font-feature-liga-off font-feature-clig-off font-feature-calt-off text-decoration-none text-strikethrough-none\">Elige <\/span><span class=\"a_GcMg font-feature-liga-off font-feature-clig-off font-feature-calt-off text-decoration-none text-strikethrough-none\">felicidad: <\/span><span class=\"a_GcMg font-feature-liga-off font-feature-clig-off font-feature-calt-off text-decoration-none text-strikethrough-none\">El arte de la meditaci\u00f3n <\/span><\/span><\/strong><span style=\"color: #333333;\"><span style=\"color: #000000;\">\u00b7 <span class=\"a_GcMg font-feature-liga-off font-feature-clig-off font-feature-calt-off text-decoration-none text-strikethrough-none\" style=\"color: #333333;\">Apirilak 11, larunbata \/ S\u00e1b 11 abril 12:00 &#8211; 13:15h\u00a0<\/span><\/span><\/span><\/p>\n<p>&nbsp;<\/p>","protected":false},"featured_media":18225,"comment_status":"open","ping_status":"closed","template":"","meta":{"_EventAllDay":false,"_EventTimezone":"","_EventStartDate":"","_EventEndDate":"","_EventStartDateUTC":"","_EventEndDateUTC":"","_EventShowMap":false,"_EventShowMapLink":false,"_EventURL":"","_EventCost":"","_EventCostDescription":"","_EventCurrencySymbol":"","_EventCurrencyCode":"","_EventCurrencyPosition":"","_EventDateTimeSeparator":"","_EventTimeRangeSeparator":"","_EventOrganizerID":[],"_EventVenueID":[],"_OrganizerEmail":"","_OrganizerPhone":"","_OrganizerWebsite":"","_VenueAddress":"","_VenueCity":"","_VenueCountry":"","_VenueProvince":"","_VenueState":"","_VenueZip":"","_VenuePhone":"","_VenueURL":"","_VenueStateProvince":"","_VenueLat":"","_VenueLng":"","_VenueShowMap":false,"_VenueShowMapLink":false},"product_brand":[],"product_cat":[15,105],"product_tag":[101],"class_list":{"0":"post-13433","1":"product","2":"type-product","3":"status-publish","4":"has-post-thumbnail","6":"product_cat-medita-en-euskadi","7":"product_cat-por-la-manana","8":"product_tag-bilbao","9":"description-off","11":"first","12":"instock","13":"sale","14":"shipping-taxable","15":"purchasable","16":"product-type-simple"},"jetpack_sharing_enabled":true,"_links":{"self":[{"href":"https:\/\/meditaeneuskadi.org\/eu\/wp-json\/wp\/v2\/product\/13433","targetHints":{"allow":["GET"]}}],"collection":[{"href":"https:\/\/meditaeneuskadi.org\/eu\/wp-json\/wp\/v2\/product"}],"about":[{"href":"https:\/\/meditaeneuskadi.org\/eu\/wp-json\/wp\/v2\/types\/product"}],"replies":[{"embeddable":true,"href":"https:\/\/meditaeneuskadi.org\/eu\/wp-json\/wp\/v2\/comments?post=13433"}],"wp:featuredmedia":[{"embeddable":true,"href":"https:\/\/meditaeneuskadi.org\/eu\/wp-json\/wp\/v2\/media\/18225"}],"wp:attachment":[{"href":"https:\/\/meditaeneuskadi.org\/eu\/wp-json\/wp\/v2\/media?parent=13433"}],"wp:term":[{"taxonomy":"product_brand","embeddable":true,"href":"https:\/\/meditaeneuskadi.org\/eu\/wp-json\/wp\/v2\/product_brand?post=13433"},{"taxonomy":"product_cat","embeddable":true,"href":"https:\/\/meditaeneuskadi.org\/eu\/wp-json\/wp\/v2\/product_cat?post=13433"},{"taxonomy":"product_tag","embeddable":true,"href":"https:\/\/meditaeneuskadi.org\/eu\/wp-json\/wp\/v2\/product_tag?post=13433"}],"curies":[{"name":"wp","href":"https:\/\/api.w.org\/{rel}","templated":true}]}}