{"id":13568,"date":"2024-03-20T13:36:02","date_gmt":"2024-03-20T13:36:02","guid":{"rendered":"https:\/\/meditaeneuskadi.org\/?post_type=product&#038;p=13568"},"modified":"2025-09-19T17:39:05","modified_gmt":"2025-09-19T17:39:05","slug":"actividad-benefica-meditacion","status":"publish","type":"product","link":"https:\/\/meditaeneuskadi.org\/eu\/product\/actividad-benefica-meditacion\/","title":{"rendered":"Camina y medita en Hondarribia (septiembre)"},"content":{"rendered":"<h3>\u00abCaminata por la paz mundial y meditaci\u00f3n guiada en Hondarribia\u00bb<\/h3>\n<p>Esta es una magn\u00edfica oportunidad para dejar a un lado tus preocupaciones, disfrutar de paz interior y pasar una ma\u00f1ana con los compa\u00f1eros\/as del Centro de Meditaci\u00f3n Kadampa de Euskadi.<\/p>\n<ul>\n<li>Incluye una meditaci\u00f3n de las etapas del camino a la iluminaci\u00f3n guiada por el maestro kadampa.Eneko.<\/li>\n<li>A trav\u00e9s de meditaciones sencillas, podemos aprender a disfrutar de paz en todo momento y dejar que la felicidad que subyace en nuestro interior surja de manera natural. De este modo, cuando las circunstancias que nos rodean no sean favorables, podremos mantener una mente apacible y libre de sufrimiento.<\/li>\n<li>Trae ropa y sobre todo calzado adecuado.<\/li>\n<li>La caminata ser\u00e1 ligera.<\/li>\n<\/ul>\n<p><strong>Cons\u00faltanos si tienes preguntas.<\/strong> (WhatsApp: 623 21 47 53).<\/p>\n<h4><span style=\"color: #333333;\"><strong>\u00bfCu\u00e1ndo<\/strong><strong>?<\/strong><\/span><\/h4>\n<p>S\u00e1bado, 20 de septiembre<\/p>\n<h4 dir=\"auto\"><span style=\"color: #333333;\"><b>El maestro<\/b><\/span><\/h4>\n<div dir=\"auto\">\n<p><img decoding=\"async\" class=\"alignnone wp-image-11546 size-thumbnail\" src=\"https:\/\/meditaeneuskadi.org\/wp-content\/uploads\/2023\/12\/eneko-150x150.png\" alt=\"\" width=\"150\" height=\"150\" srcset=\"https:\/\/meditaeneuskadi.org\/wp-content\/uploads\/2023\/12\/eneko-150x150.png 150w, https:\/\/meditaeneuskadi.org\/wp-content\/uploads\/2023\/12\/eneko-12x12.png 12w, https:\/\/meditaeneuskadi.org\/wp-content\/uploads\/2023\/12\/eneko-200x200.png 200w\" sizes=\"(max-width: 150px) 100vw, 150px\" \/>Eneko Balda, maestro kadampa de nuestra rama de Hondarribia.<\/p>\n<\/div>\n<h4><span style=\"color: #333333;\"><strong>\u00bfD\u00f3nde?<\/strong><\/span><\/h4>\n<div dir=\"auto\"><strong>10:30 &#8211;<\/strong> Punto de encuentro: Parking polideportivo de Hondarribia (Skatepark)<\/div>\n<div dir=\"auto\"><\/div>\n<div dir=\"auto\">Mapa aqu\u00ed: <a href=\"https:\/\/maps.app.goo.gl\/ey5guHETVMDSpxAM8\">https:\/\/maps.app.goo.gl\/ey5guHETVMDSpxAM8<\/a><\/div>\n<div dir=\"auto\"><\/div>\n<div dir=\"auto\"><strong>11:00 &#8211; 14:00 <\/strong>&#8211; Caminata,\u00a0 meditaci\u00f3n y picnic.<\/div>\n<div dir=\"auto\">\n<p>&nbsp;<\/p>\n<\/div>\n<div dir=\"auto\"><\/div>","protected":false},"excerpt":{"rendered":"<div data-id=\"1816608c\" data-element_type=\"widget\" data-widget_type=\"text-editor.default\">\n<p><span style=\"color: #000000;\"><strong>\u00abCaminata, meditaci\u00f3n guiada y picnic\u00bb<\/strong> \u2022 S\u00e1bado, 20 de septiembre\u00a0 <strong>\u00b7 <\/strong>En Hondarribia\u00a0<\/span><\/p>\n<\/div>","protected":false},"featured_media":17069,"comment_status":"open","ping_status":"closed","template":"","meta":{"_EventAllDay":false,"_EventTimezone":"","_EventStartDate":"","_EventEndDate":"","_EventStartDateUTC":"","_EventEndDateUTC":"","_EventShowMap":false,"_EventShowMapLink":false,"_EventURL":"","_EventCost":"","_EventCostDescription":"","_EventCurrencySymbol":"","_EventCurrencyCode":"","_EventCurrencyPosition":"","_EventDateTimeSeparator":"","_EventTimeRangeSeparator":"","_EventOrganizerID":[],"_EventVenueID":[],"_OrganizerEmail":"","_OrganizerPhone":"","_OrganizerWebsite":"","_VenueAddress":"","_VenueCity":"","_VenueCountry":"","_VenueProvince":"","_VenueState":"","_VenueZip":"","_VenuePhone":"","_VenueURL":"","_VenueStateProvince":"","_VenueLat":"","_VenueLng":"","_VenueShowMap":false,"_VenueShowMapLink":false},"product_brand":[],"product_cat":[15],"product_tag":[101],"class_list":{"0":"post-13568","1":"product","2":"type-product","3":"status-publish","4":"has-post-thumbnail","6":"product_cat-medita-en-euskadi","7":"product_tag-bilbao","8":"description-off","10":"first","11":"instock","12":"shipping-taxable","13":"purchasable","14":"product-type-simple"},"jetpack_sharing_enabled":true,"_links":{"self":[{"href":"https:\/\/meditaeneuskadi.org\/eu\/wp-json\/wp\/v2\/product\/13568","targetHints":{"allow":["GET"]}}],"collection":[{"href":"https:\/\/meditaeneuskadi.org\/eu\/wp-json\/wp\/v2\/product"}],"about":[{"href":"https:\/\/meditaeneuskadi.org\/eu\/wp-json\/wp\/v2\/types\/product"}],"replies":[{"embeddable":true,"href":"https:\/\/meditaeneuskadi.org\/eu\/wp-json\/wp\/v2\/comments?post=13568"}],"wp:featuredmedia":[{"embeddable":true,"href":"https:\/\/meditaeneuskadi.org\/eu\/wp-json\/wp\/v2\/media\/17069"}],"wp:attachment":[{"href":"https:\/\/meditaeneuskadi.org\/eu\/wp-json\/wp\/v2\/media?parent=13568"}],"wp:term":[{"taxonomy":"product_brand","embeddable":true,"href":"https:\/\/meditaeneuskadi.org\/eu\/wp-json\/wp\/v2\/product_brand?post=13568"},{"taxonomy":"product_cat","embeddable":true,"href":"https:\/\/meditaeneuskadi.org\/eu\/wp-json\/wp\/v2\/product_cat?post=13568"},{"taxonomy":"product_tag","embeddable":true,"href":"https:\/\/meditaeneuskadi.org\/eu\/wp-json\/wp\/v2\/product_tag?post=13568"}],"curies":[{"name":"wp","href":"https:\/\/api.w.org\/{rel}","templated":true}]}}