{"id":13699,"date":"2024-04-10T09:19:29","date_gmt":"2024-04-10T09:19:29","guid":{"rendered":"https:\/\/meditaeneuskadi.org\/?post_type=product&#038;p=13699"},"modified":"2025-03-10T09:35:33","modified_gmt":"2025-03-10T09:35:33","slug":"donacion-para-ofrendas-de-tsog","status":"publish","type":"product","link":"https:\/\/meditaeneuskadi.org\/eu\/product\/donacion-para-ofrendas-de-tsog\/","title":{"rendered":"Aportaci\u00f3n para ofrendas"},"content":{"rendered":"<p><strong>Las aportaciones para la compra de las ofrendas del tsog son bienvenidas para las puyhas mensuales:<\/strong><\/p>\n<p>\u00abGema que colma todos los deseos con tsog\u00bb (semanal)<\/p>\n<p>\u00abOfrenda al gu\u00eda espiritual\u00bb (OGE) 10 y 25 cada mes<\/p>\n<p>\u00abTambor Melodioso\u00bb o \u00abpuyha del Protector del Dharma\u00bb (28 \u00f3 29 de cada mes).<\/p>\n<p>\u00abLiberaci\u00f3n del dolor &#8211; Alabanza a las 21 Taras\u00bb (d\u00eda 8 del mes)<\/p>\n<p>\u00abPoua &#8211; Oraciones por los recientemente fallecidos\u00bb (mensual y tambi\u00e9n por petici\u00f3n por fallecimientos de familiares o cercanos)<\/p>\n<h4>\u00bfPor qu\u00e9 hacer ofrendas?<\/h4>\n<p>Hacemos ofrendas a los Budas o seres sagrados para acumular una inmensa cantidad de m\u00e9ritos o buena fortuna.<\/p>\n<p>Con esta energ\u00eda podemos colmar todos nuestros deseos virtuosos c\u00f3mo alcanzar realizaciones espirituales y avanzar en nuestro camino a la iluminaci\u00f3n con rapidez para poder beneficiar a todos los seres sintientes.\u00bb<\/p>\n<h4><strong>\u00abDe la generosidad recibiremos riqueza.\u00bb<\/strong><\/h4>\n<p>Maestro Nagaryhuna en su libro \u00abLa preciosa guirnalda de consejos para el rey\u00bb<\/p>\n<h4><strong>\u00bfC\u00f3mo puedo poner ofrendas?<\/strong><\/h4>\n<p>a) Puedes adquirirlas por tu parte y traerlas al centro de meditaci\u00f3n antes de comenzar el evento.<\/p>\n<p>b) Puedes aportar para la colecta a trav\u00e9s de esta p\u00e1gina y los voluntarios se encargar\u00e1n de comprarlas y ponerlas.<\/p>\n<h4><strong>\u00bfQu\u00e9 se puede ofrecer<\/strong><\/h4>\n<p>Frutas, pasteles, chocolates, galletas, bebidas, mieles, mermeladas o cualquier otro alimento que no tenga alcohol ni carne, pollo o pescado.<\/p>\n<p>&nbsp;<\/p>","protected":false},"excerpt":{"rendered":"<p>Donaciones para las ofrendas de las puyhas (Oraciones con ofrendas de tsog)<\/p>","protected":false},"featured_media":13705,"comment_status":"open","ping_status":"closed","template":"","meta":{"_EventAllDay":false,"_EventTimezone":"","_EventStartDate":"","_EventEndDate":"","_EventStartDateUTC":"","_EventEndDateUTC":"","_EventShowMap":false,"_EventShowMapLink":false,"_EventURL":"","_EventCost":"","_EventCostDescription":"","_EventCurrencySymbol":"","_EventCurrencyCode":"","_EventCurrencyPosition":"","_EventDateTimeSeparator":"","_EventTimeRangeSeparator":"","_EventOrganizerID":[],"_EventVenueID":[],"_OrganizerEmail":"","_OrganizerPhone":"","_OrganizerWebsite":"","_VenueAddress":"","_VenueCity":"","_VenueCountry":"","_VenueProvince":"","_VenueState":"","_VenueZip":"","_VenuePhone":"","_VenueURL":"","_VenueStateProvince":"","_VenueLat":"","_VenueLng":"","_VenueShowMap":false,"_VenueShowMapLink":false},"product_brand":[],"product_cat":[106],"product_tag":[],"class_list":{"0":"post-13699","1":"product","2":"type-product","3":"status-publish","4":"has-post-thumbnail","6":"product_cat-evento-especial","7":"description-off","9":"first","10":"instock","11":"shipping-taxable","12":"purchasable","13":"product-type-variable"},"jetpack_sharing_enabled":true,"_links":{"self":[{"href":"https:\/\/meditaeneuskadi.org\/eu\/wp-json\/wp\/v2\/product\/13699","targetHints":{"allow":["GET"]}}],"collection":[{"href":"https:\/\/meditaeneuskadi.org\/eu\/wp-json\/wp\/v2\/product"}],"about":[{"href":"https:\/\/meditaeneuskadi.org\/eu\/wp-json\/wp\/v2\/types\/product"}],"replies":[{"embeddable":true,"href":"https:\/\/meditaeneuskadi.org\/eu\/wp-json\/wp\/v2\/comments?post=13699"}],"wp:featuredmedia":[{"embeddable":true,"href":"https:\/\/meditaeneuskadi.org\/eu\/wp-json\/wp\/v2\/media\/13705"}],"wp:attachment":[{"href":"https:\/\/meditaeneuskadi.org\/eu\/wp-json\/wp\/v2\/media?parent=13699"}],"wp:term":[{"taxonomy":"product_brand","embeddable":true,"href":"https:\/\/meditaeneuskadi.org\/eu\/wp-json\/wp\/v2\/product_brand?post=13699"},{"taxonomy":"product_cat","embeddable":true,"href":"https:\/\/meditaeneuskadi.org\/eu\/wp-json\/wp\/v2\/product_cat?post=13699"},{"taxonomy":"product_tag","embeddable":true,"href":"https:\/\/meditaeneuskadi.org\/eu\/wp-json\/wp\/v2\/product_tag?post=13699"}],"curies":[{"name":"wp","href":"https:\/\/api.w.org\/{rel}","templated":true}]}}