{"id":13833,"date":"2024-04-30T20:26:22","date_gmt":"2024-04-30T20:26:22","guid":{"rendered":"https:\/\/meditaeneuskadi.org\/?post_type=product&#038;p=13833"},"modified":"2026-02-19T09:42:20","modified_gmt":"2026-02-19T09:42:20","slug":"curso-mandalas-retiro","status":"publish","type":"product","link":"https:\/\/meditaeneuskadi.org\/eu\/product\/curso-mandalas-retiro\/","title":{"rendered":"Profundiza: Curso y retiro (febrero)"},"content":{"rendered":"<h3><b>Curso: <span style=\"color: #ff6600;\">\u00abMente pura, mundo puro \u2013 La pr\u00e1ctica de mandalas\u00bb<\/span><\/b><\/h3>\n<div><i>S\u00e1bado 21 de febrero, 10:30-13:15h (presencial y online con TK)<\/i><\/div>\n<div>\n<h3><b>Retiro urbano: <span style=\"color: #ff6600;\">\u00abYoga del guru y ofrecimiento de mandalas\u00bb\u00a0<\/span><\/b><\/h3>\n<p><em>S\u00e1bado 21 (tarde) y Domingo 22 de febrero (ma\u00f1ana)<\/em><\/p>\n<h4>Sobre el evento<\/h4>\n<p><strong>Un evento \u00fanico para abrir el coraz\u00f3n, acumular muy buena fortuna o m\u00e9ritos, y fortalecer nuestra pr\u00e1ctica espiritual en un ambiente de recogimiento y paz.<\/strong><\/p>\n<p>Hacer ofrendas de mandala es la puerta de entrada para acumular una gran cantidad de m\u00e9ritos (o buena fortuna) y alcanzar una Tierra Pura iluminada.<\/p>\n<p>El Retiro combina dos hermosas pr\u00e1cticas: el Guru Yoga y Ofrecimientos del Mandala. A trav\u00e9s de ellas cultivamos paz interior, energ\u00eda positiva y una conexi\u00f3n profunda con una fuente de sabidur\u00eda y compasi\u00f3n.<\/p>\n<p>La ofrenda de mandalas es una forma de adiestrar nuestra mente en la generosidad y sembrar las causas de una felicidad duradera. El Guru Yoga, por su parte, nos ayuda a recibir inspiraci\u00f3n y bendiciones de todos los Budas a trav\u00e9s de nuestro Gu\u00eda Espiritual.<\/p>\n<h4><span style=\"color: #333333;\">Programa<\/span><\/h4>\n<div>\n<p><span style=\"color: #ff6600;\"><strong>Curso: \u00abMente pura, mundo puro \u2013 La pr\u00e1ctica de mandalas\u00bb<\/strong> S\u00e1bado 21 de febrero<\/span><\/p>\n<div>\n<div>10:30-11:45h \u00b7\u00a0Primera parte: ense\u00f1anza y meditaci\u00f3n<\/div>\n<div>12:00-13:15h \u00b7\u00a0Segunda parte: ense\u00f1anza y meditaci\u00f3n<\/div>\n<div><\/div>\n<div><span style=\"color: #ff6600;\"><strong>Retiro urbano para profundizar: \u00abYoga del guru y ofrecimiento de mandalas\u00bb<\/strong> S\u00e1bado 21 de febrero<\/span><\/div>\n<div>15-17h \u00b7\u00a0Sesi\u00f3n 1:\u00a0Comentario a la pr\u00e1ctica y la pr\u00e1ctica en s\u00ed<\/div>\n<div><span style=\"color: #ff6600;\">Domingo 22 de febrero<\/span><\/div>\n<div>9:00-10:30h \u00b7\u00a0Sesi\u00f3n 2<\/div>\n<div>11:00-12:30h \u00b7\u00a0Sesi\u00f3n 3<\/div>\n<div>13:00-14:30h \u00b7 Sesi\u00f3n 4<\/div>\n<\/div>\n<\/div>\n<h4><strong>La Maestra<\/strong><\/h4>\n<\/div>\n<p>Eva P\u00e9rez &#8211; Maestra residente del KMC Bilbao.<\/p>\n<h4><img decoding=\"async\" class=\"wp-image-11030 size-thumbnail alignleft\" src=\"https:\/\/meditaeneuskadi.org\/wp-content\/uploads\/2023\/12\/KMCB_2-150x150.jpg\" alt=\"\" width=\"150\" height=\"150\" srcset=\"https:\/\/meditaeneuskadi.org\/wp-content\/uploads\/2023\/12\/KMCB_2-150x150.jpg 150w, https:\/\/meditaeneuskadi.org\/wp-content\/uploads\/2023\/12\/KMCB_2-300x300.jpg 300w, https:\/\/meditaeneuskadi.org\/wp-content\/uploads\/2023\/12\/KMCB_2-1024x1024.jpg 1024w, https:\/\/meditaeneuskadi.org\/wp-content\/uploads\/2023\/12\/KMCB_2-768x768.jpg 768w, https:\/\/meditaeneuskadi.org\/wp-content\/uploads\/2023\/12\/KMCB_2-1536x1536.jpg 1536w, https:\/\/meditaeneuskadi.org\/wp-content\/uploads\/2023\/12\/KMCB_2-2048x2048.jpg 2048w, https:\/\/meditaeneuskadi.org\/wp-content\/uploads\/2023\/12\/KMCB_2-12x12.jpg 12w, https:\/\/meditaeneuskadi.org\/wp-content\/uploads\/2023\/12\/KMCB_2-1000x1000.jpg 1000w, https:\/\/meditaeneuskadi.org\/wp-content\/uploads\/2023\/12\/KMCB_2-200x200.jpg 200w\" sizes=\"(max-width: 150px) 100vw, 150px\" \/><\/h4>\n<p>Eva ha estudiado y practicado la meditaci\u00f3n y el budismo kadampa bajo la gu\u00eda del Venerable Gueshe Kelsang Gyatso desde el 2006 de manera sincera y entusiasta, lo que hace de ella una maestra cercana y muy pr\u00e1ctica.<\/p>\n<div>\n<div>\n<h4><span style=\"color: #333333;\">El formato<\/span><\/h4>\n<\/div>\n<\/div>\n<p><span style=\"color: #333333;\">Curso: Presencial y online (solo para las TKs de residentes en Euskadi y Cantabria, y \u00e1reas pr\u00f3ximas).<\/span><\/p>\n<p>Retiro: Presencial.<\/p>\n<h4><strong>Material de apoyo\u00a0<\/strong><\/h4>\n<p><strong>Libros y librillo del retiro<\/strong>: \u00ab<em>Nueva gu\u00eda del para\u00edso de las Dakinis<\/em>\u00bb y \u00ab<em>Gran tesoro de<\/em> <em>m\u00e9ritos<\/em>\u00bb de Gueshe Kelsang Gyatso y librillo del retiro \u00ab<em>Ofrenda al gu\u00eda espiritual<\/em>\u00bb .<\/p>\n<p><em>Disponibles en nuestra tienda del KMC Bilbao y en la Editorial Tharpa.\u00a0<\/em><\/p>\n<h4><span style=\"color: #333333;\">Precios<\/span><\/h4>\n<div dir=\"auto\">\n<div dir=\"auto\">\n<div dir=\"auto\">Curso: 20\u20ac<\/div>\n<div dir=\"auto\">Retiro: 30\u20ac<\/div>\n<div dir=\"auto\">Completo: 40\u20ac<\/div>\n<div dir=\"auto\">Sesi\u00f3n suelta 10\u20ac<\/div>\n<\/div>\n<h4 dir=\"auto\"><span style=\"color: #333333;\">\u00bfD\u00f3nde?<\/span><\/h4>\n<\/div>\n<p><span style=\"color: #333333;\"><a href=\"https:\/\/www.google.es\/maps\/place\/KMC+Bilbao+%E2%80%93+Centro+de+Meditaci%C3%B3n+Kadampa\/@43.2559032,-2.9260764,17z\/data=!4m10!1m2!2m1!1sKMC+Bilbao,+Artekale+4+kalea,+28005+Bilbao,+Bizkaia!3m6!1s0xd4e4fcc8beabaa3:0x412b6bdcdec51840!8m2!3d43.2559032!4d-2.9235015!15sCjNLTUMgQmlsYmFvLCBBcnRla2FsZSA0IGthbGVhLCAyODAwNSBCaWxiYW8sIEJpemthaWGSARFtZWRpdGF0aW9uX2NlbnRlcuABAA!16s%2Fg%2F11f15mmq89?entry=ttu\">KMC Bilbao, Artekale, 4<\/a><\/span><\/p>\n<h4><span style=\"color: #333333;\">Descuentos<\/span><\/h4>\n<p><span style=\"color: #333333;\">Taller y retiro incluidos en las tarjetas kadampa (TK).<\/span><\/p>\n<p><span style=\"color: #333333;\">Asiste a todas las clases semanales, obt\u00e9n descuentos en eventos y m\u00e1s. Haz clic aqu\u00ed para obtener m\u00e1s informaci\u00f3n:<\/span> <a href=\"https:\/\/meditaeneuskadi.org\/eu\/tarjetas-kadampa\/\">tarjetas kadampa.<\/a><\/p>","protected":false},"excerpt":{"rendered":"<p><span style=\"color: #333333;\"><strong><span style=\"color: #ff6600;\">Curso<\/span>: \u00abMente pura, mundo puro \u2013 La pr\u00e1ctica de mandalas\u00bb<\/strong>, <\/span><span style=\"color: #333333;\">S\u00e1bado 21 de febrero | <\/span><strong><span style=\"color: #333333;\"><span style=\"color: #ff6600;\">Retiro<\/span> <span style=\"color: #ff6600;\">urbano para profundizar:<\/span> \u00abYoga del guru y ofrecimiento de mandalas\u00bb, <\/span><\/strong><span style=\"color: #333333;\">S\u00e1bado 21 (tarde) y <\/span><span style=\"color: #333333;\">Domingo 22 (ma\u00f1ana) \u2022 En Bilbao<\/span><\/p>","protected":false},"featured_media":13836,"comment_status":"open","ping_status":"closed","template":"","meta":{"_EventAllDay":false,"_EventTimezone":"","_EventStartDate":"","_EventEndDate":"","_EventStartDateUTC":"","_EventEndDateUTC":"","_EventShowMap":false,"_EventShowMapLink":false,"_EventURL":"","_EventCost":"","_EventCostDescription":"","_EventCurrencySymbol":"","_EventCurrencyCode":"","_EventCurrencyPosition":"","_EventDateTimeSeparator":"","_EventTimeRangeSeparator":"","_EventOrganizerID":[],"_EventVenueID":[],"_OrganizerEmail":"","_OrganizerPhone":"","_OrganizerWebsite":"","_VenueAddress":"","_VenueCity":"","_VenueCountry":"","_VenueProvince":"","_VenueState":"","_VenueZip":"","_VenuePhone":"","_VenueURL":"","_VenueStateProvince":"","_VenueLat":"","_VenueLng":"","_VenueShowMap":false,"_VenueShowMapLink":false},"product_brand":[],"product_cat":[107],"product_tag":[101],"class_list":{"0":"post-13833","1":"product","2":"type-product","3":"status-publish","4":"has-post-thumbnail","6":"product_cat-retiro","7":"product_tag-bilbao","8":"description-off","10":"first","11":"instock","12":"shipping-taxable","13":"purchasable","14":"product-type-variable"},"jetpack_sharing_enabled":true,"_links":{"self":[{"href":"https:\/\/meditaeneuskadi.org\/eu\/wp-json\/wp\/v2\/product\/13833","targetHints":{"allow":["GET"]}}],"collection":[{"href":"https:\/\/meditaeneuskadi.org\/eu\/wp-json\/wp\/v2\/product"}],"about":[{"href":"https:\/\/meditaeneuskadi.org\/eu\/wp-json\/wp\/v2\/types\/product"}],"replies":[{"embeddable":true,"href":"https:\/\/meditaeneuskadi.org\/eu\/wp-json\/wp\/v2\/comments?post=13833"}],"wp:featuredmedia":[{"embeddable":true,"href":"https:\/\/meditaeneuskadi.org\/eu\/wp-json\/wp\/v2\/media\/13836"}],"wp:attachment":[{"href":"https:\/\/meditaeneuskadi.org\/eu\/wp-json\/wp\/v2\/media?parent=13833"}],"wp:term":[{"taxonomy":"product_brand","embeddable":true,"href":"https:\/\/meditaeneuskadi.org\/eu\/wp-json\/wp\/v2\/product_brand?post=13833"},{"taxonomy":"product_cat","embeddable":true,"href":"https:\/\/meditaeneuskadi.org\/eu\/wp-json\/wp\/v2\/product_cat?post=13833"},{"taxonomy":"product_tag","embeddable":true,"href":"https:\/\/meditaeneuskadi.org\/eu\/wp-json\/wp\/v2\/product_tag?post=13833"}],"curies":[{"name":"wp","href":"https:\/\/api.w.org\/{rel}","templated":true}]}}