{"id":13960,"date":"2024-05-12T19:27:37","date_gmt":"2024-05-12T19:27:37","guid":{"rendered":"https:\/\/meditaeneuskadi.org\/?post_type=product&#038;p=13960"},"modified":"2026-04-09T08:08:24","modified_gmt":"2026-04-09T08:08:24","slug":"retiro-urbano-especial","status":"publish","type":"product","link":"https:\/\/meditaeneuskadi.org\/eu\/product\/retiro-urbano-especial\/","title":{"rendered":"Retiro especial: \u00abD\u00eda del Giro de la rueda del Dharma\u00bb"},"content":{"rendered":"<h3><b>Celebraci\u00f3n del Giro de la Rueda del Dharma: Ofrenda de fe y mantras<\/b><\/h3>\n<p><span style=\"color: #ff6600;\">ACTIVIDAD GRATUITA<\/span><\/p>\n<p><span style=\"font-weight: 400;\">El 4 de junio, d\u00eda del giro de la rueda del Dharma, celebramos el cumplea\u00f1os de nuestro precioso Gu\u00eda Espiritual, el venerable Gueshe Kelsang Gyatso Rimpoch\u00e9. Para ello haremos un <strong>retiro especial presencial y gratuito abierto a todos<\/strong>. <\/span><\/p>\n<p><span style=\"font-weight: 400;\">** Las clases de meditaci\u00f3n del d\u00eda se mantienen en sus horarios habituales **<\/span><\/p>\n<p><img fetchpriority=\"high\" decoding=\"async\" class=\"alignnone wp-image-14260 size-medium\" src=\"https:\/\/meditaeneuskadi.org\/wp-content\/uploads\/2024\/05\/Screenshot_2024-06-01-22-56-49-62_1c337646f29875672b5a61192b9010f9-300x198.jpg\" alt=\"\" width=\"300\" height=\"198\" srcset=\"https:\/\/meditaeneuskadi.org\/wp-content\/uploads\/2024\/05\/Screenshot_2024-06-01-22-56-49-62_1c337646f29875672b5a61192b9010f9-300x198.jpg 300w, https:\/\/meditaeneuskadi.org\/wp-content\/uploads\/2024\/05\/Screenshot_2024-06-01-22-56-49-62_1c337646f29875672b5a61192b9010f9-1024x676.jpg 1024w, https:\/\/meditaeneuskadi.org\/wp-content\/uploads\/2024\/05\/Screenshot_2024-06-01-22-56-49-62_1c337646f29875672b5a61192b9010f9-768x507.jpg 768w, https:\/\/meditaeneuskadi.org\/wp-content\/uploads\/2024\/05\/Screenshot_2024-06-01-22-56-49-62_1c337646f29875672b5a61192b9010f9-18x12.jpg 18w, https:\/\/meditaeneuskadi.org\/wp-content\/uploads\/2024\/05\/Screenshot_2024-06-01-22-56-49-62_1c337646f29875672b5a61192b9010f9-1000x660.jpg 1000w, https:\/\/meditaeneuskadi.org\/wp-content\/uploads\/2024\/05\/Screenshot_2024-06-01-22-56-49-62_1c337646f29875672b5a61192b9010f9.jpg 1080w\" sizes=\"(max-width: 300px) 100vw, 300px\" \/><\/p>\n<p><span style=\"font-weight: 400;\">Cuarenta y nueve d\u00edas despu\u00e9s de que Buda Shakyamuni mostrara c\u00f3mo alcanzar la iluminaci\u00f3n, recibi\u00f3 peticiones para que ense\u00f1ara. Movido por su compasi\u00f3n imparti\u00f3 su primera ense\u00f1anza en el Parque de los Ciervos. Por ello, muchas veces se representa a la rueda del Dharma con dos ciervos a sus lados.<\/span><\/p>\n<p><span style=\"font-weight: 400;\">El venerable Gueshe Kelsang Gyatso Rimpoch\u00e9, maestro de meditaci\u00f3n completamente realizado y un reconocido maestro de budismo, ha sido el responsable de la difusi\u00f3n a nivel mundial del budismo kadampa.<\/span><\/p>\n<p><span style=\"font-weight: 400;\">Cada d\u00eda recordamos la extraordinaria bondad del venerable Gueshela, nuestro Gu\u00eda Espiritual y fundador de la Nueva Tradici\u00f3n Kadampa, ya que ha sido capaz de acercar al mundo moderno toda la sabidur\u00eda de Buda, y trasmitirnos todas sus ense\u00f1anzas.<\/span><\/p>\n<p><span style=\"font-weight: 400;\">Por eso, en este auspicioso d\u00eda, en los centros Kadampa de todo el mundo, con la mente llena de alegr\u00eda y gratitud, le ofreceremos nuestra fe mediante la oraci\u00f3n especial S\u00faplica al sagrado Gu\u00eda Espiritual venerable Gueshe Kelsang Gyatso de sus fieles disc\u00edpulos y recitando el mantra de su nombre en un retiro especial.<\/span><\/p>\n<p><span style=\"font-weight: 400;\">\u00a1\u00danete a esta celebraci\u00f3n tan especial con la que agradecemos toda su bondad!<\/span><\/p>\n<h4><span style=\"color: #333333;\">Programa<\/span><\/h4>\n<p><span style=\"color: #333333;\">Por confirmarse <\/span><em>\u00a0<\/em><\/p>\n<h4><span style=\"color: #333333;\">El formato<\/span><\/h4>\n<p><span style=\"color: #333333;\">Presencial. Puedes asistir a una o m\u00e1s sesiones. No necesitas reserva previa.\u00a0<\/span><\/p>\n<h4><span style=\"color: #333333;\">La maestra<\/span><\/h4>\n<p><span style=\"color: #333333;\"><img decoding=\"async\" class=\"alignnone wp-image-11030 size-thumbnail\" src=\"https:\/\/meditaeneuskadi.org\/wp-content\/uploads\/2023\/12\/KMCB_2-150x150.jpg\" alt=\"\" width=\"150\" height=\"150\" srcset=\"https:\/\/meditaeneuskadi.org\/wp-content\/uploads\/2023\/12\/KMCB_2-150x150.jpg 150w, https:\/\/meditaeneuskadi.org\/wp-content\/uploads\/2023\/12\/KMCB_2-300x300.jpg 300w, https:\/\/meditaeneuskadi.org\/wp-content\/uploads\/2023\/12\/KMCB_2-1024x1024.jpg 1024w, https:\/\/meditaeneuskadi.org\/wp-content\/uploads\/2023\/12\/KMCB_2-768x768.jpg 768w, https:\/\/meditaeneuskadi.org\/wp-content\/uploads\/2023\/12\/KMCB_2-1536x1536.jpg 1536w, https:\/\/meditaeneuskadi.org\/wp-content\/uploads\/2023\/12\/KMCB_2-2048x2048.jpg 2048w, https:\/\/meditaeneuskadi.org\/wp-content\/uploads\/2023\/12\/KMCB_2-12x12.jpg 12w, https:\/\/meditaeneuskadi.org\/wp-content\/uploads\/2023\/12\/KMCB_2-1000x1000.jpg 1000w, https:\/\/meditaeneuskadi.org\/wp-content\/uploads\/2023\/12\/KMCB_2-200x200.jpg 200w\" sizes=\"(max-width: 150px) 100vw, 150px\" \/><\/span><\/p>\n<p><em><span style=\"color: #333333;\">Eva P\u00e9rez &#8211; Maestra residente del KMC Bilbao.<\/span><\/em><\/p>\n<p><span class=\"OYPEnA text-decoration-none text-strikethrough-none\" style=\"color: #333333;\">Eva ha estudiado y practicado la meditaci\u00f3n y el budismo kadampa bajo la gu\u00eda del Venerable Gueshe Kelsang Gyatso durante m\u00e1s de 17 a\u00f1os de manera sincera y entusiasta, lo que hace de ella una maestra cercana y muy pr\u00e1ctica.<\/span><\/p>\n<h4><span style=\"color: #333333;\">\u00bfCu\u00e1ndo es el taller?<\/span><\/h4>\n<p><span style=\"color: #333333;\">Jueves, 4 de junio.<\/span><\/p>\n<h4><span style=\"color: #333333;\">\u00bfD\u00f3nde?<\/span><\/h4>\n<p><span style=\"color: #333333;\"><a href=\"https:\/\/www.google.es\/maps\/place\/KMC+Bilbao+%E2%80%93+Centro+de+Meditaci%C3%B3n+Kadampa\/@43.2559032,-2.9260764,17z\/data=!4m10!1m2!2m1!1sKMC+Bilbao,+Artekale+4+kalea,+28005+Bilbao,+Bizkaia!3m6!1s0xd4e4fcc8beabaa3:0x412b6bdcdec51840!8m2!3d43.2559032!4d-2.9235015!15sCjNLTUMgQmlsYmFvLCBBcnRla2FsZSA0IGthbGVhLCAyODAwNSBCaWxiYW8sIEJpemthaWGSARFtZWRpdGF0aW9uX2NlbnRlcuABAA!16s%2Fg%2F11f15mmq89?entry=ttu\">KMC Bilbao, Artekale, 4<\/a><\/span><\/p>\n<h4><span style=\"color: #333333;\">\u00bfEs para m\u00ed?<\/span><\/h4>\n<p><span style=\"color: #333333;\">Adecuado para todos, independientemente de cualquier experiencia de meditaci\u00f3n.<\/span><\/p>\n<h4><span style=\"color: #333333;\">Descuentos<\/span><\/h4>\n<p><span style=\"color: #333333;\">Taller incluido en las tarjetas kadampa (TK).<\/span><\/p>\n<p><span style=\"color: #333333;\">Asiste a todas las clases semanales, obt\u00e9n descuentos en eventos y m\u00e1s. Haz clic aqu\u00ed para obtener m\u00e1s informaci\u00f3n:<\/span> <a href=\"https:\/\/meditaeneuskadi.org\/eu\/tarjetas-kadampa\/\">tarjetas kadampa.<\/a><\/p>","protected":false},"excerpt":{"rendered":"<p><span style=\"color: #000000;\"><strong>Retiro especial: \u00abD\u00eda del Giro de la rueda del Dharma\u00bb<\/strong> \u00b7 Jueves 4 de junio \u00b7 En Bilbao<\/span><\/p>","protected":false},"featured_media":14086,"comment_status":"open","ping_status":"closed","template":"","meta":{"_EventAllDay":false,"_EventTimezone":"","_EventStartDate":"","_EventEndDate":"","_EventStartDateUTC":"","_EventEndDateUTC":"","_EventShowMap":false,"_EventShowMapLink":false,"_EventURL":"","_EventCost":"","_EventCostDescription":"","_EventCurrencySymbol":"","_EventCurrencyCode":"","_EventCurrencyPosition":"","_EventDateTimeSeparator":"","_EventTimeRangeSeparator":"","_EventOrganizerID":[],"_EventVenueID":[],"_OrganizerEmail":"","_OrganizerPhone":"","_OrganizerWebsite":"","_VenueAddress":"","_VenueCity":"","_VenueCountry":"","_VenueProvince":"","_VenueState":"","_VenueZip":"","_VenuePhone":"","_VenueURL":"","_VenueStateProvince":"","_VenueLat":"","_VenueLng":"","_VenueShowMap":false,"_VenueShowMapLink":false},"product_brand":[],"product_cat":[15,106,107],"product_tag":[101],"class_list":{"0":"post-13960","1":"product","2":"type-product","3":"status-publish","4":"has-post-thumbnail","6":"product_cat-medita-en-euskadi","7":"product_cat-evento-especial","8":"product_cat-retiro","9":"product_tag-bilbao","10":"description-off","12":"first","13":"instock","14":"shipping-taxable","15":"purchasable","16":"product-type-simple"},"jetpack_sharing_enabled":true,"_links":{"self":[{"href":"https:\/\/meditaeneuskadi.org\/eu\/wp-json\/wp\/v2\/product\/13960","targetHints":{"allow":["GET"]}}],"collection":[{"href":"https:\/\/meditaeneuskadi.org\/eu\/wp-json\/wp\/v2\/product"}],"about":[{"href":"https:\/\/meditaeneuskadi.org\/eu\/wp-json\/wp\/v2\/types\/product"}],"replies":[{"embeddable":true,"href":"https:\/\/meditaeneuskadi.org\/eu\/wp-json\/wp\/v2\/comments?post=13960"}],"wp:featuredmedia":[{"embeddable":true,"href":"https:\/\/meditaeneuskadi.org\/eu\/wp-json\/wp\/v2\/media\/14086"}],"wp:attachment":[{"href":"https:\/\/meditaeneuskadi.org\/eu\/wp-json\/wp\/v2\/media?parent=13960"}],"wp:term":[{"taxonomy":"product_brand","embeddable":true,"href":"https:\/\/meditaeneuskadi.org\/eu\/wp-json\/wp\/v2\/product_brand?post=13960"},{"taxonomy":"product_cat","embeddable":true,"href":"https:\/\/meditaeneuskadi.org\/eu\/wp-json\/wp\/v2\/product_cat?post=13960"},{"taxonomy":"product_tag","embeddable":true,"href":"https:\/\/meditaeneuskadi.org\/eu\/wp-json\/wp\/v2\/product_tag?post=13960"}],"curies":[{"name":"wp","href":"https:\/\/api.w.org\/{rel}","templated":true}]}}