{"id":14292,"date":"2024-06-12T07:03:38","date_gmt":"2024-06-12T07:03:38","guid":{"rendered":"https:\/\/meditaeneuskadi.org\/?post_type=product&#038;p=14292"},"modified":"2024-12-10T21:51:40","modified_gmt":"2024-12-10T21:51:40","slug":"regala-paz-meditacion","status":"publish","type":"product","link":"https:\/\/meditaeneuskadi.org\/eu\/product\/regala-paz-meditacion\/","title":{"rendered":"Regala paz"},"content":{"rendered":"<h4><span style=\"color: #993300;\"><strong>TARJETAS DE REGALO<\/strong><\/span><\/h4>\n<h4><strong>Comparte paz interior, regala Dharma<\/strong><\/h4>\n<p><strong>Nuestras tarjetas de regalo est\u00e1n dise\u00f1adas para que puedas dar paz y descanso a tus seres queridos. \u00a1No hay mayor bondad que el deseo de que todos sean felices!<\/strong><\/p>\n<p>Las clases son impartidas por maestros Kadampas cualificados del KMC Bilbao \u2013 Centro de Meditaci\u00f3n Kadampa.<\/p>\n<p><strong><a href=\"https:\/\/meditaeneuskadi.org\/eu\/shop\/\">CONSULTA EL PROGRAMA AQU\u00cd<\/a><a href=\"https:\/\/meditaeneuskadi.org\/eu\/shop\/\"><img fetchpriority=\"high\" decoding=\"async\" class=\"wp-image-9851 size-medium alignleft\" src=\"https:\/\/meditaeneuskadi.org\/wp-content\/uploads\/2023\/11\/WhatsApp-Image-2023-09-17-at-23.30.46-1-300x207.jpeg\" alt=\"\" width=\"300\" height=\"207\" srcset=\"https:\/\/meditaeneuskadi.org\/wp-content\/uploads\/2023\/11\/WhatsApp-Image-2023-09-17-at-23.30.46-1-300x207.jpeg 300w, https:\/\/meditaeneuskadi.org\/wp-content\/uploads\/2023\/11\/WhatsApp-Image-2023-09-17-at-23.30.46-1-1024x706.jpeg 1024w, https:\/\/meditaeneuskadi.org\/wp-content\/uploads\/2023\/11\/WhatsApp-Image-2023-09-17-at-23.30.46-1-768x530.jpeg 768w, https:\/\/meditaeneuskadi.org\/wp-content\/uploads\/2023\/11\/WhatsApp-Image-2023-09-17-at-23.30.46-1-1536x1059.jpeg 1536w, https:\/\/meditaeneuskadi.org\/wp-content\/uploads\/2023\/11\/WhatsApp-Image-2023-09-17-at-23.30.46-1-1000x689.jpeg 1000w, https:\/\/meditaeneuskadi.org\/wp-content\/uploads\/2023\/11\/WhatsApp-Image-2023-09-17-at-23.30.46-1.jpeg 2048w\" sizes=\"(max-width: 300px) 100vw, 300px\" \/><\/a><\/strong><\/p>\n<p><em><a href=\"https:\/\/kadampa.org\/es\/reference\/que-es-el-dharma\" target=\"_blank\" rel=\"noopener\">Dharma<\/a> es una palabra s\u00e1nscrita que significa \u2018protecci\u00f3n\u2019 y con ella nos referimos a las ense\u00f1anzas de Buda y a las realizaciones que logramos de ellas. <\/em><\/p>\n<p><em>Con la pr\u00e1ctica de las ense\u00f1anzas de Buda y meditando en ellas nos protegemos del sufrimiento. Los problemas que tenemos a diario tienen su origen en la ignorancia y el m\u00e9todo para eliminarla es practicar el Dharma.<\/em><\/p>\n<p><em>El adiestramiento en el Dharma es el m\u00e9todo supremo para mejorar nuestra calidad de vida. Esta no s\u00f3lo depende del progreso material, sino tambi\u00e9n de que cultivemos paz y felicidad en nuestro interior. <\/em><em>Por ejemplo, en el pasado numerosos budistas viv\u00edan en pa\u00edses pobres y, a pesar de ello, gracias a las ense\u00f1anzas de Buda, lograron encontrar una felicidad pura y duradera.<\/em><\/p>\n<p><em>Al integrar las ense\u00f1anzas de Buda en nuestra vida diaria, podremos resolver nuestros problemas internos y disfrutar de verdadera tranquilidad. Sin paz interior, la paz externa es imposible.<\/em><\/p>\n<p><em>Si establecemos primero la paz en nuestro interior por medio del adiestramiento en el camino espiritual, la paz externa se impondr\u00e1 de forma natural; pero si no lo hacemos as\u00ed, nunca habr\u00e1 paz en el mundo por muchas campa\u00f1as que se organicen en su favor. <\/em><em>&#8211; Gueshe Kelsang Gyatso.\u00a0<\/em><\/p>","protected":false},"excerpt":{"rendered":"<p><span style=\"color: #333333;\"><strong>Tarjetas personalizadas de regalo<\/strong><\/span><\/p>","protected":false},"featured_media":15355,"comment_status":"open","ping_status":"closed","template":"","meta":{"_EventAllDay":false,"_EventTimezone":"","_EventStartDate":"","_EventEndDate":"","_EventStartDateUTC":"","_EventEndDateUTC":"","_EventShowMap":false,"_EventShowMapLink":false,"_EventURL":"","_EventCost":"","_EventCostDescription":"","_EventCurrencySymbol":"","_EventCurrencyCode":"","_EventCurrencyPosition":"","_EventDateTimeSeparator":"","_EventTimeRangeSeparator":"","_EventOrganizerID":[],"_EventVenueID":[],"_OrganizerEmail":"","_OrganizerPhone":"","_OrganizerWebsite":"","_VenueAddress":"","_VenueCity":"","_VenueCountry":"","_VenueProvince":"","_VenueState":"","_VenueZip":"","_VenuePhone":"","_VenueURL":"","_VenueStateProvince":"","_VenueLat":"","_VenueLng":"","_VenueShowMap":false,"_VenueShowMapLink":false},"product_brand":[],"product_cat":[15],"product_tag":[101],"class_list":{"0":"post-14292","1":"product","2":"type-product","3":"status-publish","4":"has-post-thumbnail","6":"product_cat-medita-en-euskadi","7":"product_tag-bilbao","8":"description-off","10":"first","11":"instock","12":"shipping-taxable","13":"purchasable","14":"product-type-variable"},"jetpack_sharing_enabled":true,"_links":{"self":[{"href":"https:\/\/meditaeneuskadi.org\/eu\/wp-json\/wp\/v2\/product\/14292","targetHints":{"allow":["GET"]}}],"collection":[{"href":"https:\/\/meditaeneuskadi.org\/eu\/wp-json\/wp\/v2\/product"}],"about":[{"href":"https:\/\/meditaeneuskadi.org\/eu\/wp-json\/wp\/v2\/types\/product"}],"replies":[{"embeddable":true,"href":"https:\/\/meditaeneuskadi.org\/eu\/wp-json\/wp\/v2\/comments?post=14292"}],"wp:featuredmedia":[{"embeddable":true,"href":"https:\/\/meditaeneuskadi.org\/eu\/wp-json\/wp\/v2\/media\/15355"}],"wp:attachment":[{"href":"https:\/\/meditaeneuskadi.org\/eu\/wp-json\/wp\/v2\/media?parent=14292"}],"wp:term":[{"taxonomy":"product_brand","embeddable":true,"href":"https:\/\/meditaeneuskadi.org\/eu\/wp-json\/wp\/v2\/product_brand?post=14292"},{"taxonomy":"product_cat","embeddable":true,"href":"https:\/\/meditaeneuskadi.org\/eu\/wp-json\/wp\/v2\/product_cat?post=14292"},{"taxonomy":"product_tag","embeddable":true,"href":"https:\/\/meditaeneuskadi.org\/eu\/wp-json\/wp\/v2\/product_tag?post=14292"}],"curies":[{"name":"wp","href":"https:\/\/api.w.org\/{rel}","templated":true}]}}