{"id":14359,"date":"2024-06-23T15:50:35","date_gmt":"2024-06-23T15:50:35","guid":{"rendered":"https:\/\/meditaeneuskadi.org\/?post_type=product&#038;p=14359"},"modified":"2026-03-13T08:39:32","modified_gmt":"2026-03-13T08:39:32","slug":"profundiza-introduccion-al-programa-de-estudios-kadampa","status":"publish","type":"product","link":"https:\/\/meditaeneuskadi.org\/eu\/product\/profundiza-introduccion-al-programa-de-estudios-kadampa\/","title":{"rendered":"Profundiza en el budismo y la meditaci\u00f3n"},"content":{"rendered":"<h3><strong>Prueba el programa fundamental de estudios (PF)<\/strong><\/h3>\n<p>El <strong>PF o Programa fundamental de estudio <\/strong>tiene como objetivo que obtengas una comprensi\u00f3n m\u00e1s profunda del significado de las ense\u00f1anzas de Buda, mantener una pr\u00e1ctica de meditaci\u00f3n diaria m\u00e1s enfocada y poderosa, y lograr tu progreso espiritual genuino.<\/p>\n<p><strong>Profundiza en el budismo y la meditaci\u00f3n<\/strong><\/p>\n<p>Si has venido a clases con regularidad y has notado lo beneficioso que es pero todav\u00eda sientes que necesitas profundizar un poco m\u00e1s en tu comprensi\u00f3n y experiencia, apuntarte al PF puede ser el siguiente paso perfecto para ti.<\/p>\n<p><strong>Puedes asistir de manera gratuita a una clase de prueba (cons\u00faltanos).<\/strong><\/p>\n<p><em><strong><img fetchpriority=\"high\" decoding=\"async\" class=\"size-medium wp-image-16804 alignnone\" src=\"https:\/\/meditaeneuskadi.org\/wp-content\/uploads\/2024\/06\/cu_1-1-300x300.png\" alt=\"\" width=\"300\" height=\"300\" srcset=\"https:\/\/meditaeneuskadi.org\/wp-content\/uploads\/2024\/06\/cu_1-1-300x300.png 300w, https:\/\/meditaeneuskadi.org\/wp-content\/uploads\/2024\/06\/cu_1-1-150x150.png 150w, https:\/\/meditaeneuskadi.org\/wp-content\/uploads\/2024\/06\/cu_1-1-12x12.png 12w, https:\/\/meditaeneuskadi.org\/wp-content\/uploads\/2024\/06\/cu_1-1-200x200.png 200w, https:\/\/meditaeneuskadi.org\/wp-content\/uploads\/2024\/06\/cu_1-1.png 700w\" sizes=\"(max-width: 300px) 100vw, 300px\" \/><\/strong><\/em><\/p>\n<p>El PF en el KMC Bilbao se realiza los lunes de 17:30h a 20:15h (con un descanso de 19 a 19:15h). Si vives fuera de Bilbao puedes inscribirte en la modalidad online e intentar asistir al menos una vez al mes (tras hablar con la coordinadora del programa, m\u00e1s detalles en esta Introducci\u00f3n).<\/p>\n<h4><strong>Sesiones<\/strong><\/h4>\n<p>Sesi\u00f3n 1: 17:30-19:00h<\/p>\n<p>Sesi\u00f3n 2: 19:15-20:15h<\/p>\n<h4><strong>Libro del programa<\/strong><\/h4>\n<p><a href=\"https:\/\/tharpa.com\/es\/compasion-universal\">\u00abCompasi\u00f3n universal\u00bb<\/a> de Gueshe Kelsang Gyatso. Parte 2. (9 de febrero- final de junio).<\/p>\n<h4><strong>La maestra<\/strong><\/h4>\n<p><img decoding=\"async\" class=\"wp-image-11030 size-thumbnail alignleft\" src=\"https:\/\/meditaeneuskadi.org\/wp-content\/uploads\/2023\/12\/KMCB_2-150x150.jpg\" alt=\"\" width=\"150\" height=\"150\" srcset=\"https:\/\/meditaeneuskadi.org\/wp-content\/uploads\/2023\/12\/KMCB_2-150x150.jpg 150w, https:\/\/meditaeneuskadi.org\/wp-content\/uploads\/2023\/12\/KMCB_2-300x300.jpg 300w, https:\/\/meditaeneuskadi.org\/wp-content\/uploads\/2023\/12\/KMCB_2-1024x1024.jpg 1024w, https:\/\/meditaeneuskadi.org\/wp-content\/uploads\/2023\/12\/KMCB_2-768x768.jpg 768w, https:\/\/meditaeneuskadi.org\/wp-content\/uploads\/2023\/12\/KMCB_2-1536x1536.jpg 1536w, https:\/\/meditaeneuskadi.org\/wp-content\/uploads\/2023\/12\/KMCB_2-2048x2048.jpg 2048w, https:\/\/meditaeneuskadi.org\/wp-content\/uploads\/2023\/12\/KMCB_2-12x12.jpg 12w, https:\/\/meditaeneuskadi.org\/wp-content\/uploads\/2023\/12\/KMCB_2-1000x1000.jpg 1000w, https:\/\/meditaeneuskadi.org\/wp-content\/uploads\/2023\/12\/KMCB_2-200x200.jpg 200w\" sizes=\"(max-width: 150px) 100vw, 150px\" \/><\/p>\n<p>Eva P\u00e9rez &#8211; Maestra residente del KMC Bilbao.<\/p>\n<p>Eva ha estudiado y practicado la meditaci\u00f3n y el budismo kadampa bajo la gu\u00eda del Venerable Gueshe Kelsang Gyatso durante m\u00e1s de 18 a\u00f1os de manera sincera y entusiasta, lo que hace de ella una maestra cercana y muy pr\u00e1ctica.<\/p>\n<h4><strong>Formato<\/strong><\/h4>\n<p>Presencial y online (si vives en Euskadi y las provincias cercanas y tienes dificultades para venir presencialmente).<\/p>\n<h4><strong>\u00bfD\u00f3nde?<\/strong><\/h4>\n<p>KMC Bilbao, Artekale 4, 48005 Bilbao<\/p>","protected":false},"excerpt":{"rendered":"<p><span style=\"color: #333333;\"><strong>\u00abCompasi\u00f3n Universal &#8211; Inspiraci\u00f3n para tiempos dif\u00edciles\u00bb<\/strong> <strong>\u00b7 <\/strong>Con la maestra residente, Eva P\u00e9rez <strong>\u00b7 <\/strong>Lunes 17:30-20:15 <strong>\u00b7 <\/strong>Desde Bilbao, presencial y online<\/span><\/p>","protected":false},"featured_media":18228,"comment_status":"open","ping_status":"closed","template":"","meta":{"_EventAllDay":false,"_EventTimezone":"","_EventStartDate":"","_EventEndDate":"","_EventStartDateUTC":"","_EventEndDateUTC":"","_EventShowMap":false,"_EventShowMapLink":false,"_EventURL":"","_EventCost":"","_EventCostDescription":"","_EventCurrencySymbol":"","_EventCurrencyCode":"","_EventCurrencyPosition":"","_EventDateTimeSeparator":"","_EventTimeRangeSeparator":"","_EventOrganizerID":[],"_EventVenueID":[],"_OrganizerEmail":"","_OrganizerPhone":"","_OrganizerWebsite":"","_VenueAddress":"","_VenueCity":"","_VenueCountry":"","_VenueProvince":"","_VenueState":"","_VenueZip":"","_VenuePhone":"","_VenueURL":"","_VenueStateProvince":"","_VenueLat":"","_VenueLng":"","_VenueShowMap":false,"_VenueShowMapLink":false},"product_brand":[],"product_cat":[15,111],"product_tag":[],"class_list":{"0":"post-14359","1":"product","2":"type-product","3":"status-publish","4":"has-post-thumbnail","6":"product_cat-medita-en-euskadi","7":"product_cat-por-la-tarde-medita-donosti","8":"description-off","10":"first","11":"instock","12":"shipping-taxable","13":"purchasable","14":"product-type-variable"},"jetpack_sharing_enabled":true,"_links":{"self":[{"href":"https:\/\/meditaeneuskadi.org\/eu\/wp-json\/wp\/v2\/product\/14359","targetHints":{"allow":["GET"]}}],"collection":[{"href":"https:\/\/meditaeneuskadi.org\/eu\/wp-json\/wp\/v2\/product"}],"about":[{"href":"https:\/\/meditaeneuskadi.org\/eu\/wp-json\/wp\/v2\/types\/product"}],"replies":[{"embeddable":true,"href":"https:\/\/meditaeneuskadi.org\/eu\/wp-json\/wp\/v2\/comments?post=14359"}],"wp:featuredmedia":[{"embeddable":true,"href":"https:\/\/meditaeneuskadi.org\/eu\/wp-json\/wp\/v2\/media\/18228"}],"wp:attachment":[{"href":"https:\/\/meditaeneuskadi.org\/eu\/wp-json\/wp\/v2\/media?parent=14359"}],"wp:term":[{"taxonomy":"product_brand","embeddable":true,"href":"https:\/\/meditaeneuskadi.org\/eu\/wp-json\/wp\/v2\/product_brand?post=14359"},{"taxonomy":"product_cat","embeddable":true,"href":"https:\/\/meditaeneuskadi.org\/eu\/wp-json\/wp\/v2\/product_cat?post=14359"},{"taxonomy":"product_tag","embeddable":true,"href":"https:\/\/meditaeneuskadi.org\/eu\/wp-json\/wp\/v2\/product_tag?post=14359"}],"curies":[{"name":"wp","href":"https:\/\/api.w.org\/{rel}","templated":true}]}}