{"id":14538,"date":"2024-08-20T22:06:13","date_gmt":"2024-08-20T22:06:13","guid":{"rendered":"https:\/\/meditaeneuskadi.org\/?post_type=product&#038;p=14538"},"modified":"2024-12-17T16:05:39","modified_gmt":"2024-12-17T16:05:39","slug":"donacion-especial","status":"publish","type":"product","link":"https:\/\/meditaeneuskadi.org\/eu\/product\/donacion-especial\/","title":{"rendered":"Haz una donaci\u00f3n al KMC Bilbao"},"content":{"rendered":"<p>Las donaciones recibidas en el KMC Bilbao no se destinan al pago de salarios. En su lugar, se dirigen directamente a garantizar que el centro siga creciendo mediante el aumento de las clases y la mejora de las instalaciones, lo que nos permite beneficiar a m\u00e1s personas.<\/p>\n<p>Debido a que es parte del Proyecto Internacional de Templos, un fondo dedicado a construir un centro como este en todas las ciudades importantes del mundo, su donaci\u00f3n tambi\u00e9n ayuda a desarrollar nuevos espacios de meditaci\u00f3n.<\/p>\n<p>Esto traer\u00e1 un beneficio directo a las generaciones futuras, permitiendo a las personas aprender a desarrollar una mente pac\u00edfica y llevar una vida feliz, armoniosa y significativa.<\/p>\n<p>\u00a1Gracias por su ayuda!<\/p>\n<p>&nbsp;<\/p>","protected":false},"excerpt":{"rendered":"<p><strong>Haz una donaci\u00f3n \u00b7 \u00a1Ay\u00fadanos a mejorar!<\/strong><\/p>","protected":false},"featured_media":12495,"comment_status":"open","ping_status":"closed","template":"","meta":{"_EventAllDay":false,"_EventTimezone":"","_EventStartDate":"","_EventEndDate":"","_EventStartDateUTC":"","_EventEndDateUTC":"","_EventShowMap":false,"_EventShowMapLink":false,"_EventURL":"","_EventCost":"","_EventCostDescription":"","_EventCurrencySymbol":"","_EventCurrencyCode":"","_EventCurrencyPosition":"","_EventDateTimeSeparator":"","_EventTimeRangeSeparator":"","_EventOrganizerID":[],"_EventVenueID":[],"_OrganizerEmail":"","_OrganizerPhone":"","_OrganizerWebsite":"","_VenueAddress":"","_VenueCity":"","_VenueCountry":"","_VenueProvince":"","_VenueState":"","_VenueZip":"","_VenuePhone":"","_VenueURL":"","_VenueStateProvince":"","_VenueLat":"","_VenueLng":"","_VenueShowMap":false,"_VenueShowMapLink":false},"product_brand":[],"product_cat":[15],"product_tag":[],"class_list":{"0":"post-14538","1":"product","2":"type-product","3":"status-publish","4":"has-post-thumbnail","6":"product_cat-medita-en-euskadi","7":"description-off","9":"first","10":"instock","11":"shipping-taxable","12":"purchasable","13":"product-type-variable"},"jetpack_sharing_enabled":true,"_links":{"self":[{"href":"https:\/\/meditaeneuskadi.org\/eu\/wp-json\/wp\/v2\/product\/14538","targetHints":{"allow":["GET"]}}],"collection":[{"href":"https:\/\/meditaeneuskadi.org\/eu\/wp-json\/wp\/v2\/product"}],"about":[{"href":"https:\/\/meditaeneuskadi.org\/eu\/wp-json\/wp\/v2\/types\/product"}],"replies":[{"embeddable":true,"href":"https:\/\/meditaeneuskadi.org\/eu\/wp-json\/wp\/v2\/comments?post=14538"}],"wp:featuredmedia":[{"embeddable":true,"href":"https:\/\/meditaeneuskadi.org\/eu\/wp-json\/wp\/v2\/media\/12495"}],"wp:attachment":[{"href":"https:\/\/meditaeneuskadi.org\/eu\/wp-json\/wp\/v2\/media?parent=14538"}],"wp:term":[{"taxonomy":"product_brand","embeddable":true,"href":"https:\/\/meditaeneuskadi.org\/eu\/wp-json\/wp\/v2\/product_brand?post=14538"},{"taxonomy":"product_cat","embeddable":true,"href":"https:\/\/meditaeneuskadi.org\/eu\/wp-json\/wp\/v2\/product_cat?post=14538"},{"taxonomy":"product_tag","embeddable":true,"href":"https:\/\/meditaeneuskadi.org\/eu\/wp-json\/wp\/v2\/product_tag?post=14538"}],"curies":[{"name":"wp","href":"https:\/\/api.w.org\/{rel}","templated":true}]}}