{"id":15688,"date":"2025-01-10T13:27:39","date_gmt":"2025-01-10T13:27:39","guid":{"rendered":"https:\/\/meditaeneuskadi.org\/?post_type=product&#038;p=15688"},"modified":"2025-12-11T15:06:59","modified_gmt":"2025-12-11T15:06:59","slug":"como-ayudar","status":"publish","type":"product","link":"https:\/\/meditaeneuskadi.org\/eu\/product\/como-ayudar\/","title":{"rendered":"\u00bfC\u00f3mo ayudar?"},"content":{"rendered":"<h4 style=\"text-align: center;\"><strong><span style=\"color: #333333;\">\u00bfC\u00d3MO PUEDES AYUDAR?<\/span><\/strong><\/h4>\n<h4 style=\"text-align: center;\"><span style=\"color: #ff6600;\"><b>Mediante donaciones (ver debajo) \u00b7 Mediante voluntariado (<\/b>cont\u00e1ctanos<b>)<\/b><\/span><\/h4>\n<p><span style=\"color: #333333;\">Las donaciones recibidas en el KMC Bilbao no se destinan al pago de salarios. En su lugar, se dirigen directamente a garantizar que el Centro siga creciendo mediante el aumento de las clases y la mejora de las instalaciones, lo que nos permite beneficiar a m\u00e1s personas.<\/span><\/p>\n<p><span style=\"color: #333333;\">Como es parte del <strong>Proyecto Internacional de Templos<\/strong>, un fondo dedicado a construir un centro como este en todas las ciudades importantes del mundo, tu donaci\u00f3n tambi\u00e9n ayuda a desarrollar nuevos espacios de meditaci\u00f3n Kadampa en otros lugares.<\/span><\/p>\n<p><span style=\"color: #333333;\">Esto traer\u00e1 un beneficio directo a las generaciones futuras, permitiendo a las personas aprender a desarrollar una mente pac\u00edfica y llevar una vida feliz, armoniosa y significativa.<\/span><\/p>\n<p><span style=\"color: #333333;\">\u00a1Muchas gracias por tu ayuda!<\/span><\/p>\n<h3><span style=\"color: #333333;\"><img fetchpriority=\"high\" decoding=\"async\" class=\"alignnone wp-image-15693 size-medium\" src=\"https:\/\/meditaeneuskadi.org\/wp-content\/uploads\/2025\/01\/Screenshot_2025-01-10-14-22-29-22_a1b1bbe5f63d5b96c1a0f87c197ebfae-300x233.jpg\" alt=\"\" width=\"300\" height=\"233\" srcset=\"https:\/\/meditaeneuskadi.org\/wp-content\/uploads\/2025\/01\/Screenshot_2025-01-10-14-22-29-22_a1b1bbe5f63d5b96c1a0f87c197ebfae-300x233.jpg 300w, https:\/\/meditaeneuskadi.org\/wp-content\/uploads\/2025\/01\/Screenshot_2025-01-10-14-22-29-22_a1b1bbe5f63d5b96c1a0f87c197ebfae-1024x796.jpg 1024w, https:\/\/meditaeneuskadi.org\/wp-content\/uploads\/2025\/01\/Screenshot_2025-01-10-14-22-29-22_a1b1bbe5f63d5b96c1a0f87c197ebfae-768x597.jpg 768w, https:\/\/meditaeneuskadi.org\/wp-content\/uploads\/2025\/01\/Screenshot_2025-01-10-14-22-29-22_a1b1bbe5f63d5b96c1a0f87c197ebfae-15x12.jpg 15w, https:\/\/meditaeneuskadi.org\/wp-content\/uploads\/2025\/01\/Screenshot_2025-01-10-14-22-29-22_a1b1bbe5f63d5b96c1a0f87c197ebfae-1000x778.jpg 1000w, https:\/\/meditaeneuskadi.org\/wp-content\/uploads\/2025\/01\/Screenshot_2025-01-10-14-22-29-22_a1b1bbe5f63d5b96c1a0f87c197ebfae.jpg 1079w\" sizes=\"(max-width: 300px) 100vw, 300px\" \/><\/span><\/h3>\n<h3><span style=\"color: #333333;\"><img decoding=\"async\" class=\"alignnone wp-image-15696 size-medium\" src=\"https:\/\/meditaeneuskadi.org\/wp-content\/uploads\/2025\/01\/Screenshot_2025-01-10-14-20-39-97_a1b1bbe5f63d5b96c1a0f87c197ebfae-300x179.jpg\" alt=\"\" width=\"300\" height=\"179\" srcset=\"https:\/\/meditaeneuskadi.org\/wp-content\/uploads\/2025\/01\/Screenshot_2025-01-10-14-20-39-97_a1b1bbe5f63d5b96c1a0f87c197ebfae-300x179.jpg 300w, https:\/\/meditaeneuskadi.org\/wp-content\/uploads\/2025\/01\/Screenshot_2025-01-10-14-20-39-97_a1b1bbe5f63d5b96c1a0f87c197ebfae-1024x611.jpg 1024w, https:\/\/meditaeneuskadi.org\/wp-content\/uploads\/2025\/01\/Screenshot_2025-01-10-14-20-39-97_a1b1bbe5f63d5b96c1a0f87c197ebfae-768x458.jpg 768w, https:\/\/meditaeneuskadi.org\/wp-content\/uploads\/2025\/01\/Screenshot_2025-01-10-14-20-39-97_a1b1bbe5f63d5b96c1a0f87c197ebfae-18x12.jpg 18w, https:\/\/meditaeneuskadi.org\/wp-content\/uploads\/2025\/01\/Screenshot_2025-01-10-14-20-39-97_a1b1bbe5f63d5b96c1a0f87c197ebfae-1000x597.jpg 1000w, https:\/\/meditaeneuskadi.org\/wp-content\/uploads\/2025\/01\/Screenshot_2025-01-10-14-20-39-97_a1b1bbe5f63d5b96c1a0f87c197ebfae.jpg 1079w\" sizes=\"(max-width: 300px) 100vw, 300px\" \/><\/span><\/h3>\n<h3><span style=\"color: #333333;\"><img decoding=\"async\" class=\"alignnone wp-image-15691 size-medium\" src=\"https:\/\/meditaeneuskadi.org\/wp-content\/uploads\/2025\/01\/Screenshot_2025-01-10-14-23-20-62_a1b1bbe5f63d5b96c1a0f87c197ebfae-289x300.jpg\" alt=\"\" width=\"289\" height=\"300\" srcset=\"https:\/\/meditaeneuskadi.org\/wp-content\/uploads\/2025\/01\/Screenshot_2025-01-10-14-23-20-62_a1b1bbe5f63d5b96c1a0f87c197ebfae-289x300.jpg 289w, https:\/\/meditaeneuskadi.org\/wp-content\/uploads\/2025\/01\/Screenshot_2025-01-10-14-23-20-62_a1b1bbe5f63d5b96c1a0f87c197ebfae-985x1024.jpg 985w, https:\/\/meditaeneuskadi.org\/wp-content\/uploads\/2025\/01\/Screenshot_2025-01-10-14-23-20-62_a1b1bbe5f63d5b96c1a0f87c197ebfae-768x799.jpg 768w, https:\/\/meditaeneuskadi.org\/wp-content\/uploads\/2025\/01\/Screenshot_2025-01-10-14-23-20-62_a1b1bbe5f63d5b96c1a0f87c197ebfae-12x12.jpg 12w, https:\/\/meditaeneuskadi.org\/wp-content\/uploads\/2025\/01\/Screenshot_2025-01-10-14-23-20-62_a1b1bbe5f63d5b96c1a0f87c197ebfae-1000x1040.jpg 1000w, https:\/\/meditaeneuskadi.org\/wp-content\/uploads\/2025\/01\/Screenshot_2025-01-10-14-23-20-62_a1b1bbe5f63d5b96c1a0f87c197ebfae.jpg 1080w\" sizes=\"(max-width: 289px) 100vw, 289px\" \/><\/span><\/h3>\n<h3><span style=\"color: #333333;\"><img loading=\"lazy\" decoding=\"async\" class=\"alignnone wp-image-15695 size-medium\" src=\"https:\/\/meditaeneuskadi.org\/wp-content\/uploads\/2025\/01\/Screenshot_2025-01-10-14-21-06-76_a1b1bbe5f63d5b96c1a0f87c197ebfae-300x186.jpg\" alt=\"\" width=\"300\" height=\"186\" srcset=\"https:\/\/meditaeneuskadi.org\/wp-content\/uploads\/2025\/01\/Screenshot_2025-01-10-14-21-06-76_a1b1bbe5f63d5b96c1a0f87c197ebfae-300x186.jpg 300w, https:\/\/meditaeneuskadi.org\/wp-content\/uploads\/2025\/01\/Screenshot_2025-01-10-14-21-06-76_a1b1bbe5f63d5b96c1a0f87c197ebfae-1024x636.jpg 1024w, https:\/\/meditaeneuskadi.org\/wp-content\/uploads\/2025\/01\/Screenshot_2025-01-10-14-21-06-76_a1b1bbe5f63d5b96c1a0f87c197ebfae-768x477.jpg 768w, https:\/\/meditaeneuskadi.org\/wp-content\/uploads\/2025\/01\/Screenshot_2025-01-10-14-21-06-76_a1b1bbe5f63d5b96c1a0f87c197ebfae-18x12.jpg 18w, https:\/\/meditaeneuskadi.org\/wp-content\/uploads\/2025\/01\/Screenshot_2025-01-10-14-21-06-76_a1b1bbe5f63d5b96c1a0f87c197ebfae-1000x622.jpg 1000w, https:\/\/meditaeneuskadi.org\/wp-content\/uploads\/2025\/01\/Screenshot_2025-01-10-14-21-06-76_a1b1bbe5f63d5b96c1a0f87c197ebfae.jpg 1078w\" sizes=\"(max-width: 300px) 100vw, 300px\" \/><\/span><\/h3>\n<p><span style=\"color: #333333;\"><img loading=\"lazy\" decoding=\"async\" class=\"alignnone wp-image-15694 size-medium\" src=\"https:\/\/meditaeneuskadi.org\/wp-content\/uploads\/2025\/01\/Screenshot_2025-01-10-14-22-15-31_a1b1bbe5f63d5b96c1a0f87c197ebfae-300x264.jpg\" alt=\"\" width=\"300\" height=\"264\" srcset=\"https:\/\/meditaeneuskadi.org\/wp-content\/uploads\/2025\/01\/Screenshot_2025-01-10-14-22-15-31_a1b1bbe5f63d5b96c1a0f87c197ebfae-300x264.jpg 300w, https:\/\/meditaeneuskadi.org\/wp-content\/uploads\/2025\/01\/Screenshot_2025-01-10-14-22-15-31_a1b1bbe5f63d5b96c1a0f87c197ebfae-1024x900.jpg 1024w, https:\/\/meditaeneuskadi.org\/wp-content\/uploads\/2025\/01\/Screenshot_2025-01-10-14-22-15-31_a1b1bbe5f63d5b96c1a0f87c197ebfae-768x675.jpg 768w, https:\/\/meditaeneuskadi.org\/wp-content\/uploads\/2025\/01\/Screenshot_2025-01-10-14-22-15-31_a1b1bbe5f63d5b96c1a0f87c197ebfae-14x12.jpg 14w, https:\/\/meditaeneuskadi.org\/wp-content\/uploads\/2025\/01\/Screenshot_2025-01-10-14-22-15-31_a1b1bbe5f63d5b96c1a0f87c197ebfae-1000x879.jpg 1000w, https:\/\/meditaeneuskadi.org\/wp-content\/uploads\/2025\/01\/Screenshot_2025-01-10-14-22-15-31_a1b1bbe5f63d5b96c1a0f87c197ebfae.jpg 1079w\" sizes=\"(max-width: 300px) 100vw, 300px\" \/><\/span><\/p>\n<p><span style=\"color: #333333;\"><img loading=\"lazy\" decoding=\"async\" class=\"wp-image-15690 size-medium alignnone\" src=\"https:\/\/meditaeneuskadi.org\/wp-content\/uploads\/2025\/01\/Screenshot_2025-01-10-14-24-03-36_a1b1bbe5f63d5b96c1a0f87c197ebfae-300x271.jpg\" alt=\"\" width=\"300\" height=\"271\" srcset=\"https:\/\/meditaeneuskadi.org\/wp-content\/uploads\/2025\/01\/Screenshot_2025-01-10-14-24-03-36_a1b1bbe5f63d5b96c1a0f87c197ebfae-300x271.jpg 300w, https:\/\/meditaeneuskadi.org\/wp-content\/uploads\/2025\/01\/Screenshot_2025-01-10-14-24-03-36_a1b1bbe5f63d5b96c1a0f87c197ebfae-1024x923.jpg 1024w, https:\/\/meditaeneuskadi.org\/wp-content\/uploads\/2025\/01\/Screenshot_2025-01-10-14-24-03-36_a1b1bbe5f63d5b96c1a0f87c197ebfae-768x693.jpg 768w, https:\/\/meditaeneuskadi.org\/wp-content\/uploads\/2025\/01\/Screenshot_2025-01-10-14-24-03-36_a1b1bbe5f63d5b96c1a0f87c197ebfae-13x12.jpg 13w, https:\/\/meditaeneuskadi.org\/wp-content\/uploads\/2025\/01\/Screenshot_2025-01-10-14-24-03-36_a1b1bbe5f63d5b96c1a0f87c197ebfae-1000x902.jpg 1000w, https:\/\/meditaeneuskadi.org\/wp-content\/uploads\/2025\/01\/Screenshot_2025-01-10-14-24-03-36_a1b1bbe5f63d5b96c1a0f87c197ebfae.jpg 1080w\" sizes=\"(max-width: 300px) 100vw, 300px\" \/><\/span><\/p>\n<p><span style=\"color: #333333;\"><img loading=\"lazy\" decoding=\"async\" class=\"alignnone wp-image-15689 size-medium\" src=\"https:\/\/meditaeneuskadi.org\/wp-content\/uploads\/2025\/01\/Screenshot_2025-01-10-14-24-32-70_a1b1bbe5f63d5b96c1a0f87c197ebfae-300x221.jpg\" alt=\"\" width=\"300\" height=\"221\" srcset=\"https:\/\/meditaeneuskadi.org\/wp-content\/uploads\/2025\/01\/Screenshot_2025-01-10-14-24-32-70_a1b1bbe5f63d5b96c1a0f87c197ebfae-300x221.jpg 300w, https:\/\/meditaeneuskadi.org\/wp-content\/uploads\/2025\/01\/Screenshot_2025-01-10-14-24-32-70_a1b1bbe5f63d5b96c1a0f87c197ebfae-1024x754.jpg 1024w, https:\/\/meditaeneuskadi.org\/wp-content\/uploads\/2025\/01\/Screenshot_2025-01-10-14-24-32-70_a1b1bbe5f63d5b96c1a0f87c197ebfae-768x565.jpg 768w, https:\/\/meditaeneuskadi.org\/wp-content\/uploads\/2025\/01\/Screenshot_2025-01-10-14-24-32-70_a1b1bbe5f63d5b96c1a0f87c197ebfae-16x12.jpg 16w, https:\/\/meditaeneuskadi.org\/wp-content\/uploads\/2025\/01\/Screenshot_2025-01-10-14-24-32-70_a1b1bbe5f63d5b96c1a0f87c197ebfae-1000x736.jpg 1000w, https:\/\/meditaeneuskadi.org\/wp-content\/uploads\/2025\/01\/Screenshot_2025-01-10-14-24-32-70_a1b1bbe5f63d5b96c1a0f87c197ebfae.jpg 1079w\" sizes=\"(max-width: 300px) 100vw, 300px\" \/><\/span><\/p>\n<p>&nbsp;<\/p>","protected":false},"excerpt":{"rendered":"<p><span style=\"color: #333333;\">\u00a1Ay\u00fadanos a mejorar el Centro y beneficiar a m\u00e1s personas!<\/span><\/p>","protected":false},"featured_media":13803,"comment_status":"open","ping_status":"closed","template":"","meta":{"_EventAllDay":false,"_EventTimezone":"","_EventStartDate":"","_EventEndDate":"","_EventStartDateUTC":"","_EventEndDateUTC":"","_EventShowMap":false,"_EventShowMapLink":false,"_EventURL":"","_EventCost":"","_EventCostDescription":"","_EventCurrencySymbol":"","_EventCurrencyCode":"","_EventCurrencyPosition":"","_EventDateTimeSeparator":"","_EventTimeRangeSeparator":"","_EventOrganizerID":[],"_EventVenueID":[],"_OrganizerEmail":"","_OrganizerPhone":"","_OrganizerWebsite":"","_VenueAddress":"","_VenueCity":"","_VenueCountry":"","_VenueProvince":"","_VenueState":"","_VenueZip":"","_VenuePhone":"","_VenueURL":"","_VenueStateProvince":"","_VenueLat":"","_VenueLng":"","_VenueShowMap":false,"_VenueShowMapLink":false},"product_brand":[],"product_cat":[15],"product_tag":[101],"class_list":{"0":"post-15688","1":"product","2":"type-product","3":"status-publish","4":"has-post-thumbnail","6":"product_cat-medita-en-euskadi","7":"product_tag-bilbao","8":"description-off","10":"first","11":"instock","12":"shipping-taxable","13":"purchasable","14":"product-type-variable"},"jetpack_sharing_enabled":true,"_links":{"self":[{"href":"https:\/\/meditaeneuskadi.org\/eu\/wp-json\/wp\/v2\/product\/15688","targetHints":{"allow":["GET"]}}],"collection":[{"href":"https:\/\/meditaeneuskadi.org\/eu\/wp-json\/wp\/v2\/product"}],"about":[{"href":"https:\/\/meditaeneuskadi.org\/eu\/wp-json\/wp\/v2\/types\/product"}],"replies":[{"embeddable":true,"href":"https:\/\/meditaeneuskadi.org\/eu\/wp-json\/wp\/v2\/comments?post=15688"}],"wp:featuredmedia":[{"embeddable":true,"href":"https:\/\/meditaeneuskadi.org\/eu\/wp-json\/wp\/v2\/media\/13803"}],"wp:attachment":[{"href":"https:\/\/meditaeneuskadi.org\/eu\/wp-json\/wp\/v2\/media?parent=15688"}],"wp:term":[{"taxonomy":"product_brand","embeddable":true,"href":"https:\/\/meditaeneuskadi.org\/eu\/wp-json\/wp\/v2\/product_brand?post=15688"},{"taxonomy":"product_cat","embeddable":true,"href":"https:\/\/meditaeneuskadi.org\/eu\/wp-json\/wp\/v2\/product_cat?post=15688"},{"taxonomy":"product_tag","embeddable":true,"href":"https:\/\/meditaeneuskadi.org\/eu\/wp-json\/wp\/v2\/product_tag?post=15688"}],"curies":[{"name":"wp","href":"https:\/\/api.w.org\/{rel}","templated":true}]}}