{"id":15794,"date":"2025-01-26T10:37:29","date_gmt":"2025-01-26T10:37:29","guid":{"rendered":"https:\/\/meditaeneuskadi.org\/?post_type=product&#038;p=15794"},"modified":"2026-03-16T21:17:03","modified_gmt":"2026-03-16T21:17:03","slug":"meditacion-ser-feliz","status":"publish","type":"product","link":"https:\/\/meditaeneuskadi.org\/eu\/product\/meditacion-ser-feliz\/","title":{"rendered":"Taller de s\u00e1bado (marzo)"},"content":{"rendered":"<h3>\u00abMedita: \u00a1Para ser feliz siempre!\u201d<\/h3>\n<h4><strong>\u00bfCu\u00e1ndo?<\/strong><\/h4>\n<p>S\u00e1bado, 28 de marzo<\/p>\n<h4><strong>Programa<\/strong><\/h4>\n<p>Sesi\u00f3n 1: 10:00 &#8211; 11:00h<\/p>\n<p><em>T\u00e9\/Caf\u00e9 de mediod\u00eda: 11:00-11:30h<\/em><\/p>\n<p>Sesi\u00f3n 2: 11:30 &#8211; 12:30h<\/p>\n<h4><strong>Formato<\/strong><\/h4>\n<p>Presencial y online en el KMC Bilbao.<\/p>\n<h4><span style=\"color: #333333;\"><strong>La maestra<\/strong><\/span><\/h4>\n<p><img decoding=\"async\" class=\"wp-image-16638 size-thumbnail alignleft\" src=\"https:\/\/meditaeneuskadi.org\/wp-content\/uploads\/2025\/05\/b4b567c3-74fe-4ab3-95f5-e6598b9f6700-150x150.jpeg\" alt=\"\" width=\"150\" height=\"150\" srcset=\"https:\/\/meditaeneuskadi.org\/wp-content\/uploads\/2025\/05\/b4b567c3-74fe-4ab3-95f5-e6598b9f6700-150x150.jpeg 150w, https:\/\/meditaeneuskadi.org\/wp-content\/uploads\/2025\/05\/b4b567c3-74fe-4ab3-95f5-e6598b9f6700-200x200.jpeg 200w\" sizes=\"(max-width: 150px) 100vw, 150px\" \/>Amaia Zelaia, maestra Kadampa \u00b7 <a href=\"https:\/\/meditaeneuskadi.org\/eu\/sobre-nosotros\/\">M\u00e1s sobre los maestros aqu\u00ed<\/a><\/p>\n<p><span style=\"color: #333333;\"><strong>\u00bfD\u00f3nde?<\/strong><\/span><\/p>\n<p><a href=\"https:\/\/www.google.es\/maps\/place\/KMC+Bilbao+%E2%80%93+Centro+de+Meditaci%C3%B3n+Kadampa\/@43.2559032,-2.9260764,17z\/data=!4m10!1m2!2m1!1sKMC+Bilbao,+Artekale+4+kalea,+28005+Bilbao,+Bizkaia!3m6!1s0xd4e4fcc8beabaa3:0x412b6bdcdec51840!8m2!3d43.2559032!4d-2.9235015!15sCjNLTUMgQmlsYmFvLCBBcnRla2FsZSA0IGthbGVhLCAyODAwNSBCaWxiYW8sIEJpemthaWGSARFtZWRpdGF0aW9uX2NlbnRlcuABAA!16s%2Fg%2F11f15mmq89?entry=ttu\" target=\"_blank\" rel=\"noopener\">KMC Bilbao, Artekale 4, 48005 Bilbao<\/a><\/p>\n<h4><span style=\"color: #333333;\"><strong>\u00bfSon las clases para m\u00ed?<\/strong><\/span><\/h4>\n<p><span style=\"color: #333333;\">Adecuadas para todos, independientemente de cualquier experiencia de meditaci\u00f3n.<\/span><\/p>\n<h4><span style=\"color: #333333;\"><strong>Bonos y descuentos\u00a0<\/strong><\/span><\/h4>\n<p><span style=\"color: #333333;\">Estas clases est\u00e1n incluidas en los bonos descuento y tarjetas kadampa (TK).<\/span><\/p>\n<p><span style=\"color: #333333;\">Haz clic aqu\u00ed para obtener m\u00e1s informaci\u00f3n: <span style=\"color: #333399;\"><a style=\"color: #333399;\" href=\"https:\/\/meditaeneuskadi.org\/eu\/tarjetas-kadampa\/\">bonos y tarjetas kadampa<\/a>.<\/span><\/span><\/p>","protected":false},"excerpt":{"rendered":"<p><strong>\u00abMedita: \u00a1Para ser feliz siempre!\u201d <\/strong>\u00b7 <span style=\"color: #333333;\">S\u00e1bado, 28 de marzo, 10:00- 12:30h, en Bilbao<\/span><\/p>","protected":false},"featured_media":18255,"comment_status":"open","ping_status":"closed","template":"","meta":{"_EventAllDay":false,"_EventTimezone":"","_EventStartDate":"","_EventEndDate":"","_EventStartDateUTC":"","_EventEndDateUTC":"","_EventShowMap":false,"_EventShowMapLink":false,"_EventURL":"","_EventCost":"","_EventCostDescription":"","_EventCurrencySymbol":"","_EventCurrencyCode":"","_EventCurrencyPosition":"","_EventDateTimeSeparator":"","_EventTimeRangeSeparator":"","_EventOrganizerID":[],"_EventVenueID":[],"_OrganizerEmail":"","_OrganizerPhone":"","_OrganizerWebsite":"","_VenueAddress":"","_VenueCity":"","_VenueCountry":"","_VenueProvince":"","_VenueState":"","_VenueZip":"","_VenuePhone":"","_VenueURL":"","_VenueStateProvince":"","_VenueLat":"","_VenueLng":"","_VenueShowMap":false,"_VenueShowMapLink":false},"product_brand":[],"product_cat":[15,105],"product_tag":[101],"class_list":{"0":"post-15794","1":"product","2":"type-product","3":"status-publish","4":"has-post-thumbnail","6":"product_cat-medita-en-euskadi","7":"product_cat-por-la-manana","8":"product_tag-bilbao","9":"description-off","11":"first","12":"instock","13":"shipping-taxable","14":"purchasable","15":"product-type-simple"},"jetpack_sharing_enabled":true,"_links":{"self":[{"href":"https:\/\/meditaeneuskadi.org\/eu\/wp-json\/wp\/v2\/product\/15794","targetHints":{"allow":["GET"]}}],"collection":[{"href":"https:\/\/meditaeneuskadi.org\/eu\/wp-json\/wp\/v2\/product"}],"about":[{"href":"https:\/\/meditaeneuskadi.org\/eu\/wp-json\/wp\/v2\/types\/product"}],"replies":[{"embeddable":true,"href":"https:\/\/meditaeneuskadi.org\/eu\/wp-json\/wp\/v2\/comments?post=15794"}],"wp:featuredmedia":[{"embeddable":true,"href":"https:\/\/meditaeneuskadi.org\/eu\/wp-json\/wp\/v2\/media\/18255"}],"wp:attachment":[{"href":"https:\/\/meditaeneuskadi.org\/eu\/wp-json\/wp\/v2\/media?parent=15794"}],"wp:term":[{"taxonomy":"product_brand","embeddable":true,"href":"https:\/\/meditaeneuskadi.org\/eu\/wp-json\/wp\/v2\/product_brand?post=15794"},{"taxonomy":"product_cat","embeddable":true,"href":"https:\/\/meditaeneuskadi.org\/eu\/wp-json\/wp\/v2\/product_cat?post=15794"},{"taxonomy":"product_tag","embeddable":true,"href":"https:\/\/meditaeneuskadi.org\/eu\/wp-json\/wp\/v2\/product_tag?post=15794"}],"curies":[{"name":"wp","href":"https:\/\/api.w.org\/{rel}","templated":true}]}}