{"id":15849,"date":"2025-01-26T17:56:08","date_gmt":"2025-01-26T17:56:08","guid":{"rendered":"https:\/\/meditaeneuskadi.org\/?post_type=product&#038;p=15849"},"modified":"2026-04-11T05:53:02","modified_gmt":"2026-04-11T05:53:02","slug":"retiro-rural-de-meditacion","status":"publish","type":"product","link":"https:\/\/meditaeneuskadi.org\/eu\/product\/retiro-rural-de-meditacion\/","title":{"rendered":"Retiro de meditaci\u00f3n (abril)"},"content":{"rendered":"<h3>ESCAPADA DE MEDITACI\u00d3N EN BIZKAIA<\/h3>\n<h3>\u00abConcentraci\u00f3n y silencio\u00bb<img fetchpriority=\"high\" decoding=\"async\" class=\"wp-image-14161 size-medium alignright\" src=\"https:\/\/meditaeneuskadi.org\/wp-content\/uploads\/2023\/12\/InShot_20240527_202655443-300x169.jpg\" alt=\"\" width=\"300\" height=\"169\" srcset=\"https:\/\/meditaeneuskadi.org\/wp-content\/uploads\/2023\/12\/InShot_20240527_202655443-300x169.jpg 300w, https:\/\/meditaeneuskadi.org\/wp-content\/uploads\/2023\/12\/InShot_20240527_202655443-1024x575.jpg 1024w, https:\/\/meditaeneuskadi.org\/wp-content\/uploads\/2023\/12\/InShot_20240527_202655443-768x432.jpg 768w, https:\/\/meditaeneuskadi.org\/wp-content\/uploads\/2023\/12\/InShot_20240527_202655443-1536x863.jpg 1536w, https:\/\/meditaeneuskadi.org\/wp-content\/uploads\/2023\/12\/InShot_20240527_202655443-18x10.jpg 18w, https:\/\/meditaeneuskadi.org\/wp-content\/uploads\/2023\/12\/InShot_20240527_202655443-1000x562.jpg 1000w, https:\/\/meditaeneuskadi.org\/wp-content\/uploads\/2023\/12\/InShot_20240527_202655443.jpg 1920w\" sizes=\"(max-width: 300px) 100vw, 300px\" \/><\/h3>\n<p><strong><span style=\"color: #ff6600;\">Del viernes 17 al 19 de abril<\/span><\/strong><\/p>\n<p><span style=\"color: #333333;\">En medio de la belleza y la tranquilidad de Bizkaia, te animamos a venir con nosotros a un retiro \u00fanico para profundizar en la concentraci\u00f3n y el silencio.<\/span><\/p>\n<p><span style=\"color: #333333;\">Este retiro guiado por la maestra kadampa Eva P\u00e9rez es tu oportunidad para desconectar del ruido externo y conectar con la claridad y la paz de una mente concentrada. <\/span><\/p>\n<p><span style=\"color: #333333;\">A trav\u00e9s de meditaciones guiadas, aprender\u00e1s a desarrollar una atenci\u00f3n estable y profunda, cultivando serenidad en tu interior.<\/span><\/p>\n<p><span style=\"color: #333333;\">\ud83c\udf38 \u00bfQu\u00e9 encontrar\u00e1s en este retiro?<\/span><br \/>\n<span style=\"color: #333333;\">\ud83d\udd39 Un entorno de paz y naturaleza para desconectar del estr\u00e9s<\/span><br \/>\n<span style=\"color: #333333;\">\ud83d\udd39 Sesiones de meditaci\u00f3n guiadas para fortalecer tu concentraci\u00f3n<\/span><br \/>\n<span style=\"color: #333333;\">\ud83d\udd39 Periodos de silencio para profundizar en la calma mental<\/span><br \/>\n<span style=\"color: #333333;\">\ud83d\udd39 Ense\u00f1anzas inspiradoras basadas en la sabidur\u00eda Kadampa<\/span><\/p>\n<p><span style=\"color: #333333;\"><em>\u201dSi aprendemos a concentrarnos correctamente, nuestra mente se volver\u00e1 pac\u00edfica, clara y poderosa.\u201d<\/em> \u2013 Gueshe Kelsang Gyatso<\/span><\/p>\n<p><span style=\"color: #333333;\">No se requiere experiencia previa, solo el deseo de sumergirte en la paz del silencio y la meditaci\u00f3n.<\/span><\/p>\n<p><span style=\"color: #333333;\">Reserva tu plaza y vive un fin de semana de calma y renovaci\u00f3n. \u00a1Te esperamos!<\/span><\/p>\n<p><span style=\"color: #333333;\">En un entorno ideal para que disfrutes de cada momento. Los principiantes sois bienvenidos y tambi\u00e9n los que ya disfrut\u00e1is de la meditaci\u00f3n.<\/span><\/p>\n<ul>\n<li><span style=\"color: #333333;\">Puedes asistir con o sin alojamiento. Cons\u00faltanos si est\u00e1s interesado\/a.<\/span><\/li>\n<li><span style=\"color: #333333;\">Plazas limitadas. Requiere inscripci\u00f3n previa.<\/span><\/li>\n<\/ul>\n<p><strong>\u00bfD\u00f3nde?<\/strong><\/p>\n<p>En el <span style=\"color: #333399;\"><a style=\"color: #333399;\" href=\"https:\/\/monasteriozenarruza.net\/\">Monasterio de Santa Mar\u00eda de Zenarruza en Ziortza-Bolivar, <\/a><\/span>Barrio Goierria-Ziortza n\u00ba. 11, 48278 Ziortza-Bolibar, Bizkaia.<\/p>\n<p><img decoding=\"async\" class=\"alignnone wp-image-11641 size-medium\" src=\"https:\/\/meditaeneuskadi.org\/wp-content\/uploads\/2023\/12\/Imagen-de-WhatsApp-2023-12-22-a-las-21.15.22_0aa10a9a-300x169.jpg\" alt=\"\" width=\"300\" height=\"169\" srcset=\"https:\/\/meditaeneuskadi.org\/wp-content\/uploads\/2023\/12\/Imagen-de-WhatsApp-2023-12-22-a-las-21.15.22_0aa10a9a-300x169.jpg 300w, https:\/\/meditaeneuskadi.org\/wp-content\/uploads\/2023\/12\/Imagen-de-WhatsApp-2023-12-22-a-las-21.15.22_0aa10a9a-1024x575.jpg 1024w, https:\/\/meditaeneuskadi.org\/wp-content\/uploads\/2023\/12\/Imagen-de-WhatsApp-2023-12-22-a-las-21.15.22_0aa10a9a-768x432.jpg 768w, https:\/\/meditaeneuskadi.org\/wp-content\/uploads\/2023\/12\/Imagen-de-WhatsApp-2023-12-22-a-las-21.15.22_0aa10a9a-1536x863.jpg 1536w, https:\/\/meditaeneuskadi.org\/wp-content\/uploads\/2023\/12\/Imagen-de-WhatsApp-2023-12-22-a-las-21.15.22_0aa10a9a-18x10.jpg 18w, https:\/\/meditaeneuskadi.org\/wp-content\/uploads\/2023\/12\/Imagen-de-WhatsApp-2023-12-22-a-las-21.15.22_0aa10a9a-1000x562.jpg 1000w, https:\/\/meditaeneuskadi.org\/wp-content\/uploads\/2023\/12\/Imagen-de-WhatsApp-2023-12-22-a-las-21.15.22_0aa10a9a.jpg 1920w\" sizes=\"(max-width: 300px) 100vw, 300px\" \/><\/p>\n<h4 dir=\"auto\">La Maestra<\/h4>\n<p>Eva P\u00e9rez \u2013 Maestra residente del KMC Bilbao.<\/p>\n<p><img decoding=\"async\" src=\"https:\/\/meditaeneuskadi.org\/wp-content\/uploads\/2023\/12\/KMCB_2-150x150.jpg\" alt=\"\" width=\"150\" height=\"150\" \/><\/p>\n<p>Eva ha estudiado y practicado la meditaci\u00f3n y el budismo kadampa moderno bajo la gu\u00eda de nuestro fundador y gu\u00eda espiritual el venerable Gueshe Kelsang Gyatso desde el 2006 de manera sincera y entusiasta, lo que hace de ella una maestra cercana y muy pr\u00e1ctica. <a href=\"https:\/\/meditaeneuskadi.org\/eu\/sobre-nosotros\/\">M\u00e1s aqu\u00ed.<\/a><\/p>\n<h4 dir=\"auto\"><strong>Programa<\/strong><\/h4>\n<p><strong>Viernes<\/strong><\/p>\n<p>Bienvenida &#8211; Recepci\u00f3n: 18:30-19:20h<\/p>\n<p><strong>Sesi\u00f3n 1 &#8211; Introducci\u00f3n: 19:30-20:45h<\/strong> \u00b7 <em>Se mantendr\u00e1 silencio tras la cena.<\/em><\/p>\n<p>+ Cena: 20:45-22:00h<\/p>\n<p><strong>S\u00e1bado\u00a0<\/strong><\/p>\n<p>+ Desayuno: 9:00-9:45h<\/p>\n<p><strong>Sesi\u00f3n 2: 10:00-11:15h<\/strong><\/p>\n<p><strong>Sesi\u00f3n 3: 12:00-13:15h \u2022 <\/strong>salimos del silencio<\/p>\n<p>+ Comida: 13:45-14:45h<\/p>\n<p><strong>Sesi\u00f3n 4: 15:45-17:00h<\/strong><\/p>\n<p>+ 17:15-18:30h <strong><em>Caminata por la paz en el monte<\/em><\/strong>.<\/p>\n<p><strong>Sesi\u00f3n 5: 19:30-20:45h<\/strong><\/p>\n<p>+ Cena:\u00a0 20:45-22:00h<\/p>\n<p><strong>Domingo\u00a0<\/strong><\/p>\n<p>Se mantendr\u00e1 silencio hasta las 11:15h<\/p>\n<p>+ Desayuno: 9:00-9:45h<\/p>\n<p><strong>Sesi\u00f3n 2: 10:00-11:15h<\/strong><\/p>\n<p><strong>Sesi\u00f3n 3: 11:45-13:00h<\/strong><\/p>\n<p>+ Comida: 13:45h (si lo deseas, incluida en el precio)<\/p>\n<h4><strong>Precios<\/strong><\/h4>\n<p><strong>Retiro no incluido en las Tarjetas Kadampa.<\/strong><\/p>\n<ul>\n<li>Habitaci\u00f3n individual 200\u20ac (incluye alojamiento, comidas y ense\u00f1anzas)<\/li>\n<li>Habitaci\u00f3n doble (por persona) 185\u20ac (incluye alojamiento, comidas y ense\u00f1anzas)<\/li>\n<li>Una noche (viernes y s\u00e1bado o s\u00e1bado y domingo, incluye comidas) 140\u20ac<\/li>\n<li>Sesi\u00f3n suelta: 15\u20ac<\/li>\n<\/ul>\n<p>M\u00e1s informaci\u00f3n, contacta con nosotros.<\/p>\n<p><strong>C\u00f3mo llegar<\/strong><\/p>\n<p>Acceso por transporte privado<\/p>\n<ul>\n<li>El acceso al lugar es f\u00e1cil, tanto si se viaja en coche particular o en transporte p\u00fablico.<\/li>\n<li>El monasterio pertenece al municipio de\u00a0Ziortza-Bolibar, a unos 4 kil\u00f3metros de\u00a0Markina-Xemein\u00a0en direcci\u00f3n\u00a0Gernika, y a unos 45 km de\u00a0Bilbao.<\/li>\n<li>El acceso m\u00e1s f\u00e1cil es por la\u00a0autopista Bilbao-San Sebasti\u00e1n, con salida en\u00a0Durango.<\/li>\n<li>De las dos salidas de autopista que hay en\u00a0Durango,\u00a0aconsejamos tomar la\u00a0que indica\u00a0salida a Markina\u00a0y nos deja ya en la carretera que une\u00a0Durango\u00a0con\u00a0Markina-Xemein.\n<ul>\n<li>En direcci\u00f3n\u00a0Bilbao =&gt; San Sebasti\u00e1n, la salida a\u00a0Markina\u00a0es la segunda.<\/li>\n<li>En direcci\u00f3n\u00a0San Sebasti\u00e1n =&gt; Bilbao, la salida a\u00a0Markina\u00a0es la primera.<\/li>\n<\/ul>\n<\/li>\n<li>Unos 4 kil\u00f3metros antes de\u00a0Markina,\u00a0seguir la se\u00f1alizaci\u00f3n hacia Ziorta-Bolibar.<\/li>\n<li>Nada m\u00e1s atravesar esta localidad, un cartel apunta a la izquierda indicando la subida a\u00a0Zenarruza.<\/li>\n<\/ul>\n<p>Ruta en Google Maps: Para trazar ruta pincha este\u00a0<strong><a href=\"https:\/\/www.google.es\/maps\/place\/Monasterio+Zenarruza+(Colegiata+Parroquia)+-+Ziortzako+Monastegia\/@43.2482375,-2.5643982,17z\/data=!3m1!4b1!4m5!3m4!1s0xd4e293000000001:0x810434174f3f9364!8m2!3d43.2482336!4d-2.5622095?hl=es\" target=\"_blank\" rel=\"noopener\">Mapa<\/a>\u00a0<\/strong>y en la parte izquierda del mismo pon tu ciudad de origen en\u00a0A<\/p>\n<p><strong>Transporte p\u00fablico<\/strong><\/p>\n<p>Hay una buena comunicaci\u00f3n desde\u00a0Bilbao.<\/p>\n<ul>\n<li>Lo m\u00e1s directo es el Bizkaibus que va de Bilbao a Lekeitio y sale a todos los menos cuarto de la estaci\u00f3n de autobuses Termibus.<\/li>\n<li>Bajar en la parada de Iruzubieta, a unos 3 kil\u00f3metros del monasterio, donde sale la carretera hacia Ziortza-Bolivar.<\/li>\n<li>Adem\u00e1s hay otros dos autobuses a lo largo de cada hora que, aunque tienen un recorrido un poco m\u00e1s largo, tambi\u00e9n pasan por aqu\u00ed.<\/li>\n<li><strong>Te podemos recoger en coche desde la parada de autob\u00fas. Cont\u00e1ctanos.<\/strong><\/li>\n<\/ul>","protected":false},"excerpt":{"rendered":"<p><span style=\"color: #000000;\"><strong>\u00abConcentraci\u00f3n y silencio\u00bb \u2022 <\/strong>En Bizkaia \u2022 17-19 Abril \u2022 Con la Maestra residente, Eva P\u00e9rez.<\/span><\/p>","protected":false},"featured_media":17067,"comment_status":"open","ping_status":"closed","template":"","meta":{"_EventAllDay":false,"_EventTimezone":"","_EventStartDate":"","_EventEndDate":"","_EventStartDateUTC":"","_EventEndDateUTC":"","_EventShowMap":false,"_EventShowMapLink":false,"_EventURL":"","_EventCost":"","_EventCostDescription":"","_EventCurrencySymbol":"","_EventCurrencyCode":"","_EventCurrencyPosition":"","_EventDateTimeSeparator":"","_EventTimeRangeSeparator":"","_EventOrganizerID":[],"_EventVenueID":[],"_OrganizerEmail":"","_OrganizerPhone":"","_OrganizerWebsite":"","_VenueAddress":"","_VenueCity":"","_VenueCountry":"","_VenueProvince":"","_VenueState":"","_VenueZip":"","_VenuePhone":"","_VenueURL":"","_VenueStateProvince":"","_VenueLat":"","_VenueLng":"","_VenueShowMap":false,"_VenueShowMapLink":false},"product_brand":[],"product_cat":[106,107],"product_tag":[],"class_list":{"0":"post-15849","1":"product","2":"type-product","3":"status-publish","4":"has-post-thumbnail","6":"product_cat-evento-especial","7":"product_cat-retiro","8":"description-off","10":"first","11":"instock","12":"sold-individually","13":"shipping-taxable","14":"purchasable","15":"product-type-variable"},"jetpack_sharing_enabled":true,"_links":{"self":[{"href":"https:\/\/meditaeneuskadi.org\/eu\/wp-json\/wp\/v2\/product\/15849","targetHints":{"allow":["GET"]}}],"collection":[{"href":"https:\/\/meditaeneuskadi.org\/eu\/wp-json\/wp\/v2\/product"}],"about":[{"href":"https:\/\/meditaeneuskadi.org\/eu\/wp-json\/wp\/v2\/types\/product"}],"replies":[{"embeddable":true,"href":"https:\/\/meditaeneuskadi.org\/eu\/wp-json\/wp\/v2\/comments?post=15849"}],"wp:featuredmedia":[{"embeddable":true,"href":"https:\/\/meditaeneuskadi.org\/eu\/wp-json\/wp\/v2\/media\/17067"}],"wp:attachment":[{"href":"https:\/\/meditaeneuskadi.org\/eu\/wp-json\/wp\/v2\/media?parent=15849"}],"wp:term":[{"taxonomy":"product_brand","embeddable":true,"href":"https:\/\/meditaeneuskadi.org\/eu\/wp-json\/wp\/v2\/product_brand?post=15849"},{"taxonomy":"product_cat","embeddable":true,"href":"https:\/\/meditaeneuskadi.org\/eu\/wp-json\/wp\/v2\/product_cat?post=15849"},{"taxonomy":"product_tag","embeddable":true,"href":"https:\/\/meditaeneuskadi.org\/eu\/wp-json\/wp\/v2\/product_tag?post=15849"}],"curies":[{"name":"wp","href":"https:\/\/api.w.org\/{rel}","templated":true}]}}