{"id":16410,"date":"2025-04-07T10:37:23","date_gmt":"2025-04-07T10:37:23","guid":{"rendered":"https:\/\/meditaeneuskadi.org\/?post_type=product&#038;p=16410"},"modified":"2026-03-17T18:31:20","modified_gmt":"2026-03-17T18:31:20","slug":"paz-integridad-y-compasion","status":"publish","type":"product","link":"https:\/\/meditaeneuskadi.org\/eu\/product\/paz-integridad-y-compasion\/","title":{"rendered":"Evento especial con la maestra invitada guen Kelsang Trime (marzo)"},"content":{"rendered":"<h3><span style=\"color: #333333;\"><strong>MASTERCLASS<\/strong> <i><strong>\u00abLas claves del verdadero \u00e9xito\u00bb <\/strong><\/i><\/span><\/h3>\n<p><strong><span style=\"color: #333333;\">Viernes 20 de marzo, 19:30-21:00h<\/span><\/strong><\/p>\n<h3><span style=\"color: #333333;\"><strong>CURSO<\/strong> <i><strong>\u00abPaz, integridad y compasi\u00f3n: C\u00f3mo afrontar nuestras dificultades\u00bb<\/strong><\/i><\/span><\/h3>\n<p><strong><span style=\"color: #333333;\">S\u00e1bado 21 de marzo, 10:30-16:30h<\/span><\/strong><\/p>\n<h4><span style=\"color: #333399;\"><strong>Con la maestra y monja budista Kadampa guen Kelsang Trime \u00b7 <\/strong><strong>Plazas limitadas (reserva con antelaci\u00f3n)<\/strong><\/span><\/h4>\n<p>Con las ense\u00f1anzas de Buda sobre la comprensi\u00f3n de la mente descubrimos la ruta correcta al verdadero \u00e9xito.<\/p>\n<p>La maestra Kadampa invitada guen Kelsang Trime nos explicar\u00e1 c\u00f3mo cultivar actitudes mentales positivas, equilibradas y sostenibles que nos lleven a alcanzar nuestras metas en la vida con \u00e9xito, calma e integridad, incluso ante las dificultades repentinas.<\/p>\n<p>Aprender\u00e1s a:<\/p>\n<ul>\n<li>Superar con calma el estr\u00e9s, la p\u00e9rdida, la comparaci\u00f3n y la autocr\u00edtica<\/li>\n<li>Aumentar tu compasi\u00f3n y sabidur\u00eda para afrontar las dificultades<\/li>\n<li>Ganar confianza genuina<\/li>\n<\/ul>\n<p>\u00a1Todos son bienvenidos!<\/p>\n<h4><strong>La maestra<\/strong><\/h4>\n<p><img decoding=\"async\" class=\"wp-image-18056 size-thumbnail alignleft\" src=\"https:\/\/meditaeneuskadi.org\/wp-content\/uploads\/2025\/04\/Guen-Kelsang-Trime_square-scaled-re7s4gagcavsrxrhbq4fcy2yfspn61oidq2q0m135w-150x150.jpg\" alt=\"\" width=\"150\" height=\"150\" srcset=\"https:\/\/meditaeneuskadi.org\/wp-content\/uploads\/2025\/04\/Guen-Kelsang-Trime_square-scaled-re7s4gagcavsrxrhbq4fcy2yfspn61oidq2q0m135w-150x150.jpg 150w, https:\/\/meditaeneuskadi.org\/wp-content\/uploads\/2025\/04\/Guen-Kelsang-Trime_square-scaled-re7s4gagcavsrxrhbq4fcy2yfspn61oidq2q0m135w-12x12.jpg 12w, https:\/\/meditaeneuskadi.org\/wp-content\/uploads\/2025\/04\/Guen-Kelsang-Trime_square-scaled-re7s4gagcavsrxrhbq4fcy2yfspn61oidq2q0m135w-200x200.jpg 200w, https:\/\/meditaeneuskadi.org\/wp-content\/uploads\/2025\/04\/Guen-Kelsang-Trime_square-scaled-re7s4gagcavsrxrhbq4fcy2yfspn61oidq2q0m135w.jpg 250w\" sizes=\"(max-width: 150px) 100vw, 150px\" \/><\/p>\n<p><span style=\"color: #333333;\">Guen Kelsang Trime encontr\u00f3 el Dharma Kadam en 1998 y es maestra desde 2007. Su claridad, s\u00f3lida visi\u00f3n espiritual y presentaci\u00f3n elegante, precisa y dulce de las ense\u00f1anzas budistas hacen de ella una maestra admirable e inspiradora y un ejemplo a seguir como practicante kadampa pura y sincera. Actualmente es la Maestra Residente del KMC Sevilla.<\/span><\/p>\n<h4><span style=\"color: #333333;\">Programa<\/span><\/h4>\n<div dir=\"auto\"><span style=\"color: #333333;\"><strong>Viernes 20<\/strong><\/span><\/div>\n<div dir=\"auto\"><span style=\"color: #333333;\">Bienvenida: 19:00h<\/span><\/div>\n<div dir=\"auto\"><span style=\"color: #333333;\">Sesi\u00f3n: 19:30-21:00h<\/span><\/div>\n<div dir=\"auto\"><\/div>\n<div dir=\"auto\"><span style=\"color: #333333;\"><strong>S\u00e1bado 21<\/strong><\/span><\/div>\n<div dir=\"auto\"><span style=\"color: #333333;\">Sesi\u00f3n 1: 10:30-11:45h<\/span><\/div>\n<div dir=\"auto\"><span style=\"color: #333333;\"><em>Descanso<\/em><\/span><\/div>\n<div dir=\"auto\"><span style=\"color: #333333;\">Sesi\u00f3n 2: 12:15-13:30h<\/span><\/div>\n<div dir=\"auto\"><span style=\"color: #333333;\"><em>Comida: 14-15h <\/em><\/span><\/div>\n<div dir=\"auto\">\n<div dir=\"auto\"><span style=\"color: #333333;\">Sesi\u00f3n 3: 15:30-16:30h<\/span><\/div>\n<h4 dir=\"auto\"><strong style=\"color: #333333;\">\u00bfD\u00f3nde?<\/strong><\/h4>\n<\/div>\n<p><span style=\"color: #333399;\">En el <a style=\"color: #333399;\" href=\"https:\/\/www.google.es\/maps\/place\/KMC+Bilbao+%E2%80%93+Centro+de+Meditaci%C3%B3n+Kadampa\/@43.2559032,-2.9260764,17z\/data=!4m10!1m2!2m1!1sKMC+Bilbao,+Artekale+4+kalea,+28005+Bilbao,+Bizkaia!3m6!1s0xd4e4fcc8beabaa3:0x412b6bdcdec51840!8m2!3d43.2559032!4d-2.9235015!15sCjNLTUMgQmlsYmFvLCBBcnRla2FsZSA0IGthbGVhLCAyODAwNSBCaWxiYW8sIEJpemthaWGSARFtZWRpdGF0aW9uX2NlbnRlcuABAA!16s%2Fg%2F11f15mmq89?entry=ttu\" target=\"_blank\" rel=\"noopener\">KMC Bilbao, Artekale 4, 48005 Bilbao<\/a><\/span><\/p>\n<h4><strong>\u00bfEs para m\u00ed?<\/strong><\/h4>\n<p>Adecuado para todos, independientemente de cualquier experiencia de meditaci\u00f3n.<\/p>\n<h4><span style=\"color: #333333;\"><strong>Coste<\/strong><\/span><\/h4>\n<p><span style=\"color: #333333;\">Evento completo: 45\u20ac<\/span><\/p>\n<p><span style=\"color: #333333;\">Masterclass (viernes): 15\u20ac<\/span><\/p>\n<p><span style=\"color: #333333;\">Curso (s\u00e1bado): 35\u20ac<\/span><\/p>\n<p><span style=\"color: #333333;\">Sesi\u00f3n suelta: S\u00e1bado (ma\u00f1ana):15\u20ac ; S\u00e1bado (tarde): 10\u20ac<\/span><\/p>\n<p><span style=\"color: #333333;\">Buffet (s\u00e1bado): 7\u20ac \u00b7 <span style=\"text-decoration: underline;\">Por favor, conf\u00edrmanos que te quedas a comer y abona en la recepci\u00f3n.<\/span><\/span><\/p>","protected":false},"excerpt":{"rendered":"<p><span style=\"color: #333333;\"><strong>MASTERCLASS<\/strong> <i><strong>\u00abLas claves del verdadero \u00e9xito\u00bb \u00b7<\/strong> <\/i>Viernes 20 de marzo, 19:30-21:00h<\/span><\/p>\n<p><span style=\"color: #333333;\"><strong>CURSO<\/strong> <i><strong>\u00abPaz, integridad y compasi\u00f3n: C\u00f3mo afrontar nuestras dificultades\u00bb<\/strong>\u00b7 <\/i>S\u00e1bado 21 de marzo, 10:30-16:30h <\/span><span style=\"color: #000000;\"><strong>\u00b7<\/strong> En Bilbao<\/span><\/p>","protected":false},"featured_media":18096,"comment_status":"open","ping_status":"closed","template":"","meta":{"_EventAllDay":false,"_EventTimezone":"","_EventStartDate":"","_EventEndDate":"","_EventStartDateUTC":"","_EventEndDateUTC":"","_EventShowMap":false,"_EventShowMapLink":false,"_EventURL":"","_EventCost":"","_EventCostDescription":"","_EventCurrencySymbol":"","_EventCurrencyCode":"","_EventCurrencyPosition":"","_EventDateTimeSeparator":"","_EventTimeRangeSeparator":"","_EventOrganizerID":[],"_EventVenueID":[],"_OrganizerEmail":"","_OrganizerPhone":"","_OrganizerWebsite":"","_VenueAddress":"","_VenueCity":"","_VenueCountry":"","_VenueProvince":"","_VenueState":"","_VenueZip":"","_VenuePhone":"","_VenueURL":"","_VenueStateProvince":"","_VenueLat":"","_VenueLng":"","_VenueShowMap":false,"_VenueShowMapLink":false},"product_brand":[],"product_cat":[15,106],"product_tag":[],"class_list":{"0":"post-16410","1":"product","2":"type-product","3":"status-publish","4":"has-post-thumbnail","6":"product_cat-medita-en-euskadi","7":"product_cat-evento-especial","8":"description-off","10":"first","11":"instock","12":"shipping-taxable","13":"purchasable","14":"product-type-variable"},"jetpack_sharing_enabled":true,"_links":{"self":[{"href":"https:\/\/meditaeneuskadi.org\/eu\/wp-json\/wp\/v2\/product\/16410","targetHints":{"allow":["GET"]}}],"collection":[{"href":"https:\/\/meditaeneuskadi.org\/eu\/wp-json\/wp\/v2\/product"}],"about":[{"href":"https:\/\/meditaeneuskadi.org\/eu\/wp-json\/wp\/v2\/types\/product"}],"replies":[{"embeddable":true,"href":"https:\/\/meditaeneuskadi.org\/eu\/wp-json\/wp\/v2\/comments?post=16410"}],"wp:featuredmedia":[{"embeddable":true,"href":"https:\/\/meditaeneuskadi.org\/eu\/wp-json\/wp\/v2\/media\/18096"}],"wp:attachment":[{"href":"https:\/\/meditaeneuskadi.org\/eu\/wp-json\/wp\/v2\/media?parent=16410"}],"wp:term":[{"taxonomy":"product_brand","embeddable":true,"href":"https:\/\/meditaeneuskadi.org\/eu\/wp-json\/wp\/v2\/product_brand?post=16410"},{"taxonomy":"product_cat","embeddable":true,"href":"https:\/\/meditaeneuskadi.org\/eu\/wp-json\/wp\/v2\/product_cat?post=16410"},{"taxonomy":"product_tag","embeddable":true,"href":"https:\/\/meditaeneuskadi.org\/eu\/wp-json\/wp\/v2\/product_tag?post=16410"}],"curies":[{"name":"wp","href":"https:\/\/api.w.org\/{rel}","templated":true}]}}