{"id":16878,"date":"2025-08-15T16:01:44","date_gmt":"2025-08-15T16:01:44","guid":{"rendered":"https:\/\/meditaeneuskadi.org\/?post_type=product&#038;p=16878"},"modified":"2026-02-14T11:36:45","modified_gmt":"2026-02-14T11:36:45","slug":"meditacion-en-castro-urdiales","status":"publish","type":"product","link":"https:\/\/meditaeneuskadi.org\/eu\/product\/meditacion-en-castro-urdiales\/","title":{"rendered":"Medita en Castro Urdiales"},"content":{"rendered":"<h4>TALLER DE MEDITACI\u00d3N Y BUDISMO MODERNO<\/h4>\n<h4><strong>Aprende a meditar en Castro Urdiales <\/strong><span style=\"color: #ff6600;\"><strong>\u00abClaves para una mente sana y feliz\u00bb<\/strong><\/span><\/h4>\n<p>Con la pr\u00e1ctica de la meditaci\u00f3n podemos cultivar y mantener una mente apacible en todo momento. Si nuestra mente est\u00e1 en paz en todo momento seremos felices siempre. Por lo tanto, si realmente deseamos ser felices siempre y que los dem\u00e1s lo sean tambi\u00e9n, debemos aprender a meditar.<\/p>\n<p>Son muchos los beneficios conocidos de la meditaci\u00f3n como la herramienta fundamental para:<\/p>\n<ul>\n<li>Reducir el estr\u00e9s de verdad<\/li>\n<li>Cultivar una mente positiva que nos ayude a hacer frente al ajetreo y las dificultades de la vida diaria<\/li>\n<li>Transformar nuestras actitudes negativas en positivas y de esta forma mejorar nuestras relaciones con los dem\u00e1s<\/li>\n<\/ul>\n<p><strong>Sobre el taller<\/strong><\/p>\n<ul>\n<li>Ideal para quienes desean comenzar a meditar y tambi\u00e9n para los que ya meditan.<\/li>\n<li aria-level=\"1\">No se requiere experiencia previa.<\/li>\n<li aria-level=\"1\">Taller con consejos pr\u00e1cticos, instrucciones para meditar correctamente y meditaciones guiadas por la maestra.<\/li>\n<\/ul>\n<h4><strong>\u00bfCu\u00e1ndo?<\/strong><\/h4>\n<p>S\u00e1bado 6 de septiembre, 17:30 &#8211; 19:00h<\/p>\n<p>2026, fechas por confirmarse.<\/p>\n<h4><span style=\"color: #333333;\"><strong>La maestra<\/strong><\/span><\/h4>\n<p><span style=\"color: #333333;\"><img decoding=\"async\" class=\"alignnone wp-image-11030 size-thumbnail\" src=\"https:\/\/meditaeneuskadi.org\/wp-content\/uploads\/2023\/12\/KMCB_2-150x150.jpg\" alt=\"\" width=\"150\" height=\"150\" srcset=\"https:\/\/meditaeneuskadi.org\/wp-content\/uploads\/2023\/12\/KMCB_2-150x150.jpg 150w, https:\/\/meditaeneuskadi.org\/wp-content\/uploads\/2023\/12\/KMCB_2-300x300.jpg 300w, https:\/\/meditaeneuskadi.org\/wp-content\/uploads\/2023\/12\/KMCB_2-1024x1024.jpg 1024w, https:\/\/meditaeneuskadi.org\/wp-content\/uploads\/2023\/12\/KMCB_2-768x768.jpg 768w, https:\/\/meditaeneuskadi.org\/wp-content\/uploads\/2023\/12\/KMCB_2-1536x1536.jpg 1536w, https:\/\/meditaeneuskadi.org\/wp-content\/uploads\/2023\/12\/KMCB_2-2048x2048.jpg 2048w, https:\/\/meditaeneuskadi.org\/wp-content\/uploads\/2023\/12\/KMCB_2-12x12.jpg 12w, https:\/\/meditaeneuskadi.org\/wp-content\/uploads\/2023\/12\/KMCB_2-1000x1000.jpg 1000w, https:\/\/meditaeneuskadi.org\/wp-content\/uploads\/2023\/12\/KMCB_2-200x200.jpg 200w\" sizes=\"(max-width: 150px) 100vw, 150px\" \/><\/span><\/p>\n<p><span style=\"color: #333333;\"><strong>Eva P\u00e9rez <\/strong>Maestra principal del KMC Bilbao \u2013 Centro de Meditaci\u00f3n Kadampa<\/span><\/p>\n<p><span class=\"OYPEnA text-decoration-none text-strikethrough-none\" style=\"color: #333333;\">Eva ha estudiado y practicado la meditaci\u00f3n y el budismo kadampa bajo la gu\u00eda del Venerable Gueshe Kelsang Gyatso durante m\u00e1s de 17 a\u00f1os de manera sincera y entusiasta, lo que hace de ella una maestra cercana y muy pr\u00e1ctica. <a style=\"color: #333333;\" href=\"https:\/\/meditaeneuskadi.org\/eu\/sobre-nosotros\/\"><span style=\"color: #333399;\">M\u00e1s info<\/span><\/a><\/span><\/p>\n<h4>\u00bfD\u00f3nde?<\/h4>\n<p>En <a tabindex=\"0\" href=\"https:\/\/www.google.com\/maps\/place\/\/data=!4m2!3m1!1s0xd4ef24a5fe2c3ad:0xf9bd66b7c0f42df6?sa=X&amp;ved=1t:8290&amp;ictx=111\" data-url=\"\/maps\/place\/\/data=!4m2!3m1!1s0xd4ef24a5fe2c3ad:0xf9bd66b7c0f42df6?sa=X&amp;ved=2ahUKEwiK_fbxl42PAxXGaqQEHTrHOSAQ4kB6BAgEEAA\" data-jsarwt=\"1\" data-usg=\"AOvVaw2yDdeHAxXAHpECANToBloP\" data-ved=\"2ahUKEwiK_fbxl42PAxXGaqQEHTrHOSAQ4kB6BAguEAM\"><strong>La Ecotienda de Castro<\/strong><\/a>\u00a0Bajada Estaci\u00f3n, 2, Bajo, 39700 Castro-Urdiales, Cantabria<\/p>\n<h4><span style=\"color: #333333;\"><strong>\u00bfSon las clases para m\u00ed? <\/strong><\/span><\/h4>\n<p><span style=\"color: #333333;\">Adecuadas para todos, independientemente de cualquier experiencia de meditaci\u00f3n.<\/span><\/p>\n<h4><span style=\"color: #333333;\">Precio <\/span><\/h4>\n<p><span style=\"color: #333333;\">10\u20ac \u00b7 Oferta: 9\u20ac reserva por anticipado<\/span><\/p>\n<p><strong>Por web<\/strong>\u00a0(ve al carrito)<\/p>\n<p><strong>Por transferencia<\/strong>: KMC BILBAO Centro de Meditaci\u00f3n, ES6801824670990201582203<\/p>","protected":false},"excerpt":{"rendered":"<p><span style=\"color: #333333;\"><strong>\u00abAprende a meditar: Claves para una mente sana y feliz\u00bb<\/strong> <strong>\u00b7<\/strong> S\u00e1bado, 6 de septiembre, en Castro Urdiales<\/span><\/p>\n<p>&nbsp;<\/p>","protected":false},"featured_media":14246,"comment_status":"open","ping_status":"closed","template":"","meta":{"_EventAllDay":false,"_EventTimezone":"","_EventStartDate":"","_EventEndDate":"","_EventStartDateUTC":"","_EventEndDateUTC":"","_EventShowMap":false,"_EventShowMapLink":false,"_EventURL":"","_EventCost":"","_EventCostDescription":"","_EventCurrencySymbol":"","_EventCurrencyCode":"","_EventCurrencyPosition":"","_EventDateTimeSeparator":"","_EventTimeRangeSeparator":"","_EventOrganizerID":[],"_EventVenueID":[],"_OrganizerEmail":"","_OrganizerPhone":"","_OrganizerWebsite":"","_VenueAddress":"","_VenueCity":"","_VenueCountry":"","_VenueProvince":"","_VenueState":"","_VenueZip":"","_VenuePhone":"","_VenueURL":"","_VenueStateProvince":"","_VenueLat":"","_VenueLng":"","_VenueShowMap":false,"_VenueShowMapLink":false},"product_brand":[],"product_cat":[15,104],"product_tag":[100],"class_list":{"0":"post-16878","1":"product","2":"type-product","3":"status-publish","4":"has-post-thumbnail","6":"product_cat-medita-en-euskadi","7":"product_cat-clases-ramas","8":"product_tag-donosti","9":"description-off","11":"first","12":"instock","13":"sale","14":"shipping-taxable","15":"purchasable","16":"product-type-simple"},"jetpack_sharing_enabled":true,"_links":{"self":[{"href":"https:\/\/meditaeneuskadi.org\/eu\/wp-json\/wp\/v2\/product\/16878","targetHints":{"allow":["GET"]}}],"collection":[{"href":"https:\/\/meditaeneuskadi.org\/eu\/wp-json\/wp\/v2\/product"}],"about":[{"href":"https:\/\/meditaeneuskadi.org\/eu\/wp-json\/wp\/v2\/types\/product"}],"replies":[{"embeddable":true,"href":"https:\/\/meditaeneuskadi.org\/eu\/wp-json\/wp\/v2\/comments?post=16878"}],"wp:featuredmedia":[{"embeddable":true,"href":"https:\/\/meditaeneuskadi.org\/eu\/wp-json\/wp\/v2\/media\/14246"}],"wp:attachment":[{"href":"https:\/\/meditaeneuskadi.org\/eu\/wp-json\/wp\/v2\/media?parent=16878"}],"wp:term":[{"taxonomy":"product_brand","embeddable":true,"href":"https:\/\/meditaeneuskadi.org\/eu\/wp-json\/wp\/v2\/product_brand?post=16878"},{"taxonomy":"product_cat","embeddable":true,"href":"https:\/\/meditaeneuskadi.org\/eu\/wp-json\/wp\/v2\/product_cat?post=16878"},{"taxonomy":"product_tag","embeddable":true,"href":"https:\/\/meditaeneuskadi.org\/eu\/wp-json\/wp\/v2\/product_tag?post=16878"}],"curies":[{"name":"wp","href":"https:\/\/api.w.org\/{rel}","templated":true}]}}