{"id":17070,"date":"2025-09-09T14:36:23","date_gmt":"2025-09-09T14:36:23","guid":{"rendered":"https:\/\/meditaeneuskadi.org\/?post_type=product&#038;p=17070"},"modified":"2026-02-14T13:40:55","modified_gmt":"2026-02-14T13:40:55","slug":"clase-principal-octubre","status":"publish","type":"product","link":"https:\/\/meditaeneuskadi.org\/eu\/product\/clase-principal-octubre\/","title":{"rendered":"Martes (junio)"},"content":{"rendered":"<h3><span style=\"color: #ff6600;\">Ciclo de octubre: \u00abH\u00e1bitos de gente feliz\u00bb<\/span><\/h3>\n<h4><span style=\"color: #333333;\">Sobre el ciclo<\/span><\/h4>\n<p><span style=\"color: #333333;\">Meditaciones guiadas y consejos para la vida diaria que te ayudar\u00e1n a mejorar tu vida, con harmon\u00eda y m\u00e1s paz a tu alrededor.<\/span><\/p>\n<p>Este ciclo de 4 semanas estar\u00e1 basado en las preciosas ense\u00f1anzas de Buda de las 6 perfecciones. Ongi etorri denoi! \u00a1Todo el mundo bienvenido!<\/p>\n<blockquote><p>\u00ab<em>Todos necesitamos tener un buen car\u00e1cter y un buen coraz\u00f3n, porque de este modo podremos solucionar nuestros propios problemas as\u00ed como los de los dem\u00e1s, y disfrutar de una vida llena de sentido.\u00bb<\/em> Gueshe Kelsang Gyatso, en el libro \u00abC\u00f3mo transformar tu vida &#8211; Un viaje gozoso\u00bb<\/p><\/blockquote>\n<p><span style=\"color: #333333;\">Te invitamos a probar las clases, a tu propio ritmo, son asequibles para todos, independientemente de tu experiencia.<\/span><\/p>\n<ul>\n<li><span style=\"color: #333333;\">Puedes asistir al ciclo completo y beneficiarte de la secuencia de meditaciones semanalmente, o por clases sueltas, a tu ritmo.<\/span><\/li>\n<li><span style=\"font-weight: 400; color: #333333;\">No se requiere experiencia previa.<\/span><\/li>\n<li><span style=\"color: #333333;\">Todas las partes de las clase son guiadas por nuestros maestros.<\/span><\/li>\n<li><span style=\"color: #333333;\">Incluye un refrigerio hacia el final de cada clase y un espacio para preguntas al final.<\/span><\/li>\n<\/ul>\n<h4><span style=\"color: #333333;\"><strong>\u00bfCu\u00e1ndo?<\/strong><\/span><\/h4>\n<p><span style=\"color: #333333;\">Martes de 19:30-20:45h\u00a0<\/span><\/p>\n<p><span style=\"color: #333333;\">Fechas: 7, 21 y 28 de octubre<\/span><\/p>\n<h4>La Maestra<\/h4>\n<p><span style=\"color: #808080;\"><img decoding=\"async\" class=\"alignnone wp-image-11030 size-thumbnail\" src=\"https:\/\/meditaeneuskadi.org\/wp-content\/uploads\/2023\/12\/KMCB_2-150x150.jpg\" alt=\"\" width=\"150\" height=\"150\" srcset=\"https:\/\/meditaeneuskadi.org\/wp-content\/uploads\/2023\/12\/KMCB_2-150x150.jpg 150w, https:\/\/meditaeneuskadi.org\/wp-content\/uploads\/2023\/12\/KMCB_2-300x300.jpg 300w, https:\/\/meditaeneuskadi.org\/wp-content\/uploads\/2023\/12\/KMCB_2-1024x1024.jpg 1024w, https:\/\/meditaeneuskadi.org\/wp-content\/uploads\/2023\/12\/KMCB_2-768x768.jpg 768w, https:\/\/meditaeneuskadi.org\/wp-content\/uploads\/2023\/12\/KMCB_2-1536x1536.jpg 1536w, https:\/\/meditaeneuskadi.org\/wp-content\/uploads\/2023\/12\/KMCB_2-2048x2048.jpg 2048w, https:\/\/meditaeneuskadi.org\/wp-content\/uploads\/2023\/12\/KMCB_2-12x12.jpg 12w, https:\/\/meditaeneuskadi.org\/wp-content\/uploads\/2023\/12\/KMCB_2-1000x1000.jpg 1000w, https:\/\/meditaeneuskadi.org\/wp-content\/uploads\/2023\/12\/KMCB_2-200x200.jpg 200w\" sizes=\"(max-width: 150px) 100vw, 150px\" \/><\/span><\/p>\n<p><span style=\"color: #333333;\"><strong>Eva P\u00e9rez &#8211; Maestra principal del KMC Bilbao<\/strong>.<\/span><\/p>\n<p><span class=\"OYPEnA text-decoration-none text-strikethrough-none\" style=\"color: #333333;\">Eva ha estudiado y practicado la meditaci\u00f3n y el budismo Kadampa bajo la gu\u00eda del venerable Gueshe Kelsang Gyatso durante m\u00e1s de 18 a\u00f1os de manera sincera y entusiasta, lo que hace de ella una maestra cercana y muy pr\u00e1ctica.<\/span><\/p>\n<h4>El formato<\/h4>\n<p><span style=\"color: #333333; font-weight: normal;\">Presencial y online (este formato solamente con los bonos online y las tarjetas kadampa).\u00a0<\/span><\/p>\n<h4><strong>Material de apoyo<\/strong><\/h4>\n<p><img decoding=\"async\" class=\"alignnone wp-image-13527 size-thumbnail\" src=\"https:\/\/meditaeneuskadi.org\/wp-content\/uploads\/2024\/03\/OIP-4-150x150.jpeg\" alt=\"\" width=\"150\" height=\"150\" \/><\/p>\n<p><span style=\"color: #333333;\"><em>\u00abC\u00f3mo transformar tu vida\u00bb <\/em>(e-book gratuito)\u00bb e \u00ab<em>Introducci\u00f3n al Budismo<\/em>\u00ab, ambos de Gueshe Kelsang Gyatso.<\/span><\/p>\n<p><span style=\"color: #333333;\">Disponibles en nuestra tienda del KMC Bilbao.<\/span><\/p>\n<div>\n<h4><strong style=\"color: #333333;\">\u00bfD\u00f3nde?<\/strong><\/h4>\n<\/div>\n<p><span style=\"color: #333399;\"><a style=\"color: #333399;\" href=\"https:\/\/www.google.es\/maps\/place\/KMC+Bilbao+%E2%80%93+Centro+de+Meditaci%C3%B3n+Kadampa\/@43.2559032,-2.9260764,17z\/data=!4m10!1m2!2m1!1sKMC+Bilbao,+Artekale+4+kalea,+28005+Bilbao,+Bizkaia!3m6!1s0xd4e4fcc8beabaa3:0x412b6bdcdec51840!8m2!3d43.2559032!4d-2.9235015!15sCjNLTUMgQmlsYmFvLCBBcnRla2FsZSA0IGthbGVhLCAyODAwNSBCaWxiYW8sIEJpemthaWGSARFtZWRpdGF0aW9uX2NlbnRlcuABAA!16s%2Fg%2F11f15mmq89?entry=ttu\" target=\"_blank\" rel=\"noopener\">KMC Bilbao, Artekale 4, 48005 Bilbao<\/a><\/span><\/p>\n<h4><span style=\"color: #333333;\"><strong>\u00bfSon las clases para m\u00ed?<\/strong><\/span><\/h4>\n<p><span style=\"color: #333333;\">Adecuadas para todos, independientemente de cualquier experiencia de meditaci\u00f3n.<\/span><\/p>\n<h4><span style=\"color: #333333;\"><strong>Bonos y descuentos\u00a0<\/strong><\/span><\/h4>\n<p><span style=\"color: #333333;\">Estas clases est\u00e1n incluidas en los bonos descuento y tarjetas kadampa (TK).<\/span><\/p>\n<p><span style=\"color: #333333;\">Haz clic aqu\u00ed para obtener m\u00e1s informaci\u00f3n: <span style=\"color: #333399;\"><a style=\"color: #333399;\" href=\"https:\/\/meditaeneuskadi.org\/eu\/tarjetas-kadampa\/\">bonos y tarjetas kadampa<\/a>.<\/span><\/span><\/p>","protected":false},"excerpt":{"rendered":"<p><span style=\"color: #ff6600;\"><strong><span style=\"color: #333333;\">\u00abH\u00e1bitos de gente feliz<\/span><\/strong><\/span><span style=\"color: #ff6600;\"><strong><span style=\"color: #333333;\">\u00bb <\/span><span style=\"color: #333333;\">\u00b7\u00a0<\/span><span style=\"color: #333333;\"><span style=\"color: #ff9900;\">Octubre<\/span> <\/span><\/strong><span style=\"color: #333333;\"><strong>\u00b7<\/strong> <\/span><\/span>Martes, 19:30-20:45h <strong>\u00b7<\/strong> Presencial y online<\/p>","protected":false},"featured_media":17184,"comment_status":"open","ping_status":"closed","template":"","meta":{"_EventAllDay":false,"_EventTimezone":"","_EventStartDate":"","_EventEndDate":"","_EventStartDateUTC":"","_EventEndDateUTC":"","_EventShowMap":false,"_EventShowMapLink":false,"_EventURL":"","_EventCost":"","_EventCostDescription":"","_EventCurrencySymbol":"","_EventCurrencyCode":"","_EventCurrencyPosition":"","_EventDateTimeSeparator":"","_EventTimeRangeSeparator":"","_EventOrganizerID":[],"_EventVenueID":[],"_OrganizerEmail":"","_OrganizerPhone":"","_OrganizerWebsite":"","_VenueAddress":"","_VenueCity":"","_VenueCountry":"","_VenueProvince":"","_VenueState":"","_VenueZip":"","_VenuePhone":"","_VenueURL":"","_VenueStateProvince":"","_VenueLat":"","_VenueLng":"","_VenueShowMap":false,"_VenueShowMapLink":false},"product_brand":[],"product_cat":[15],"product_tag":[],"class_list":{"0":"post-17070","1":"product","2":"type-product","3":"status-publish","4":"has-post-thumbnail","6":"product_cat-medita-en-euskadi","7":"description-off","9":"first","10":"instock","11":"shipping-taxable","12":"purchasable","13":"product-type-variable"},"jetpack_sharing_enabled":true,"_links":{"self":[{"href":"https:\/\/meditaeneuskadi.org\/eu\/wp-json\/wp\/v2\/product\/17070","targetHints":{"allow":["GET"]}}],"collection":[{"href":"https:\/\/meditaeneuskadi.org\/eu\/wp-json\/wp\/v2\/product"}],"about":[{"href":"https:\/\/meditaeneuskadi.org\/eu\/wp-json\/wp\/v2\/types\/product"}],"replies":[{"embeddable":true,"href":"https:\/\/meditaeneuskadi.org\/eu\/wp-json\/wp\/v2\/comments?post=17070"}],"wp:featuredmedia":[{"embeddable":true,"href":"https:\/\/meditaeneuskadi.org\/eu\/wp-json\/wp\/v2\/media\/17184"}],"wp:attachment":[{"href":"https:\/\/meditaeneuskadi.org\/eu\/wp-json\/wp\/v2\/media?parent=17070"}],"wp:term":[{"taxonomy":"product_brand","embeddable":true,"href":"https:\/\/meditaeneuskadi.org\/eu\/wp-json\/wp\/v2\/product_brand?post=17070"},{"taxonomy":"product_cat","embeddable":true,"href":"https:\/\/meditaeneuskadi.org\/eu\/wp-json\/wp\/v2\/product_cat?post=17070"},{"taxonomy":"product_tag","embeddable":true,"href":"https:\/\/meditaeneuskadi.org\/eu\/wp-json\/wp\/v2\/product_tag?post=17070"}],"curies":[{"name":"wp","href":"https:\/\/api.w.org\/{rel}","templated":true}]}}