{"id":17154,"date":"2025-09-23T14:17:28","date_gmt":"2025-09-23T14:17:28","guid":{"rendered":"https:\/\/meditaeneuskadi.org\/?post_type=product&#038;p=17154"},"modified":"2026-02-03T16:34:22","modified_gmt":"2026-02-03T16:34:22","slug":"intro-budismo-meditacion","status":"publish","type":"product","link":"https:\/\/meditaeneuskadi.org\/eu\/product\/intro-budismo-meditacion\/","title":{"rendered":"Martes"},"content":{"rendered":"<h4><span style=\"color: #333333;\">MEDITACI\u00d3N Y BUDISMO MODERNO<\/span><\/h4>\n<h3><span style=\"color: #333333;\">\u00ab<span style=\"color: #ff6600;\">Introducci\u00f3n al budismo\u00bb<\/span><\/span><\/h3>\n<h4>Sobre el Ciclo<\/h4>\n<p><strong>Encuentra paz, conexi\u00f3n y compasi\u00f3n.<\/strong><\/p>\n<p>Ven y explora los principios fundamentales del budismo Kadampa moderno de una manera sencilla y muy significativa.<\/p>\n<p>Todos anhelamos felicidad duradera y liberarnos de los desaf\u00edos de la vida. Las ense\u00f1anzas de Buda ofrecen sabidur\u00eda pr\u00e1ctica y sencilla que nos ayuda a cultivar la paz interior y la verdadera alegr\u00eda en la vida diaria.<\/p>\n<p>Aprende a superar la infelicidad, profundizar la compasi\u00f3n y vivir con m\u00e1s paz y conexi\u00f3n.<\/p>\n<p>Este Ciclo est\u00e1 abierto a todos. No se necesita experiencia.<\/p>\n<p>\u00danete a una o a las cuatro semanas! Inscr\u00edbete cuando quieras. \u00a1Nos encantar\u00eda verte all\u00ed!<\/p>\n<p><strong>Qu\u00e9 incluye:<\/strong><\/p>\n<ul>\n<li>Meditaciones y consejos pr\u00e1cticos para practicarlas en tu d\u00eda a d\u00eda.<\/li>\n<li>Soluciones pr\u00e1cticas a tus problemas de la vida cotidiana.<\/li>\n<li>Aprende el arte de la meditaci\u00f3n de forma clara y sencilla, una herramienta esencial para desarrollar tus buenas cualidades, como la paz interior, el amor y la paciencia.<\/li>\n<li>Puedes asistir a las clases sueltas o inscribirte al curso completo. No se requiere experiencia previa.<\/li>\n<li>Todas las partes de las clase son guiadas por nuestros maestros.<\/li>\n<li>Incluye un espacio para preguntas al final.<\/li>\n<\/ul>\n<h4><span style=\"color: #333333;\"><strong>\u00bfCu\u00e1ndo?<\/strong><\/span><\/h4>\n<p><span style=\"color: #333333;\">Martes de 19:30-20:45h<\/span><\/p>\n<p><span style=\"color: #333333;\">Fechas: Enero 13, 20, 27 y <span style=\"color: #ff6600;\">Febrero 3 (esta clase ser\u00e1 de 19-20:15h)<\/span><\/span><\/p>\n<p>Siguiente Ciclo \u2734\ufe0f\u00bb<a href=\"https:\/\/meditaeneuskadi.org\/eu\/product\/meditar-para-vivir-con-significado\/\">Meditaciones de Lamrim &#8211; Dando significado a nuestra vida con el espejo del Dharma<\/a>\u00ab\u2734\ufe0f<\/p>\n<h4>La Maestra<\/h4>\n<p><span style=\"color: #808080;\"><img decoding=\"async\" class=\"alignnone wp-image-11030 size-thumbnail\" src=\"https:\/\/meditaeneuskadi.org\/wp-content\/uploads\/2023\/12\/KMCB_2-150x150.jpg\" alt=\"\" width=\"150\" height=\"150\" srcset=\"https:\/\/meditaeneuskadi.org\/wp-content\/uploads\/2023\/12\/KMCB_2-150x150.jpg 150w, https:\/\/meditaeneuskadi.org\/wp-content\/uploads\/2023\/12\/KMCB_2-300x300.jpg 300w, https:\/\/meditaeneuskadi.org\/wp-content\/uploads\/2023\/12\/KMCB_2-1024x1024.jpg 1024w, https:\/\/meditaeneuskadi.org\/wp-content\/uploads\/2023\/12\/KMCB_2-768x768.jpg 768w, https:\/\/meditaeneuskadi.org\/wp-content\/uploads\/2023\/12\/KMCB_2-1536x1536.jpg 1536w, https:\/\/meditaeneuskadi.org\/wp-content\/uploads\/2023\/12\/KMCB_2-2048x2048.jpg 2048w, https:\/\/meditaeneuskadi.org\/wp-content\/uploads\/2023\/12\/KMCB_2-12x12.jpg 12w, https:\/\/meditaeneuskadi.org\/wp-content\/uploads\/2023\/12\/KMCB_2-1000x1000.jpg 1000w, https:\/\/meditaeneuskadi.org\/wp-content\/uploads\/2023\/12\/KMCB_2-200x200.jpg 200w\" sizes=\"(max-width: 150px) 100vw, 150px\" \/><\/span><\/p>\n<p><span style=\"color: #333333;\"><strong>Eva P\u00e9rez &#8211; Maestra principal del KMC Bilbao<\/strong>.<\/span><\/p>\n<p><span class=\"OYPEnA text-decoration-none text-strikethrough-none\" style=\"color: #333333;\">Eva ha estudiado y practicado la meditaci\u00f3n y el budismo Kadampa bajo la gu\u00eda del venerable Gueshe Kelsang Gyatso durante m\u00e1s de 18 a\u00f1os de manera sincera y entusiasta, lo que hace de ella una maestra cercana y muy pr\u00e1ctica.<\/span><\/p>\n<h4>El formato<\/h4>\n<p><span style=\"color: #333333; font-weight: normal;\">Presencial y online (este formato solamente con los bonos online y las tarjetas kadampa).\u00a0<\/span><\/p>\n<h4><strong>Material de apoyo<\/strong><\/h4>\n<p><span style=\"color: #333333;\"><em>\u00abIntroducci\u00f3n al Budismo\u00bb y \u00abNuevo manual de la meditaci\u00f3n, <\/em>ambos de Gueshe Kelsang Gyatso.<\/span><\/p>\n<p><span style=\"color: #333333;\">Disponible en nuestra tienda del KMC Bilbao.<\/span><\/p>\n<div>\n<h4><strong style=\"color: #333333;\">\u00bfD\u00f3nde?<\/strong><\/h4>\n<\/div>\n<p><span style=\"color: #333399;\"><a style=\"color: #333399;\" href=\"https:\/\/www.google.es\/maps\/place\/KMC+Bilbao+%E2%80%93+Centro+de+Meditaci%C3%B3n+Kadampa\/@43.2559032,-2.9260764,17z\/data=!4m10!1m2!2m1!1sKMC+Bilbao,+Artekale+4+kalea,+28005+Bilbao,+Bizkaia!3m6!1s0xd4e4fcc8beabaa3:0x412b6bdcdec51840!8m2!3d43.2559032!4d-2.9235015!15sCjNLTUMgQmlsYmFvLCBBcnRla2FsZSA0IGthbGVhLCAyODAwNSBCaWxiYW8sIEJpemthaWGSARFtZWRpdGF0aW9uX2NlbnRlcuABAA!16s%2Fg%2F11f15mmq89?entry=ttu\" target=\"_blank\" rel=\"noopener\">KMC Bilbao, Artekale 4, 48005 Bilbao<\/a><\/span><\/p>\n<h4><span style=\"color: #333333;\"><strong>\u00bfSon las clases para m\u00ed?<\/strong><\/span><\/h4>\n<p><span style=\"color: #333333;\">Adecuadas para todos, independientemente de cualquier experiencia de meditaci\u00f3n.<\/span><\/p>\n<h4><strong>Precios<\/strong><\/h4>\n<p>Clase suelta: 9\u20ac \u2022 Completo: 21\u20ac<\/p>\n<h4><span style=\"color: #333333;\"><strong>Bonos y descuentos\u00a0<\/strong><\/span><\/h4>\n<p><span style=\"color: #333333;\">Estas clases est\u00e1n incluidas en los bonos descuento y tarjetas kadampa (TK).<\/span><\/p>\n<p><span style=\"color: #333333;\">Haz clic aqu\u00ed para obtener m\u00e1s informaci\u00f3n: <span style=\"color: #333399;\"><a style=\"color: #333399;\" href=\"https:\/\/meditaeneuskadi.org\/eu\/tarjetas-kadampa\/\">bonos y tarjetas kadampa<\/a>.<\/span><\/span><\/p>","protected":false},"excerpt":{"rendered":"<p><span style=\"color: #333333;\"><strong>Ciclo: \u00abIntroducci\u00f3n al budismo<\/strong><\/span><span style=\"color: #ff6600;\"><strong><span style=\"color: #333333;\">\u00ab<span style=\"color: #ff9900;\">\u00a0<\/span><\/span><\/strong><span style=\"color: #333333;\"><strong>\u00b7<\/strong> <\/span><\/span><span style=\"color: #333333;\">Martes, 19:30-20:45h <strong>\u00b7 <span style=\"color: #ff6600;\">Clase de 3 de febrero de 19:00-20:15h<\/span> \u00b7 <\/strong>Presencial y online <strong>\u00b7 <\/strong>En Bilbao<\/span><\/p>","protected":false},"featured_media":17162,"comment_status":"open","ping_status":"closed","template":"","meta":{"_EventAllDay":false,"_EventTimezone":"","_EventStartDate":"","_EventEndDate":"","_EventStartDateUTC":"","_EventEndDateUTC":"","_EventShowMap":false,"_EventShowMapLink":false,"_EventURL":"","_EventCost":"","_EventCostDescription":"","_EventCurrencySymbol":"","_EventCurrencyCode":"","_EventCurrencyPosition":"","_EventDateTimeSeparator":"","_EventTimeRangeSeparator":"","_EventOrganizerID":[],"_EventVenueID":[],"_OrganizerEmail":"","_OrganizerPhone":"","_OrganizerWebsite":"","_VenueAddress":"","_VenueCity":"","_VenueCountry":"","_VenueProvince":"","_VenueState":"","_VenueZip":"","_VenuePhone":"","_VenueURL":"","_VenueStateProvince":"","_VenueLat":"","_VenueLng":"","_VenueShowMap":false,"_VenueShowMapLink":false},"product_brand":[],"product_cat":[15],"product_tag":[],"class_list":{"0":"post-17154","1":"product","2":"type-product","3":"status-publish","4":"has-post-thumbnail","6":"product_cat-medita-en-euskadi","7":"description-off","9":"first","10":"instock","11":"shipping-taxable","12":"purchasable","13":"product-type-variable"},"jetpack_sharing_enabled":true,"_links":{"self":[{"href":"https:\/\/meditaeneuskadi.org\/eu\/wp-json\/wp\/v2\/product\/17154","targetHints":{"allow":["GET"]}}],"collection":[{"href":"https:\/\/meditaeneuskadi.org\/eu\/wp-json\/wp\/v2\/product"}],"about":[{"href":"https:\/\/meditaeneuskadi.org\/eu\/wp-json\/wp\/v2\/types\/product"}],"replies":[{"embeddable":true,"href":"https:\/\/meditaeneuskadi.org\/eu\/wp-json\/wp\/v2\/comments?post=17154"}],"wp:featuredmedia":[{"embeddable":true,"href":"https:\/\/meditaeneuskadi.org\/eu\/wp-json\/wp\/v2\/media\/17162"}],"wp:attachment":[{"href":"https:\/\/meditaeneuskadi.org\/eu\/wp-json\/wp\/v2\/media?parent=17154"}],"wp:term":[{"taxonomy":"product_brand","embeddable":true,"href":"https:\/\/meditaeneuskadi.org\/eu\/wp-json\/wp\/v2\/product_brand?post=17154"},{"taxonomy":"product_cat","embeddable":true,"href":"https:\/\/meditaeneuskadi.org\/eu\/wp-json\/wp\/v2\/product_cat?post=17154"},{"taxonomy":"product_tag","embeddable":true,"href":"https:\/\/meditaeneuskadi.org\/eu\/wp-json\/wp\/v2\/product_tag?post=17154"}],"curies":[{"name":"wp","href":"https:\/\/api.w.org\/{rel}","templated":true}]}}