{"id":17304,"date":"2025-11-01T09:25:13","date_gmt":"2025-11-01T09:25:13","guid":{"rendered":"https:\/\/meditaeneuskadi.org\/?post_type=product&#038;p=17304"},"modified":"2026-04-09T11:17:05","modified_gmt":"2026-04-09T11:17:05","slug":"domingo-meditacion-bilbao","status":"publish","type":"product","link":"https:\/\/meditaeneuskadi.org\/eu\/product\/domingo-meditacion-bilbao\/","title":{"rendered":"Domingo"},"content":{"rendered":"<h3><span style=\"color: #333333;\">Clase de meditaci\u00f3n \u00abLa hora feliz: Ocho pasos a la felicidad\u00bb<\/span><\/h3>\n<h4><strong>Sobre las clases<\/strong><\/h4>\n<p>Est\u00e1s clases de meditaci\u00f3n guiadas con breves instrucciones y consejos pr\u00e1cticos te permitir\u00e1n conocer la meditaci\u00f3n budista y descubrir m\u00e9todos muy claros y sencillos para transformar tus dificultades de la vida en valiosas y profundas experiencias positivas, mejorar tus relaciones con los dem\u00e1s y aumentar tu paciencia, empat\u00eda y compasi\u00f3n en la vida cotidiana.<\/p>\n<p>Aptas para todos, incluidos principiantes.<\/p>\n<h4><span style=\"color: #333333;\">\u00bfCu\u00e1ndo?<\/span><\/h4>\n<p>Domingos 11:00 a 12:00h<\/p>\n<p><strong>Enero<\/strong> 11 y 25<\/p>\n<p><strong>Febrero<\/strong> 1 y 15<\/p>\n<p><strong>Marzo<\/strong> 8 y 22<\/p>\n<p><strong>Abril<\/strong> 12 y 26<\/p>\n<p><strong>Mayo<\/strong> 10 y 17<\/p>\n<p><b>Junio <\/b>7 y 28<\/p>\n<h4><span style=\"color: #333333;\">El formato<\/span><\/h4>\n<p><span style=\"color: #333333;\">Presencial\u00a0<\/span><\/p>\n<h4><span style=\"color: #333333;\">La maestra<\/span><\/h4>\n<p><img decoding=\"async\" class=\"alignnone size-thumbnail wp-image-11030\" src=\"https:\/\/meditaeneuskadi.org\/wp-content\/uploads\/2023\/12\/KMCB_2-150x150.jpg\" alt=\"\" width=\"150\" height=\"150\" srcset=\"https:\/\/meditaeneuskadi.org\/wp-content\/uploads\/2023\/12\/KMCB_2-150x150.jpg 150w, https:\/\/meditaeneuskadi.org\/wp-content\/uploads\/2023\/12\/KMCB_2-300x300.jpg 300w, https:\/\/meditaeneuskadi.org\/wp-content\/uploads\/2023\/12\/KMCB_2-1024x1024.jpg 1024w, https:\/\/meditaeneuskadi.org\/wp-content\/uploads\/2023\/12\/KMCB_2-768x768.jpg 768w, https:\/\/meditaeneuskadi.org\/wp-content\/uploads\/2023\/12\/KMCB_2-1536x1536.jpg 1536w, https:\/\/meditaeneuskadi.org\/wp-content\/uploads\/2023\/12\/KMCB_2-2048x2048.jpg 2048w, https:\/\/meditaeneuskadi.org\/wp-content\/uploads\/2023\/12\/KMCB_2-12x12.jpg 12w, https:\/\/meditaeneuskadi.org\/wp-content\/uploads\/2023\/12\/KMCB_2-1000x1000.jpg 1000w, https:\/\/meditaeneuskadi.org\/wp-content\/uploads\/2023\/12\/KMCB_2-200x200.jpg 200w\" sizes=\"(max-width: 150px) 100vw, 150px\" \/> Eva P\u00e9rez, maestra residente del KMC Bilbao<\/p>\n<h4>Libro del ciclo<\/h4>\n<p><img decoding=\"async\" class=\"wp-image-17963 alignleft\" src=\"https:\/\/meditaeneuskadi.org\/wp-content\/uploads\/2025\/11\/nopf_2137-200x300.jpg\" alt=\"\" width=\"140\" height=\"210\" srcset=\"https:\/\/meditaeneuskadi.org\/wp-content\/uploads\/2025\/11\/nopf_2137-200x300.jpg 200w, https:\/\/meditaeneuskadi.org\/wp-content\/uploads\/2025\/11\/nopf_2137-8x12.jpg 8w, https:\/\/meditaeneuskadi.org\/wp-content\/uploads\/2025\/11\/nopf_2137.jpg 667w\" sizes=\"(max-width: 140px) 100vw, 140px\" \/>\u00ab<strong>Nuevo ocho pasos a la felicidad<\/strong>\u00bb de Gueshe Kelsang Gyatso. Disponible en nuestra tienda del KMC Bilbao.<\/p>\n<h4><span style=\"color: #333333;\">\u00bfD\u00f3nde?<\/span><\/h4>\n<p>KMC Bilbao, Artekale, 4 (Casco Viejo)<\/p>\n<h4>Precio<\/h4>\n<p>8\u20ac por clase<\/p>\n<h4><span style=\"color: #333333;\">\u00bfEs adecuada para m\u00ed?<\/span><\/h4>\n<p><span style=\"color: #333333;\">Adecuada para todos, independientemente de cualquier experiencia de meditaci\u00f3n.<\/span><\/p>","protected":false},"excerpt":{"rendered":"<p><span style=\"color: #333333;\"><strong>Clase de meditaci\u00f3n: \u00ab<\/strong><\/span><strong><span style=\"color: #333333;\">La hora feliz: Ocho pasos a la felicidad\u00bb<\/span><\/strong><span style=\"color: #333333;\"> \u2022 Domingos 12 y 26 de abril y m\u00e1s, 11:00-12:00h, en Bilbao<\/span><\/p>\n<p>&nbsp;<\/p>","protected":false},"featured_media":17962,"comment_status":"open","ping_status":"closed","template":"","meta":{"_EventAllDay":false,"_EventTimezone":"","_EventStartDate":"","_EventEndDate":"","_EventStartDateUTC":"","_EventEndDateUTC":"","_EventShowMap":false,"_EventShowMapLink":false,"_EventURL":"","_EventCost":"","_EventCostDescription":"","_EventCurrencySymbol":"","_EventCurrencyCode":"","_EventCurrencyPosition":"","_EventDateTimeSeparator":"","_EventTimeRangeSeparator":"","_EventOrganizerID":[],"_EventVenueID":[],"_OrganizerEmail":"","_OrganizerPhone":"","_OrganizerWebsite":"","_VenueAddress":"","_VenueCity":"","_VenueCountry":"","_VenueProvince":"","_VenueState":"","_VenueZip":"","_VenuePhone":"","_VenueURL":"","_VenueStateProvince":"","_VenueLat":"","_VenueLng":"","_VenueShowMap":false,"_VenueShowMapLink":false},"product_brand":[],"product_cat":[15,105],"product_tag":[101],"class_list":{"0":"post-17304","1":"product","2":"type-product","3":"status-publish","4":"has-post-thumbnail","6":"product_cat-medita-en-euskadi","7":"product_cat-por-la-manana","8":"product_tag-bilbao","9":"description-off","11":"first","12":"instock","13":"shipping-taxable","14":"purchasable","15":"product-type-variable"},"jetpack_sharing_enabled":true,"_links":{"self":[{"href":"https:\/\/meditaeneuskadi.org\/eu\/wp-json\/wp\/v2\/product\/17304","targetHints":{"allow":["GET"]}}],"collection":[{"href":"https:\/\/meditaeneuskadi.org\/eu\/wp-json\/wp\/v2\/product"}],"about":[{"href":"https:\/\/meditaeneuskadi.org\/eu\/wp-json\/wp\/v2\/types\/product"}],"replies":[{"embeddable":true,"href":"https:\/\/meditaeneuskadi.org\/eu\/wp-json\/wp\/v2\/comments?post=17304"}],"wp:featuredmedia":[{"embeddable":true,"href":"https:\/\/meditaeneuskadi.org\/eu\/wp-json\/wp\/v2\/media\/17962"}],"wp:attachment":[{"href":"https:\/\/meditaeneuskadi.org\/eu\/wp-json\/wp\/v2\/media?parent=17304"}],"wp:term":[{"taxonomy":"product_brand","embeddable":true,"href":"https:\/\/meditaeneuskadi.org\/eu\/wp-json\/wp\/v2\/product_brand?post=17304"},{"taxonomy":"product_cat","embeddable":true,"href":"https:\/\/meditaeneuskadi.org\/eu\/wp-json\/wp\/v2\/product_cat?post=17304"},{"taxonomy":"product_tag","embeddable":true,"href":"https:\/\/meditaeneuskadi.org\/eu\/wp-json\/wp\/v2\/product_tag?post=17304"}],"curies":[{"name":"wp","href":"https:\/\/api.w.org\/{rel}","templated":true}]}}