{"id":17640,"date":"2025-12-14T16:42:43","date_gmt":"2025-12-14T16:42:43","guid":{"rendered":"https:\/\/meditaeneuskadi.org\/?post_type=product&#038;p=17640"},"modified":"2026-03-26T08:15:02","modified_gmt":"2026-03-26T08:15:02","slug":"programa-meditacion","status":"publish","type":"product","link":"https:\/\/meditaeneuskadi.org\/eu\/product\/programa-meditacion\/","title":{"rendered":"Programa de actividades (Enero-Abril 2026)"},"content":{"rendered":"<p>&nbsp;<\/p>\n<table dir=\"ltr\" border=\"1\" cellspacing=\"0\" cellpadding=\"0\" data-sheets-root=\"1\" data-sheets-baot=\"1\">\n<colgroup>\n<col width=\"573\" \/><\/colgroup>\n<tbody>\n<tr>\n<td>\n<blockquote>\n<h3><strong>TALLERES, RETIROS Y OTROS EVENTOS ESPECIALES (Enero-Abril)<\/strong><\/h3>\n<\/blockquote>\n<\/td>\n<\/tr>\n<tr>\n<td><strong>Taller de meditaci\u00f3n: <a href=\"https:\/\/meditaeneuskadi.org\/eu\/product\/taller-aprende-a-meditar-enero\/\">\u00abAprende a meditar: El arte de soltar, la clave de tu bienestar\u00bb<\/a><\/strong><br \/>\nS\u00e1bado 3 de enero \u00b7 10:30-13h<\/td>\n<\/tr>\n<tr>\n<td><strong>Taller de meditaci\u00f3n: <a href=\"https:\/\/meditaeneuskadi.org\/eu\/product\/taller-y-retiro-urbano-bilbao\/\">\u00abPlan detox: 5 ingredientes <\/a><\/strong><strong>para mejorar tu poder mental\u00bb<\/strong><br \/>\nS\u00e1bado 10 de enero \u00b7 10:30-13h<strong>Taller pr\u00e1ctico de Tantra<\/strong> (solo para los practicantes con Iniciaciones de Heruka y Vajrayogini) (15:00-16:00h, seguido de puyha con ofrendas: \u00abOfrenda al gu\u00eda espiritual\u00bb)<\/td>\n<\/tr>\n<tr>\n<td><strong>Clase de meditaci\u00f3n:<a href=\"https:\/\/meditaeneuskadi.org\/eu\/product\/domingo-meditacion-bilbao\/\"> \u00abLa hora feliz: 8 Pasos a la felicidad\u00bb<\/a><\/strong><br \/>\nDomingo 11 de enero, 11-12h<\/td>\n<\/tr>\n<tr>\n<td><strong>Retiro urbano: <a href=\"https:\/\/meditaeneuskadi.org\/eu\/product\/taller-y-retiro-urbano-bilbao\/\">\u00abCalma tu mente sobrecargada\u00bb<\/a><\/strong><br \/>\nDomingo 11 de enero, 11-12h y 12:30-13:30h<\/td>\n<\/tr>\n<tr>\n<td><strong>Retiro urbano: <a href=\"https:\/\/meditaeneuskadi.org\/eu\/product\/retiro-urbano-amitayus\/\">\u00abLarga Vida con Amitayus\u00bb<\/a><\/strong><br \/>\nS\u00e1bado 17 &#8211; Domingo 18 de Enero<\/td>\n<\/tr>\n<tr>\n<td><strong>Taller de meditaci\u00f3n: <a href=\"https:\/\/meditaeneuskadi.org\/eu\/product\/menos-estres-menos-preocupaciones\/\">Aprende a meditar: \u00abMenos estr\u00e9s, menos preocupaciones\u00bb<\/a><\/strong><br \/>\nS\u00e1bado 24 de enero, 10:30-13h<\/td>\n<\/tr>\n<tr>\n<td><strong>D\u00eda de la comunidad <\/strong>Domingo 25 de enero (Evento gratuito) (Horario por confirmarse)<\/td>\n<\/tr>\n<tr>\n<td><strong>Clase de meditaci\u00f3n: <a href=\"https:\/\/meditaeneuskadi.org\/eu\/product\/domingo-meditacion-bilbao\/\">\u00abLa hora feliz: 8 Pasos a la felicidad\u00bb<\/a><\/strong><br \/>\nDomingo 25 de enero, 11-12h<\/td>\n<\/tr>\n<tr>\n<td><strong>Taller de meditaci\u00f3n : <a href=\"https:\/\/meditaeneuskadi.org\/eu\/product\/claves-superar-ansiedad\/\">\u00ab5 meditaciones para superar la ansiedad\u00bb<\/a><\/strong><br \/>\nS\u00e1bado 31 de enero \u00b7 10:30-13h<\/td>\n<\/tr>\n<tr>\n<td><strong>Clase de meditaci\u00f3n:<a href=\"https:\/\/meditaeneuskadi.org\/eu\/product\/domingo-meditacion-bilbao\/\"> \u00abLa hora feliz: 8 Pasos a la felicidad\u00bb<\/a><\/strong><br \/>\nDomingo 1 de febrero, 11-12h<\/td>\n<\/tr>\n<tr>\n<td><span style=\"color: #333333;\"><a style=\"color: #333333;\" href=\"https:\/\/meditaeneuskadi.org\/eu\/product\/iniciacion-buda-tara-verde\/\"><strong>Especial: <\/strong><\/a><a href=\"https:\/\/meditaeneuskadi.org\/eu\/product\/iniciacion-buda-tara-verde\/\"><strong>\u00abIniciaci\u00f3n de bendiciones de Buda Tara Verde y comentario a su pr\u00e1ctica &#8211; Liberaci\u00f3n del dolor\u00bb<\/strong><\/a><\/span><br \/>\nS\u00e1bado 7, 11:00h-17:30h <strong>\u00b7<\/strong> Retiro: \u00abLa pr\u00e1ctica de Tara: Liberaci\u00f3n del dolor\u00bb, domingo 8, 10:30 &#8211; 17h<\/td>\n<\/tr>\n<tr>\n<td><strong>Taller de meditaci\u00f3n: <a href=\"https:\/\/meditaeneuskadi.org\/eu\/product\/amar-sin-dolor\/\">\u00abAmar sin dolor\u00bb<\/a><\/strong><br \/>\nS\u00e1bado 14 de febrero 10:30-13h<\/td>\n<\/tr>\n<tr>\n<td><strong>Clase de meditaci\u00f3n: <a href=\"https:\/\/meditaeneuskadi.org\/eu\/product\/domingo-meditacion-bilbao\/\">\u00abLa hora feliz: 8 Pasos a la felicidad\u00bb<\/a><\/strong><br \/>\nDomingo 15 de febrero, 11-12h<\/td>\n<\/tr>\n<tr>\n<td><strong>Curso: <a href=\"https:\/\/meditaeneuskadi.org\/eu\/product\/curso-mandalas-retiro\/\">\u00abMente pura, mundo puro &#8211; La pr\u00e1ctica de Mandalas\u00bb<\/a><\/strong><br \/>\nS\u00e1bado 21 de febrero 10:30-17h<\/td>\n<\/tr>\n<tr>\n<td><strong>Retiro urbano para profundizar: <a href=\"https:\/\/meditaeneuskadi.org\/eu\/product\/curso-mandalas-retiro\/\">\u00abYoga del Guru y Mandalas\u00bb<\/a><\/strong><br \/>\nDomingo 22 de febrero<\/td>\n<\/tr>\n<tr>\n<td><strong>Taller de meditaci\u00f3n: <a href=\"https:\/\/meditaeneuskadi.org\/eu\/product\/taller-aprende-a-meditar-febrero\/\">\u00abAprende a meditar: Vive ligero\u00bb<\/a><\/strong><br \/>\nS\u00e1bado 28 de febrero, 10:30-13h<\/td>\n<\/tr>\n<tr>\n<td><strong>Taller: \u00abVive la meditaci\u00f3n: Sanando relaciones\u00bb<\/strong><br \/>\nS\u00e1bado 7 de marzo, 10:30-13:00h<\/td>\n<\/tr>\n<tr>\n<td><strong>Clase de meditaci\u00f3n: <a href=\"https:\/\/meditaeneuskadi.org\/eu\/product\/domingo-meditacion-bilbao\/\">\u00abLa hora feliz: 8 Pasos a la felicidad\u00bb<\/a><\/strong><br \/>\nDomingo 8 de marzo, 11-12h<\/td>\n<\/tr>\n<tr>\n<td><strong>Especial especial <a href=\"https:\/\/meditaeneuskadi.org\/eu\/product\/especial-meditacion-exito\/\">con la maestra residente invitada guen Kelsang Trime <\/a><\/strong><\/p>\n<p><b>Masterclass<\/b>:<i> \u00abLas claves del verdadero \u00e9xito\u00bb \u00b7<\/i><i>Viernes 20 de marzo, 19:30-21:00h<\/i><\/p>\n<div><b>Curso<\/b>:\u00a0<i>\u00abPaz, integridad y compasi\u00f3n: C\u00f3mo afrontar nuestras dificultades\u00bb \u00b7 <\/i><i>S\u00e1bado 21 de marzo, 10:30-16:30h<\/i><\/div>\n<\/td>\n<\/tr>\n<tr>\n<td><strong>Clase de meditaci\u00f3n: <a href=\"https:\/\/meditaeneuskadi.org\/eu\/product\/domingo-meditacion-bilbao\/\">\u00abLa hora feliz: 8 Pasos a la felicidad\u00bb<\/a><\/strong><br \/>\nDomingo 15 de marzo, 11-12h<\/td>\n<\/tr>\n<tr>\n<td><strong>Taller: Medita: \u00a1Para ser feliz siempre<\/strong><br \/>\nS\u00e1bado 28 de marzo, 10:00-12:30h<\/p>\n<p><strong>Taller:\u00a0<\/strong><br \/>\nS\u00e1bado 11 de abril, 10:30-13:00h<\/td>\n<\/tr>\n<tr>\n<td><strong>Clase de meditaci\u00f3n: <a href=\"https:\/\/meditaeneuskadi.org\/eu\/product\/domingo-meditacion-bilbao\/\">\u00abLa hora feliz: 8 Pasos a la felicidad\u00bb<\/a><\/strong><br \/>\nDomingo 12 y 20 de abril, 11-12h<\/td>\n<\/tr>\n<\/tbody>\n<\/table>\n<p><!--more--><\/p>\n<p>&nbsp;<\/p>","protected":false},"excerpt":{"rendered":"<p><strong>Programa Enero-Abril 2026<\/strong> \u00b7 En Bilbao<\/p>","protected":false},"featured_media":13931,"comment_status":"open","ping_status":"closed","template":"","meta":{"_EventAllDay":false,"_EventTimezone":"","_EventStartDate":"","_EventEndDate":"","_EventStartDateUTC":"","_EventEndDateUTC":"","_EventShowMap":false,"_EventShowMapLink":false,"_EventURL":"","_EventCost":"","_EventCostDescription":"","_EventCurrencySymbol":"","_EventCurrencyCode":"","_EventCurrencyPosition":"","_EventDateTimeSeparator":"","_EventTimeRangeSeparator":"","_EventOrganizerID":[],"_EventVenueID":[],"_OrganizerEmail":"","_OrganizerPhone":"","_OrganizerWebsite":"","_VenueAddress":"","_VenueCity":"","_VenueCountry":"","_VenueProvince":"","_VenueState":"","_VenueZip":"","_VenuePhone":"","_VenueURL":"","_VenueStateProvince":"","_VenueLat":"","_VenueLng":"","_VenueShowMap":false,"_VenueShowMapLink":false},"product_brand":[],"product_cat":[15],"product_tag":[],"class_list":{"0":"post-17640","1":"product","2":"type-product","3":"status-publish","4":"has-post-thumbnail","6":"product_cat-medita-en-euskadi","7":"description-off","9":"first","10":"instock","11":"shipping-taxable","12":"product-type-simple"},"jetpack_sharing_enabled":true,"_links":{"self":[{"href":"https:\/\/meditaeneuskadi.org\/eu\/wp-json\/wp\/v2\/product\/17640","targetHints":{"allow":["GET"]}}],"collection":[{"href":"https:\/\/meditaeneuskadi.org\/eu\/wp-json\/wp\/v2\/product"}],"about":[{"href":"https:\/\/meditaeneuskadi.org\/eu\/wp-json\/wp\/v2\/types\/product"}],"replies":[{"embeddable":true,"href":"https:\/\/meditaeneuskadi.org\/eu\/wp-json\/wp\/v2\/comments?post=17640"}],"wp:featuredmedia":[{"embeddable":true,"href":"https:\/\/meditaeneuskadi.org\/eu\/wp-json\/wp\/v2\/media\/13931"}],"wp:attachment":[{"href":"https:\/\/meditaeneuskadi.org\/eu\/wp-json\/wp\/v2\/media?parent=17640"}],"wp:term":[{"taxonomy":"product_brand","embeddable":true,"href":"https:\/\/meditaeneuskadi.org\/eu\/wp-json\/wp\/v2\/product_brand?post=17640"},{"taxonomy":"product_cat","embeddable":true,"href":"https:\/\/meditaeneuskadi.org\/eu\/wp-json\/wp\/v2\/product_cat?post=17640"},{"taxonomy":"product_tag","embeddable":true,"href":"https:\/\/meditaeneuskadi.org\/eu\/wp-json\/wp\/v2\/product_tag?post=17640"}],"curies":[{"name":"wp","href":"https:\/\/api.w.org\/{rel}","templated":true}]}}