{"id":17677,"date":"2025-12-21T10:23:17","date_gmt":"2025-12-21T10:23:17","guid":{"rendered":"https:\/\/meditaeneuskadi.org\/?post_type=product&#038;p=17677"},"modified":"2026-04-09T08:51:21","modified_gmt":"2026-04-09T08:51:21","slug":"taller-aprende-a-meditar-enfado","status":"publish","type":"product","link":"https:\/\/meditaeneuskadi.org\/eu\/product\/taller-aprende-a-meditar-enfado\/","title":{"rendered":"Taller de meditaci\u00f3n (abril)"},"content":{"rendered":"<h3><span style=\"color: #333333;\">Taller de meditaci\u00f3n: \u00abVive la meditaci\u00f3n: Superando la irritaci\u00f3n y el enfado\u00bb<\/span><\/h3>\n<p><span style=\"color: #333333;\">S\u00e1bado, 11 de abril, 10:30-13h<\/span><\/p>\n<p data-pm-slice=\"1 1 []\"><span style=\"color: #333333;\">Frustraciones, molestias, enfados&#8230; todos estos estados mentales destruyen nuestra felicidad, nuestras relaciones y nuestra salud. En este taller de dos sesiones te ayudaremos a entender por qu\u00e9 nos surgen estos sentimientos dolorosos y c\u00f3mo responder a las dificultades diarias con m\u00e1s paciencia y aceptaci\u00f3n consciente.<\/span><\/p>\n<h4><span style=\"color: #333333;\">Modalidad<\/span><\/h4>\n<p><span style=\"color: #333333;\">Presencial y online<\/span><\/p>\n<h4><span style=\"color: #333333;\">El maestro<\/span><\/h4>\n<p><span style=\"color: #333333;\">Pedro Ram\u00edrez, maestro kadampa<\/span><\/p>\n<h4><span style=\"color: #333333;\">Programa\u00a0\u00a0<\/span><\/h4>\n<p><span style=\"color: #333333;\"><strong>10:30 &#8211; 11:30h \u00b7\u00a0<\/strong>Ense\u00f1anzas y meditaciones guiadas<\/span><\/p>\n<p><span style=\"color: #333333;\"><strong>12:00 &#8211; 13:00h \u00b7<\/strong> Ense\u00f1anzas y meditaciones guiadas<\/span><\/p>\n<h4><span style=\"color: #333333;\">Material de apoyo<\/span><\/h4>\n<p><span style=\"color: #333333;\">\u00ab<em>C\u00f3mo solucionar nuestros problemas humanos\u00bb<\/em><br \/>\n<img decoding=\"async\" class=\"wp-image-14750 alignleft\" src=\"https:\/\/meditaeneuskadi.org\/wp-content\/uploads\/2023\/11\/captura_de_pantalla_2024-03-09_161139_1-150x150.png\" alt=\"\" width=\"190\" height=\"190\" srcset=\"https:\/\/meditaeneuskadi.org\/wp-content\/uploads\/2023\/11\/captura_de_pantalla_2024-03-09_161139_1-150x150.png 150w, https:\/\/meditaeneuskadi.org\/wp-content\/uploads\/2023\/11\/captura_de_pantalla_2024-03-09_161139_1-300x300.png 300w, https:\/\/meditaeneuskadi.org\/wp-content\/uploads\/2023\/11\/captura_de_pantalla_2024-03-09_161139_1-12x12.png 12w, https:\/\/meditaeneuskadi.org\/wp-content\/uploads\/2023\/11\/captura_de_pantalla_2024-03-09_161139_1-200x200.png 200w, https:\/\/meditaeneuskadi.org\/wp-content\/uploads\/2023\/11\/captura_de_pantalla_2024-03-09_161139_1.png 700w\" sizes=\"(max-width: 190px) 100vw, 190px\" \/><\/span><\/p>\n<h4><span style=\"color: #333333;\">\u00bfEs para m\u00ed?<\/span><\/h4>\n<p><span style=\"color: #333333;\">Adecuado para todos, independientemente de cualquier experiencia de meditaci\u00f3n.<\/span><\/p>\n<h4><span style=\"color: #333333;\">Descuentos<\/span><\/h4>\n<p><span style=\"color: #333333;\">Asiste a todas las clases semanales, obt\u00e9n descuentos en eventos y m\u00e1s. Haz clic aqu\u00ed para obtener m\u00e1s informaci\u00f3n: <a href=\"https:\/\/meditaeneuskadi.org\/eu\/tarjetas-kadampa\/\">tarjetas kadampa.<\/a><\/span><\/p>","protected":false},"excerpt":{"rendered":"<p><span style=\"color: #000000;\"><strong>Vive la meditaci\u00f3n: Superando la irritaci\u00f3n y el enfado\u00bb<\/strong><strong> \u00b7 <\/strong>S\u00e1bado 11 de abril, 10:30-13h\u00a0 <strong>\u00b7<\/strong> Presencial y online \u00b7 En Bilbao<\/span><\/p>","protected":false},"featured_media":18432,"comment_status":"open","ping_status":"closed","template":"","meta":{"_EventAllDay":false,"_EventTimezone":"","_EventStartDate":"","_EventEndDate":"","_EventStartDateUTC":"","_EventEndDateUTC":"","_EventShowMap":false,"_EventShowMapLink":false,"_EventURL":"","_EventCost":"","_EventCostDescription":"","_EventCurrencySymbol":"","_EventCurrencyCode":"","_EventCurrencyPosition":"","_EventDateTimeSeparator":"","_EventTimeRangeSeparator":"","_EventOrganizerID":[],"_EventVenueID":[],"_OrganizerEmail":"","_OrganizerPhone":"","_OrganizerWebsite":"","_VenueAddress":"","_VenueCity":"","_VenueCountry":"","_VenueProvince":"","_VenueState":"","_VenueZip":"","_VenuePhone":"","_VenueURL":"","_VenueStateProvince":"","_VenueLat":"","_VenueLng":"","_VenueShowMap":false,"_VenueShowMapLink":false},"product_brand":[],"product_cat":[15,105],"product_tag":[101],"class_list":{"0":"post-17677","1":"product","2":"type-product","3":"status-publish","4":"has-post-thumbnail","6":"product_cat-medita-en-euskadi","7":"product_cat-por-la-manana","8":"product_tag-bilbao","9":"description-off","11":"first","12":"instock","13":"shipping-taxable","14":"purchasable","15":"product-type-simple"},"jetpack_sharing_enabled":true,"_links":{"self":[{"href":"https:\/\/meditaeneuskadi.org\/eu\/wp-json\/wp\/v2\/product\/17677","targetHints":{"allow":["GET"]}}],"collection":[{"href":"https:\/\/meditaeneuskadi.org\/eu\/wp-json\/wp\/v2\/product"}],"about":[{"href":"https:\/\/meditaeneuskadi.org\/eu\/wp-json\/wp\/v2\/types\/product"}],"replies":[{"embeddable":true,"href":"https:\/\/meditaeneuskadi.org\/eu\/wp-json\/wp\/v2\/comments?post=17677"}],"wp:featuredmedia":[{"embeddable":true,"href":"https:\/\/meditaeneuskadi.org\/eu\/wp-json\/wp\/v2\/media\/18432"}],"wp:attachment":[{"href":"https:\/\/meditaeneuskadi.org\/eu\/wp-json\/wp\/v2\/media?parent=17677"}],"wp:term":[{"taxonomy":"product_brand","embeddable":true,"href":"https:\/\/meditaeneuskadi.org\/eu\/wp-json\/wp\/v2\/product_brand?post=17677"},{"taxonomy":"product_cat","embeddable":true,"href":"https:\/\/meditaeneuskadi.org\/eu\/wp-json\/wp\/v2\/product_cat?post=17677"},{"taxonomy":"product_tag","embeddable":true,"href":"https:\/\/meditaeneuskadi.org\/eu\/wp-json\/wp\/v2\/product_tag?post=17677"}],"curies":[{"name":"wp","href":"https:\/\/api.w.org\/{rel}","templated":true}]}}