{"id":17789,"date":"2026-01-11T11:50:46","date_gmt":"2026-01-11T11:50:46","guid":{"rendered":"https:\/\/meditaeneuskadi.org\/?post_type=product&#038;p=17789"},"modified":"2026-04-12T15:11:04","modified_gmt":"2026-04-12T15:11:04","slug":"feliz-sin-ser-perfecto","status":"publish","type":"product","link":"https:\/\/meditaeneuskadi.org\/eu\/product\/feliz-sin-ser-perfecto\/","title":{"rendered":"Taller de meditaci\u00f3n (mayo)"},"content":{"rendered":"<h3><span style=\"color: #ff6600;\"><b>VIVE LA MEDITACI\u00d3N<\/b><\/span><\/h3>\n<h3><span style=\"color: #ff6600;\"><b>\u00abS\u00e9 feliz, sin ser perfecto\u00bb<\/b><\/span><\/h3>\n<p><span style=\"font-weight: 400; color: #333333;\">S\u00e1bado 9 de mayo\u00b7 10:30-13:00h<\/span><\/p>\n<h4><span style=\"color: #333333;\"><strong>Sobre el taller<\/strong><\/span><\/h4>\n<p>En la vida actual tenemos la constante presi\u00f3n de ser perfectos en lo que hacemos, en nuestras relaciones y en nuestras actividades profesionales. Es frecuente que, incluso habiendo hecho bien nuestras actividades, nos sintamos altamente insatisfechos e inseguros, no disfrutando realmente de la felicidad que tanto deseamos.<\/p>\n<p>En este taller:<\/p>\n<ul>\n<li>Aprenderemos a darnos la oportunidad de ser felices y de disfrutar nuestra vida, llen\u00e1ndola de significado a trav\u00e9s de adiestrar nuestra mente.<\/li>\n<li>Recibiremos consejos pr\u00e1cticos para aplicar en nuestra vida y aprenderemos a ver a la meditaci\u00f3n como un poderoso aliado interior.<\/li>\n<li>Exploraremos algunas ense\u00f1anzas y meditaciones que nos ayudar\u00e1n a mantener una mente tranquila y calmada cuando identifiquemos nuestros defectos, recibimos cr\u00edticas o cometemos errores.<\/li>\n<\/ul>\n<p>Si desarrollamos sabidur\u00eda podremos utilizar estas situaciones para conocernos mejor y aceptar que aunque no somos perfectos, tenemos un gran potencial para aprender y mejorar. Desarrollar este potencial es imprescindible para vivir felices y avanzar en nuestro camino espiritual. \u00a1Todos sois bienvenidos!.<\/p>\n<h4><strong>Programa<\/strong><\/h4>\n<p><span style=\"color: #333333;\"><strong>10:30 &#8211; 11:30h \u00b7\u00a0<\/strong>Incluye instrucciones pr\u00e1cticas y meditaciones guiadas<\/span><\/p>\n<p><span style=\"color: #333333;\"><strong>12:00 &#8211; 13:00h<\/strong>\u00b7 Incluye instrucciones pr\u00e1cticas y meditaciones guiadas<\/span><\/p>\n<p><span style=\"color: #333333;\"><em>Incluye un refrigerio entre los descansos de las sesiones.<\/em><\/span><\/p>\n<p><strong style=\"color: #333333;\">Formato<\/strong><\/p>\n<p><span style=\"color: #333333;\">Presencial<\/span><\/p>\n<h4><span style=\"color: #333333;\"><strong>El Maestro<\/strong><\/span><\/h4>\n<div>\n<p><span style=\"color: #333333;\"><img decoding=\"async\" class=\"alignnone wp-image-18361 size-thumbnail\" style=\"font-weight: normal;\" src=\"https:\/\/meditaeneuskadi.org\/wp-content\/uploads\/2026\/03\/ruben-2-150x150.png\" alt=\"\" width=\"150\" height=\"150\" srcset=\"https:\/\/meditaeneuskadi.org\/wp-content\/uploads\/2026\/03\/ruben-2-150x150.png 150w, https:\/\/meditaeneuskadi.org\/wp-content\/uploads\/2026\/03\/ruben-2-200x200.png 200w\" sizes=\"(max-width: 150px) 100vw, 150px\" \/>Rub\u00e9n Vilalta, maestro kadampa<\/span><\/p>\n<\/div>\n<h4><span style=\"color: #333333;\"><strong>Material de apoyo\u00a0<\/strong><\/span><\/h4>\n<p><span style=\"color: #333333;\"><em><img decoding=\"async\" class=\"wp-image-14750 size-thumbnail alignleft\" src=\"https:\/\/meditaeneuskadi.org\/wp-content\/uploads\/2023\/11\/captura_de_pantalla_2024-03-09_161139_1-150x150.png\" alt=\"\" width=\"150\" height=\"150\" srcset=\"https:\/\/meditaeneuskadi.org\/wp-content\/uploads\/2023\/11\/captura_de_pantalla_2024-03-09_161139_1-150x150.png 150w, https:\/\/meditaeneuskadi.org\/wp-content\/uploads\/2023\/11\/captura_de_pantalla_2024-03-09_161139_1-300x300.png 300w, https:\/\/meditaeneuskadi.org\/wp-content\/uploads\/2023\/11\/captura_de_pantalla_2024-03-09_161139_1-12x12.png 12w, https:\/\/meditaeneuskadi.org\/wp-content\/uploads\/2023\/11\/captura_de_pantalla_2024-03-09_161139_1-200x200.png 200w, https:\/\/meditaeneuskadi.org\/wp-content\/uploads\/2023\/11\/captura_de_pantalla_2024-03-09_161139_1.png 700w\" sizes=\"(max-width: 150px) 100vw, 150px\" \/>\u00ab<a href=\"https:\/\/tharpa.com\/es\/como-solucionar-nuestros-problemas-humanos\" target=\"_blank\" rel=\"noopener\">C\u00f3mo solucionar nuestros problemas humanos<\/a>\u00bb <\/em><\/span><\/p>\n<p><span style=\"color: #333333;\">Disponible en nuestra tienda y librer\u00eda del KMC Bilbao.<\/span><\/p>\n<p><span style=\"color: #333333;\"><strong>\u00bfD\u00f3nde?<\/strong><\/span><\/p>\n<p><span style=\"color: #333399;\"><a style=\"color: #333399;\" href=\"https:\/\/www.google.es\/maps\/place\/KMC+Bilbao+%E2%80%93+Centro+de+Meditaci%C3%B3n+Kadampa\/@43.2559032,-2.9260764,17z\/data=!4m10!1m2!2m1!1sKMC+Bilbao,+Artekale+4+kalea,+28005+Bilbao,+Bizkaia!3m6!1s0xd4e4fcc8beabaa3:0x412b6bdcdec51840!8m2!3d43.2559032!4d-2.9235015!15sCjNLTUMgQmlsYmFvLCBBcnRla2FsZSA0IGthbGVhLCAyODAwNSBCaWxiYW8sIEJpemthaWGSARFtZWRpdGF0aW9uX2NlbnRlcuABAA!16s%2Fg%2F11f15mmq89?entry=ttu\" target=\"_blank\" rel=\"noopener\">KMC Bilbao, Artekale 4, 48005 Bilbao<\/a><\/span><\/p>\n<h4><span style=\"color: #333333;\"><strong>\u00bfEs para m\u00ed? <\/strong><\/span><\/h4>\n<p><span style=\"color: #333333;\">Adecuado para todos, independientemente de cualquier experiencia de meditaci\u00f3n.<\/span><\/p>\n<h4><span style=\"color: #333333;\"><strong>Bonos y descuentos\u00a0<\/strong><\/span><\/h4>\n<p><span style=\"color: #333333;\">Estas clases est\u00e1n incluidas en los bonos descuento y tarjetas kadampa (TK).<\/span><\/p>\n<p><span style=\"color: #333333;\">Haz clic aqu\u00ed para obtener m\u00e1s informaci\u00f3n: <span style=\"color: #333399;\"><a style=\"color: #333399;\" href=\"https:\/\/meditaeneuskadi.org\/eu\/tarjetas-kadampa\/\">bonos y tarjetas kadampa<\/a>.<\/span><\/span><\/p>","protected":false},"excerpt":{"rendered":"<p><span style=\"color: #333333;\"><b>\u00abVive la meditaci\u00f3n: S\u00e9 feliz, sin ser perfecto\u00bb<\/b> <strong>\u00b7<\/strong> S\u00e1bado 9 de mayo, 10:30-13h <strong>\u00b7<\/strong> En Bilbao<\/span><\/p>","protected":false},"featured_media":18469,"comment_status":"open","ping_status":"closed","template":"","meta":{"_EventAllDay":false,"_EventTimezone":"","_EventStartDate":"","_EventEndDate":"","_EventStartDateUTC":"","_EventEndDateUTC":"","_EventShowMap":false,"_EventShowMapLink":false,"_EventURL":"","_EventCost":"","_EventCostDescription":"","_EventCurrencySymbol":"","_EventCurrencyCode":"","_EventCurrencyPosition":"","_EventDateTimeSeparator":"","_EventTimeRangeSeparator":"","_EventOrganizerID":[],"_EventVenueID":[],"_OrganizerEmail":"","_OrganizerPhone":"","_OrganizerWebsite":"","_VenueAddress":"","_VenueCity":"","_VenueCountry":"","_VenueProvince":"","_VenueState":"","_VenueZip":"","_VenuePhone":"","_VenueURL":"","_VenueStateProvince":"","_VenueLat":"","_VenueLng":"","_VenueShowMap":false,"_VenueShowMapLink":false},"product_brand":[],"product_cat":[15,105],"product_tag":[101],"class_list":{"0":"post-17789","1":"product","2":"type-product","3":"status-publish","4":"has-post-thumbnail","6":"product_cat-medita-en-euskadi","7":"product_cat-por-la-manana","8":"product_tag-bilbao","9":"description-off","11":"first","12":"instock","13":"shipping-taxable","14":"purchasable","15":"product-type-simple"},"jetpack_sharing_enabled":true,"_links":{"self":[{"href":"https:\/\/meditaeneuskadi.org\/eu\/wp-json\/wp\/v2\/product\/17789","targetHints":{"allow":["GET"]}}],"collection":[{"href":"https:\/\/meditaeneuskadi.org\/eu\/wp-json\/wp\/v2\/product"}],"about":[{"href":"https:\/\/meditaeneuskadi.org\/eu\/wp-json\/wp\/v2\/types\/product"}],"replies":[{"embeddable":true,"href":"https:\/\/meditaeneuskadi.org\/eu\/wp-json\/wp\/v2\/comments?post=17789"}],"wp:featuredmedia":[{"embeddable":true,"href":"https:\/\/meditaeneuskadi.org\/eu\/wp-json\/wp\/v2\/media\/18469"}],"wp:attachment":[{"href":"https:\/\/meditaeneuskadi.org\/eu\/wp-json\/wp\/v2\/media?parent=17789"}],"wp:term":[{"taxonomy":"product_brand","embeddable":true,"href":"https:\/\/meditaeneuskadi.org\/eu\/wp-json\/wp\/v2\/product_brand?post=17789"},{"taxonomy":"product_cat","embeddable":true,"href":"https:\/\/meditaeneuskadi.org\/eu\/wp-json\/wp\/v2\/product_cat?post=17789"},{"taxonomy":"product_tag","embeddable":true,"href":"https:\/\/meditaeneuskadi.org\/eu\/wp-json\/wp\/v2\/product_tag?post=17789"}],"curies":[{"name":"wp","href":"https:\/\/api.w.org\/{rel}","templated":true}]}}