{"id":17790,"date":"2026-01-11T12:03:01","date_gmt":"2026-01-11T12:03:01","guid":{"rendered":"https:\/\/meditaeneuskadi.org\/?post_type=product&#038;p=17790"},"modified":"2026-03-06T11:05:20","modified_gmt":"2026-03-06T11:05:20","slug":"sanando-relaciones","status":"publish","type":"product","link":"https:\/\/meditaeneuskadi.org\/eu\/product\/sanando-relaciones\/","title":{"rendered":"Taller de s\u00e1bado (marzo)"},"content":{"rendered":"<h3><span style=\"color: #ff6600;\">Taller de meditaci\u00f3n: \u00abSanando relaciones\u201d<\/span><\/h3>\n<p><span style=\"color: #333333;\">S\u00e1bado 7 de marzo, 10:30-13:00h<\/span><\/p>\n<h4><strong>Sobre el taller<\/strong><\/h4>\n<p>\u00a1Aprende a transformar tus malas relaciones en buenas y a mejorar a\u00fan m\u00e1s tus buenas relaciones!<\/p>\n<p>Nuestras relaciones son importantes, pero tambi\u00e9n pueden ser fuente de mucho dolor, preocupaci\u00f3n e incluso conflicto. Muchas de nuestras dificultades en las relaciones surgen de nuestras expectativas poco realistas sobre los dem\u00e1s. Como resultado, a menudo nos sentimos decepcionados, decepcionados e incluso resentidos.<\/p>\n<p>Buda nos ense\u00f1a muchos m\u00e9todos para transformar nuestro punto de vista sobre los dem\u00e1s y aprender a aceptarlos y apreciarlos tal y como son. En este taller, analizaremos cuatro principios que podemos seguir para crear relaciones sanas y armoniosas en todos los \u00e1mbitos de nuestra vida.<\/p>\n<p>Al aprender a desarrollar una mente equilibrada y amorosa hacia los dem\u00e1s, encontraremos en nuestra propia mente una fuente de paz y alegr\u00eda inagotables que nadie podr\u00e1 arrebatarnos, sin importar c\u00f3mo se comporten.<\/p>\n<p><span style=\"color: #333333;\"><strong>La maestra<\/strong><\/span><\/p>\n<p><img decoding=\"async\" class=\"size-thumbnail wp-image-11030 alignleft\" src=\"https:\/\/meditaeneuskadi.org\/wp-content\/uploads\/2023\/12\/KMCB_2-150x150.jpg\" alt=\"\" width=\"150\" height=\"150\" srcset=\"https:\/\/meditaeneuskadi.org\/wp-content\/uploads\/2023\/12\/KMCB_2-150x150.jpg 150w, https:\/\/meditaeneuskadi.org\/wp-content\/uploads\/2023\/12\/KMCB_2-300x300.jpg 300w, https:\/\/meditaeneuskadi.org\/wp-content\/uploads\/2023\/12\/KMCB_2-1024x1024.jpg 1024w, https:\/\/meditaeneuskadi.org\/wp-content\/uploads\/2023\/12\/KMCB_2-768x768.jpg 768w, https:\/\/meditaeneuskadi.org\/wp-content\/uploads\/2023\/12\/KMCB_2-1536x1536.jpg 1536w, https:\/\/meditaeneuskadi.org\/wp-content\/uploads\/2023\/12\/KMCB_2-2048x2048.jpg 2048w, https:\/\/meditaeneuskadi.org\/wp-content\/uploads\/2023\/12\/KMCB_2-12x12.jpg 12w, https:\/\/meditaeneuskadi.org\/wp-content\/uploads\/2023\/12\/KMCB_2-1000x1000.jpg 1000w, https:\/\/meditaeneuskadi.org\/wp-content\/uploads\/2023\/12\/KMCB_2-200x200.jpg 200w\" sizes=\"(max-width: 150px) 100vw, 150px\" \/><strong>Eva P\u00e9rez,<\/strong> maestra residente del KMC Bilbao \u00b7 <a href=\"https:\/\/meditaeneuskadi.org\/eu\/sobre-nosotros\/\">M\u00e1s sobre los maestros aqu\u00ed<\/a><\/p>\n<h4><span style=\"color: #333333;\"><strong>Programa<\/strong><\/span><\/h4>\n<p><span style=\"color: #333333;\"><strong>S\u00e1bado 14 de febrero<\/strong><\/span><\/p>\n<p><span style=\"color: #333333;\"><strong>10:30 &#8211; 11:30h \u00b7\u00a0<\/strong>Incluye instrucciones pr\u00e1cticas y meditaciones guiadas<\/span><\/p>\n<p><span style=\"color: #333333;\"><strong>12:00 &#8211; 13:00h <\/strong>\u00b7 Incluye instrucciones pr\u00e1cticas y meditaciones guiadas<\/span><\/p>\n<p><span style=\"color: #333333;\"><em>Incluye un refrigerio entre los descansos de las sesiones.<\/em><\/span><\/p>\n<p><strong style=\"color: #333333;\">Material de apoyo\u00a0<\/strong><\/p>\n<p><span style=\"color: #333333;\"><img decoding=\"async\" class=\"alignnone wp-image-15318 size-thumbnail\" src=\"https:\/\/meditaeneuskadi.org\/wp-content\/uploads\/2024\/05\/1-nop-frente_1-1-150x150.png\" alt=\"\" width=\"150\" height=\"150\" srcset=\"https:\/\/meditaeneuskadi.org\/wp-content\/uploads\/2024\/05\/1-nop-frente_1-1-150x150.png 150w, https:\/\/meditaeneuskadi.org\/wp-content\/uploads\/2024\/05\/1-nop-frente_1-1-300x300.png 300w, https:\/\/meditaeneuskadi.org\/wp-content\/uploads\/2024\/05\/1-nop-frente_1-1-12x12.png 12w, https:\/\/meditaeneuskadi.org\/wp-content\/uploads\/2024\/05\/1-nop-frente_1-1-200x200.png 200w, https:\/\/meditaeneuskadi.org\/wp-content\/uploads\/2024\/05\/1-nop-frente_1-1.png 700w\" sizes=\"(max-width: 150px) 100vw, 150px\" \/>\u00ab<em>El Nuevo ocho pasos a la felicidad &#8211; El modo budista de amar<\/em>\u00bb y \u00ab<em>C\u00f3mo transformar tu vida &#8211; Un viaje gozoso<\/em>\u00bb de Gueshe Kelsang Gyatso.\u00a0<\/span><\/p>\n<h4><span style=\"color: #333333;\"><strong>Formato<\/strong><\/span><\/h4>\n<p><span style=\"color: #333333;\">Presencial y online (para TKs y bono online)<\/span><\/p>\n<p><span style=\"color: #333333;\"><strong>\u00bfD\u00f3nde?<\/strong><\/span><\/p>\n<p><a href=\"https:\/\/www.google.es\/maps\/place\/KMC+Bilbao+%E2%80%93+Centro+de+Meditaci%C3%B3n+Kadampa\/@43.2559032,-2.9260764,17z\/data=!4m10!1m2!2m1!1sKMC+Bilbao,+Artekale+4+kalea,+28005+Bilbao,+Bizkaia!3m6!1s0xd4e4fcc8beabaa3:0x412b6bdcdec51840!8m2!3d43.2559032!4d-2.9235015!15sCjNLTUMgQmlsYmFvLCBBcnRla2FsZSA0IGthbGVhLCAyODAwNSBCaWxiYW8sIEJpemthaWGSARFtZWRpdGF0aW9uX2NlbnRlcuABAA!16s%2Fg%2F11f15mmq89?entry=ttu\" target=\"_blank\" rel=\"noopener\">KMC Bilbao, Artekale 4, 48005 Bilbao<\/a><\/p>\n<h4><span style=\"color: #333333;\"><strong>\u00bfSon las clases para m\u00ed?<\/strong><\/span><\/h4>\n<p><span style=\"color: #333333;\">Adecuadas para todos, independientemente de cualquier experiencia de meditaci\u00f3n.<\/span><\/p>\n<h4><span style=\"color: #333333;\"><strong>Bonos y descuentos\u00a0<\/strong><\/span><\/h4>\n<p><span style=\"color: #333333;\">Estas clases est\u00e1n incluidas en los bonos descuento y tarjetas kadampa (TK).<\/span><\/p>\n<p><span style=\"color: #333333;\">Haz clic aqu\u00ed para obtener m\u00e1s informaci\u00f3n: <span style=\"color: #333399;\"><a style=\"color: #333399;\" href=\"https:\/\/meditaeneuskadi.org\/eu\/tarjetas-kadampa\/\">bonos y tarjetas kadampa<\/a>.<\/span><\/span><\/p>","protected":false},"excerpt":{"rendered":"<p><span style=\"color: #333333;\"><strong>Taller de meditaci\u00f3n: \u00abSanando relaciones\u201d \u00b7 <\/strong>S\u00e1bado 7 de marzo, 10:30-13h, en Bilbao y en streaming<\/span><\/p>","protected":false},"featured_media":18091,"comment_status":"open","ping_status":"closed","template":"","meta":{"_EventAllDay":false,"_EventTimezone":"","_EventStartDate":"","_EventEndDate":"","_EventStartDateUTC":"","_EventEndDateUTC":"","_EventShowMap":false,"_EventShowMapLink":false,"_EventURL":"","_EventCost":"","_EventCostDescription":"","_EventCurrencySymbol":"","_EventCurrencyCode":"","_EventCurrencyPosition":"","_EventDateTimeSeparator":"","_EventTimeRangeSeparator":"","_EventOrganizerID":[],"_EventVenueID":[],"_OrganizerEmail":"","_OrganizerPhone":"","_OrganizerWebsite":"","_VenueAddress":"","_VenueCity":"","_VenueCountry":"","_VenueProvince":"","_VenueState":"","_VenueZip":"","_VenuePhone":"","_VenueURL":"","_VenueStateProvince":"","_VenueLat":"","_VenueLng":"","_VenueShowMap":false,"_VenueShowMapLink":false},"product_brand":[],"product_cat":[15,105],"product_tag":[101],"class_list":{"0":"post-17790","1":"product","2":"type-product","3":"status-publish","4":"has-post-thumbnail","6":"product_cat-medita-en-euskadi","7":"product_cat-por-la-manana","8":"product_tag-bilbao","9":"description-off","11":"first","12":"instock","13":"shipping-taxable","14":"purchasable","15":"product-type-simple"},"jetpack_sharing_enabled":true,"_links":{"self":[{"href":"https:\/\/meditaeneuskadi.org\/eu\/wp-json\/wp\/v2\/product\/17790","targetHints":{"allow":["GET"]}}],"collection":[{"href":"https:\/\/meditaeneuskadi.org\/eu\/wp-json\/wp\/v2\/product"}],"about":[{"href":"https:\/\/meditaeneuskadi.org\/eu\/wp-json\/wp\/v2\/types\/product"}],"replies":[{"embeddable":true,"href":"https:\/\/meditaeneuskadi.org\/eu\/wp-json\/wp\/v2\/comments?post=17790"}],"wp:featuredmedia":[{"embeddable":true,"href":"https:\/\/meditaeneuskadi.org\/eu\/wp-json\/wp\/v2\/media\/18091"}],"wp:attachment":[{"href":"https:\/\/meditaeneuskadi.org\/eu\/wp-json\/wp\/v2\/media?parent=17790"}],"wp:term":[{"taxonomy":"product_brand","embeddable":true,"href":"https:\/\/meditaeneuskadi.org\/eu\/wp-json\/wp\/v2\/product_brand?post=17790"},{"taxonomy":"product_cat","embeddable":true,"href":"https:\/\/meditaeneuskadi.org\/eu\/wp-json\/wp\/v2\/product_cat?post=17790"},{"taxonomy":"product_tag","embeddable":true,"href":"https:\/\/meditaeneuskadi.org\/eu\/wp-json\/wp\/v2\/product_tag?post=17790"}],"curies":[{"name":"wp","href":"https:\/\/api.w.org\/{rel}","templated":true}]}}