{"id":17816,"date":"2026-01-15T11:16:22","date_gmt":"2026-01-15T11:16:22","guid":{"rendered":"https:\/\/meditaeneuskadi.org\/?post_type=product&#038;p=17816"},"modified":"2026-04-06T16:40:46","modified_gmt":"2026-04-06T16:40:46","slug":"meditar-para-vivir-con-significado","status":"publish","type":"product","link":"https:\/\/meditaeneuskadi.org\/eu\/product\/meditar-para-vivir-con-significado\/","title":{"rendered":"Martes (abril-mayo)"},"content":{"rendered":"<h3 style=\"text-align: left;\"><span style=\"color: #333333;\"><strong style=\"font-size: 16.38px;\">CICLO RETO DE MEDITACI\u00d3N: \u00ab<\/strong><em>Meditaciones del Lamrim<\/em>\u00a0&#8211; Dando<\/span><em><span style=\"color: #333333;\"> significado a nuestra vida con el espejo del Dharma\u00bb<\/span><\/em><\/h3>\n<h4><span style=\"color: #ff6600;\">Comenzamos el 7 de abril \u00b7 Ciclo completo: 64\u20ac \/ 9\u20ac por clase\u00a0<\/span><\/h4>\n<h4>Sobre el ciclo<\/h4>\n<p><strong>Descubre los secretos de las meditaciones del Lamrim. Con consejos pr\u00e1cticos para integrar en tu d\u00eda a d\u00eda. Todos bienvenidos.<\/strong><\/p>\n<p>Las meditaciones de Lamrim nos ayudan a resolver los problemas de la vida diaria y a mantener una mente tranquila y feliz todo el tiempo. Con el tiempo podremos lograr la libertad permanente de las causas internas de todas las preocupaciones y problemas y ayudar a otros a hacer lo mismo. Lamrim es la esencia misma de las ense\u00f1anzas de Buda y es muy pr\u00e1ctico, ideal para la vida moderna.<\/p>\n<p>Cada clase incluye:<\/p>\n<ul>\n<li>Ense\u00f1anzas pr\u00e1cticas y meditaciones guiadas por la maestra residente Eva P\u00e9rez.<\/li>\n<li>Basadas en \u00ab<em>El espejo del Dharma &#8211; con texto ampliado<\/em>\u00ab, del gran maestro contempor\u00e1neo de meditaci\u00f3n Gueshe Kelsang Gyatso Rimpoch\u00e9.<\/li>\n<li>Abiertas a todos, principiantes y tambi\u00e9n meditadores con experiencia.<\/li>\n<li>Puedes asistir a clases sueltas o al ciclo completo, benefici\u00e1ndote de sus muchos beneficios.<\/li>\n<\/ul>\n<h4><strong style=\"color: #333333;\">Formato<\/strong><\/h4>\n<p><span style=\"color: #333333;\">Presencial y online (para TKs y Bonos online)\u00a0<\/span><\/p>\n<h4><strong>Programa<\/strong><\/h4>\n<p><span style=\"font-weight: 400;\">7 abril \u00b7 <\/span><i><span style=\"font-weight: 400;\">Las causas del sufrimiento <\/span><\/i><\/p>\n<p><span style=\"font-weight: 400;\">14 abril \u00b7 <em>Los 3 adiestramientos superiores<\/em>\u00a0<\/span><\/p>\n<p><span style=\"font-weight: 400;\">21 abril \u00b7 <em>C\u00f3mo dar verdadero significado a nuestra vida humana<\/em>\u00a0<\/span><\/p>\n<p><span style=\"font-weight: 400;\">28 abril \u00b7 <em>Profundiza en el amor\u00a0<\/em><\/span><\/p>\n<p><span style=\"font-weight: 400;\">5 mayo \u00b7 <em>Meditaci\u00f3n en la compasi\u00f3n<\/em>\u00a0<\/span><\/p>\n<p><span style=\"font-weight: 400;\">12 mayo \u00b7 <em>El buen coraz\u00f3n de la bodhichita<\/em>\u00a0<\/span><\/p>\n<p><span style=\"font-weight: 400;\">19 mayo \u00b7 <em>Hacia la iluminaci\u00f3n: Las 6 perfecciones<\/em>\u00a0<\/span><\/p>\n<p><span style=\"font-weight: 400;\">26 mayo \u00b7 <em>Meditaci\u00f3n en la vacuidad\u00a0<\/em><\/span><\/p>\n<h4><span style=\"color: #333333;\"><strong>La maestra<\/strong><\/span><\/h4>\n<div>\n<h4><span style=\"color: #333333;\"><img decoding=\"async\" class=\"wp-image-11030 size-thumbnail alignleft\" style=\"font-weight: normal;\" src=\"https:\/\/meditaeneuskadi.org\/wp-content\/uploads\/2023\/12\/KMCB_2-150x150.jpg\" sizes=\"(max-width: 150px) 100vw, 150px\" srcset=\"https:\/\/meditaeneuskadi.org\/wp-content\/uploads\/2023\/12\/KMCB_2-150x150.jpg 150w, https:\/\/meditaeneuskadi.org\/wp-content\/uploads\/2023\/12\/KMCB_2-300x300.jpg 300w, https:\/\/meditaeneuskadi.org\/wp-content\/uploads\/2023\/12\/KMCB_2-1024x1024.jpg 1024w, https:\/\/meditaeneuskadi.org\/wp-content\/uploads\/2023\/12\/KMCB_2-768x768.jpg 768w, https:\/\/meditaeneuskadi.org\/wp-content\/uploads\/2023\/12\/KMCB_2-1536x1536.jpg 1536w, https:\/\/meditaeneuskadi.org\/wp-content\/uploads\/2023\/12\/KMCB_2-2048x2048.jpg 2048w, https:\/\/meditaeneuskadi.org\/wp-content\/uploads\/2023\/12\/KMCB_2-12x12.jpg 12w, https:\/\/meditaeneuskadi.org\/wp-content\/uploads\/2023\/12\/KMCB_2-1000x1000.jpg 1000w, https:\/\/meditaeneuskadi.org\/wp-content\/uploads\/2023\/12\/KMCB_2-200x200.jpg 200w\" alt=\"\" width=\"150\" height=\"150\" \/><\/span><\/h4>\n<\/div>\n<p><span style=\"color: #333333;\"><strong>Eva P\u00e9rez \u2013 Maestra residente del KMC Bilbao<\/strong>.<\/span><\/p>\n<p><span class=\"OYPEnA text-decoration-none text-strikethrough-none\" style=\"color: #333333;\">Eva ha estudiado y practicado la meditaci\u00f3n y el budismo Kadampa bajo la gu\u00eda del Venerable Gueshe Kelsang Gyatso desde el 2006 de manera sincera y entusiasta, lo que hace de ella una maestra cercana y muy pr\u00e1ctica.<\/span><\/p>\n<h4><span style=\"color: #333333;\"><strong>Material de apoyo\u00a0<\/strong><\/span><\/h4>\n<h3><span style=\"color: #333333;\"><strong style=\"font-size: 16.38px;\"><img decoding=\"async\" class=\"alignleft wp-image-17819\" src=\"https:\/\/meditaeneuskadi.org\/wp-content\/uploads\/2026\/01\/espejo-dharma-188x300.jpg\" alt=\"\" width=\"162\" height=\"259\" srcset=\"https:\/\/meditaeneuskadi.org\/wp-content\/uploads\/2026\/01\/espejo-dharma-188x300.jpg 188w, https:\/\/meditaeneuskadi.org\/wp-content\/uploads\/2026\/01\/espejo-dharma-641x1024.jpg 641w, https:\/\/meditaeneuskadi.org\/wp-content\/uploads\/2026\/01\/espejo-dharma-768x1226.jpg 768w, https:\/\/meditaeneuskadi.org\/wp-content\/uploads\/2026\/01\/espejo-dharma-962x1536.jpg 962w, https:\/\/meditaeneuskadi.org\/wp-content\/uploads\/2026\/01\/espejo-dharma-1283x2048.jpg 1283w, https:\/\/meditaeneuskadi.org\/wp-content\/uploads\/2026\/01\/espejo-dharma-8x12.jpg 8w, https:\/\/meditaeneuskadi.org\/wp-content\/uploads\/2026\/01\/espejo-dharma-1000x1597.jpg 1000w, https:\/\/meditaeneuskadi.org\/wp-content\/uploads\/2026\/01\/espejo-dharma.jpg 1545w\" sizes=\"(max-width: 162px) 100vw, 162px\" \/><\/strong><\/span><\/h3>\n<p><span style=\"color: #3366ff;\"><strong><a style=\"color: #3366ff;\" href=\"https:\/\/tharpa.com\/es\/el-espejo-del-dharma-con-text-ampliado-4125\" target=\"_blank\" rel=\"noopener\"><em>El Espejo del Dharma con texto ampliado &#8211; C\u00f3mo descubrir el verdadero significado de la vida humana <\/em><\/a><\/strong><\/span><\/p>\n<p><span style=\"color: #333333;\">de Gueshe Keksang Gyatso.<\/span><\/p>\n<p><span style=\"color: #333333;\"> Disponible en nuestra tienda y librer\u00eda del KMC Bilbao.<\/span><\/p>\n<p><span style=\"color: #333333;\"><strong>\u00bfD\u00f3nde?<\/strong><\/span><\/p>\n<p><span style=\"color: #333399;\"><a style=\"color: #333399;\" href=\"https:\/\/www.google.es\/maps\/place\/KMC+Bilbao+%E2%80%93+Centro+de+Meditaci%C3%B3n+Kadampa\/@43.2559032,-2.9260764,17z\/data=!4m10!1m2!2m1!1sKMC+Bilbao,+Artekale+4+kalea,+28005+Bilbao,+Bizkaia!3m6!1s0xd4e4fcc8beabaa3:0x412b6bdcdec51840!8m2!3d43.2559032!4d-2.9235015!15sCjNLTUMgQmlsYmFvLCBBcnRla2FsZSA0IGthbGVhLCAyODAwNSBCaWxiYW8sIEJpemthaWGSARFtZWRpdGF0aW9uX2NlbnRlcuABAA!16s%2Fg%2F11f15mmq89?entry=ttu\" target=\"_blank\" rel=\"noopener\">KMC Bilbao, Artekale 4, 48005 Bilbao<\/a><\/span><\/p>\n<h4><span style=\"color: #333333;\"><strong>\u00bfEs para m\u00ed? <\/strong><\/span><\/h4>\n<p><span style=\"color: #333333;\">Adecuado para todos, independientemente de cualquier experiencia de meditaci\u00f3n.<\/span><\/p>\n<h4><span style=\"color: #333333;\"><strong>Bonos y descuentos\u00a0<\/strong><\/span><\/h4>\n<p><span style=\"color: #333333;\">Estas clases est\u00e1n incluidas en los bonos descuento y tarjetas kadampa (TK).<\/span><\/p>\n<p><span style=\"color: #333333;\">Haz clic aqu\u00ed para obtener m\u00e1s informaci\u00f3n: <span style=\"color: #333399;\"><a style=\"color: #333399;\" href=\"https:\/\/meditaeneuskadi.org\/eu\/tarjetas-kadampa\/\">bonos y tarjetas kadampa<\/a>.<\/span><\/span><\/p>","protected":false},"excerpt":{"rendered":"<p><strong><span style=\"color: #333333;\">\u00abMeditaciones del Lamrim &#8211; <\/span><span style=\"color: #333333;\">Dando significado a nuestra vida con el espejo del Dharma\u00bb \u2022 <\/span><\/strong><span style=\"color: #333333;\">19:30-20:15h<\/span><strong><span style=\"color: #333333;\">\u00a0\u2022 <\/span><\/strong><span style=\"color: #333333;\">Presencial y online\u00a0<\/span><\/p>","protected":false},"featured_media":17818,"comment_status":"open","ping_status":"closed","template":"","meta":{"_EventAllDay":false,"_EventTimezone":"","_EventStartDate":"","_EventEndDate":"","_EventStartDateUTC":"","_EventEndDateUTC":"","_EventShowMap":false,"_EventShowMapLink":false,"_EventURL":"","_EventCost":"","_EventCostDescription":"","_EventCurrencySymbol":"","_EventCurrencyCode":"","_EventCurrencyPosition":"","_EventDateTimeSeparator":"","_EventTimeRangeSeparator":"","_EventOrganizerID":[],"_EventVenueID":[],"_OrganizerEmail":"","_OrganizerPhone":"","_OrganizerWebsite":"","_VenueAddress":"","_VenueCity":"","_VenueCountry":"","_VenueProvince":"","_VenueState":"","_VenueZip":"","_VenuePhone":"","_VenueURL":"","_VenueStateProvince":"","_VenueLat":"","_VenueLng":"","_VenueShowMap":false,"_VenueShowMapLink":false},"product_brand":[],"product_cat":[15,111],"product_tag":[101],"class_list":{"0":"post-17816","1":"product","2":"type-product","3":"status-publish","4":"has-post-thumbnail","6":"product_cat-medita-en-euskadi","7":"product_cat-por-la-tarde-medita-donosti","8":"product_tag-bilbao","9":"description-off","11":"first","12":"instock","13":"shipping-taxable","14":"purchasable","15":"product-type-variable"},"jetpack_sharing_enabled":true,"_links":{"self":[{"href":"https:\/\/meditaeneuskadi.org\/eu\/wp-json\/wp\/v2\/product\/17816","targetHints":{"allow":["GET"]}}],"collection":[{"href":"https:\/\/meditaeneuskadi.org\/eu\/wp-json\/wp\/v2\/product"}],"about":[{"href":"https:\/\/meditaeneuskadi.org\/eu\/wp-json\/wp\/v2\/types\/product"}],"replies":[{"embeddable":true,"href":"https:\/\/meditaeneuskadi.org\/eu\/wp-json\/wp\/v2\/comments?post=17816"}],"wp:featuredmedia":[{"embeddable":true,"href":"https:\/\/meditaeneuskadi.org\/eu\/wp-json\/wp\/v2\/media\/17818"}],"wp:attachment":[{"href":"https:\/\/meditaeneuskadi.org\/eu\/wp-json\/wp\/v2\/media?parent=17816"}],"wp:term":[{"taxonomy":"product_brand","embeddable":true,"href":"https:\/\/meditaeneuskadi.org\/eu\/wp-json\/wp\/v2\/product_brand?post=17816"},{"taxonomy":"product_cat","embeddable":true,"href":"https:\/\/meditaeneuskadi.org\/eu\/wp-json\/wp\/v2\/product_cat?post=17816"},{"taxonomy":"product_tag","embeddable":true,"href":"https:\/\/meditaeneuskadi.org\/eu\/wp-json\/wp\/v2\/product_tag?post=17816"}],"curies":[{"name":"wp","href":"https:\/\/api.w.org\/{rel}","templated":true}]}}