{"id":18262,"date":"2026-03-17T19:00:18","date_gmt":"2026-03-17T19:00:18","guid":{"rendered":"https:\/\/meditaeneuskadi.org\/?post_type=product&#038;p=18262"},"modified":"2026-03-18T09:31:36","modified_gmt":"2026-03-18T09:31:36","slug":"menos-ansiedad-menos-estres-impermanencia","status":"publish","type":"product","link":"https:\/\/meditaeneuskadi.org\/eu\/product\/menos-ansiedad-menos-estres-impermanencia\/","title":{"rendered":"Evento especial con el maestro invitado guen Kelsang Ganden (mayo)"},"content":{"rendered":"<h2 dir=\"auto\"><span class=\"a_GcMg font-feature-liga-off font-feature-clig-off font-feature-calt-off text-decoration-none text-strikethrough-none\">Masterclass<\/span><span class=\"a_GcMg font-feature-liga-off font-feature-clig-off font-feature-calt-off text-decoration-none text-strikethrough-none\"> y Curso<\/span><\/h2>\n<h3 dir=\"auto\"><b>Empieza a vivir con menos ansiedad y estr\u00e9s: <\/b>La impermanencia sutil<\/h3>\n<p dir=\"ltr\">Todo el mundo conoce la impermanencia burda, como una taza rota, un papel rasgado, personas moribundas, cosas en descomposici\u00f3n como el cuerpo, la transformaci\u00f3n burda de la juventud a la vejez y de la vejez a la muerte, y la desintegraci\u00f3n de los objetos. Como todo el mundo sabe, esto no es necesariamente una visi\u00f3n budista. La impermanencia sutil es un tema m\u00e1s dif\u00edcil, pero no por ello menos significativo.<\/p>\n<p dir=\"ltr\">Todas las cosas que funcionan, como nuestro entorno, nuestras posesiones, nuestros amigos, nuestro cuerpo y nosotros mismos, son moment\u00e1neamente impermanentes. \u00bfQu\u00e9 significa \u00abmoment\u00e1neo\u00bb? Son moment\u00e1neas porque existen s\u00f3lo durante un momento, y en el siguiente dejar\u00e1n de existir.<\/p>\n<p dir=\"ltr\">En esta masterclass y curso el maestro kadampa invitado guen Kelsang Ganden nos ayudar\u00e1 a entender correctamente la impermanencia sutil, una sabidur\u00eda esencial para llenar nuestra vida de significado, que nos ayudar\u00e1 enormemente a liberarnos de la ansiedad y el estr\u00e9s cotidianos con los que nos toca vivir en estos tiempos.<\/p>\n<p dir=\"ltr\">Ongi etorri denoi! \u00a1Todos sois bienvenidos!<\/p>\n<h4 dir=\"ltr\"><strong>El Maestro<\/strong><\/h4>\n<p><strong><img fetchpriority=\"high\" decoding=\"async\" class=\"alignleft wp-image-18271 size-medium\" src=\"https:\/\/meditaeneuskadi.org\/wp-content\/uploads\/2026\/03\/WhatsApp-Image-2024-09-22-at-20.44.35-1024x684-1-300x200.jpeg\" alt=\"\" width=\"300\" height=\"200\" srcset=\"https:\/\/meditaeneuskadi.org\/wp-content\/uploads\/2026\/03\/WhatsApp-Image-2024-09-22-at-20.44.35-1024x684-1-300x200.jpeg 300w, https:\/\/meditaeneuskadi.org\/wp-content\/uploads\/2026\/03\/WhatsApp-Image-2024-09-22-at-20.44.35-1024x684-1-768x513.jpeg 768w, https:\/\/meditaeneuskadi.org\/wp-content\/uploads\/2026\/03\/WhatsApp-Image-2024-09-22-at-20.44.35-1024x684-1-18x12.jpeg 18w, https:\/\/meditaeneuskadi.org\/wp-content\/uploads\/2026\/03\/WhatsApp-Image-2024-09-22-at-20.44.35-1024x684-1-1000x668.jpeg 1000w, https:\/\/meditaeneuskadi.org\/wp-content\/uploads\/2026\/03\/WhatsApp-Image-2024-09-22-at-20.44.35-1024x684-1.jpeg 1024w\" sizes=\"(max-width: 300px) 100vw, 300px\" \/>Guen Kelsang Ganden<\/strong> se inici\u00f3 en la pr\u00e1ctica del budismo kadampa en 2015 en el Centro de Meditaci\u00f3n Kadampa de Barcelona, desde entonces ha estado form\u00e1ndose a trav\u00e9s de los programas de Maestros creados por Gueshe Kelsang Gyatso, se ha dedicado incansablemente a aprender y profundizar en este camino interior y a compartir su conocimiento y experiencia con multitud de personas. <b>Guen Kelsang Ganden<\/b>\u00a0es el maestro residente del<strong> Centro de Meditaci\u00f3n Kadampa de Alicante.<\/strong><\/p>\n<p>Es un joven monje din\u00e1mico y entusiasta que atesora un profundo conocimiento de las ense\u00f1anzas budistas, al tiempo que es un practicante sincero, puro y humilde.<\/p>\n<div dir=\"auto\">\n<h4 dir=\"auto\"><strong style=\"color: #333333;\">\u00bfD\u00f3nde?<\/strong><\/h4>\n<\/div>\n<p><span style=\"color: #333399;\">En el <a style=\"color: #333399;\" href=\"https:\/\/www.google.es\/maps\/place\/KMC+Bilbao+%E2%80%93+Centro+de+Meditaci%C3%B3n+Kadampa\/@43.2559032,-2.9260764,17z\/data=!4m10!1m2!2m1!1sKMC+Bilbao,+Artekale+4+kalea,+28005+Bilbao,+Bizkaia!3m6!1s0xd4e4fcc8beabaa3:0x412b6bdcdec51840!8m2!3d43.2559032!4d-2.9235015!15sCjNLTUMgQmlsYmFvLCBBcnRla2FsZSA0IGthbGVhLCAyODAwNSBCaWxiYW8sIEJpemthaWGSARFtZWRpdGF0aW9uX2NlbnRlcuABAA!16s%2Fg%2F11f15mmq89?entry=ttu\" target=\"_blank\" rel=\"noopener\">KMC Bilbao, Artekale 4, 48005 Bilbao<\/a><\/span><\/p>\n<h4><strong>\u00bfEs para m\u00ed?<\/strong><\/h4>\n<p>Adecuado para todos, independientemente de cualquier experiencia de meditaci\u00f3n.<\/p>\n<h4><span style=\"color: #333333;\"><strong>Programa<\/strong><\/span><\/h4>\n<p><b>Viernes 1 de mayo<\/b><\/p>\n<p>Apertura: 19:00h<\/p>\n<p>Masterclass: 19:30-21:00h<\/p>\n<p><b>S\u00e1bado 2 de mayo<\/b><\/p>\n<p>1\u00aa Sesi\u00f3n: 10:30-11:45h<\/p>\n<p><i>Descanso<\/i><\/p>\n<p>2\u00aa Sesi\u00f3n: 12:15-13:30h<\/p>\n<p><i>Comida: 14-16h<\/i><\/p>\n<p>3\u00aa Sesi\u00f3n 3: 16:00-17:00h<\/p>\n<h4><span style=\"color: #333333;\"><strong>Aportaciones<\/strong><\/span><\/h4>\n<p><span style=\"color: #333333;\">Evento completo: 45\u20ac<\/span><\/p>\n<p><span style=\"color: #333333;\">Masterclass (viernes): 15\u20ac<\/span><\/p>\n<p><span style=\"color: #333333;\">Curso (s\u00e1bado): 35\u20ac<\/span><\/p>\n<p><span style=\"color: #333333;\">Sesi\u00f3n suelta: S\u00e1bado (ma\u00f1ana):15\u20ac ; S\u00e1bado (tarde): 10\u20ac<\/span><\/p>\n<p><span style=\"color: #333333;\">Buffet (s\u00e1bado): 7\u20ac \u00b7 <span style=\"text-decoration: underline;\">Por favor, conf\u00edrmanos que te quedas a comer y abona en la recepci\u00f3n.<\/span><\/span><\/p>","protected":false},"excerpt":{"rendered":"<p dir=\"auto\"><strong>Masterclass y Curso: \u00abEmpieza a vivir con menos ansiedad y estr\u00e9s: La impermanencia sutil\u00bb<\/strong> <span style=\"color: #000000;\"><strong>\u00b7<\/strong> Viernes <\/span><span style=\"color: #333333;\">1 y S\u00e1bado 2 de mayo, <\/span><span style=\"color: #000000;\"><strong>\u00b7<\/strong> En Bilbao<\/span><\/p>","protected":false},"featured_media":18273,"comment_status":"open","ping_status":"closed","template":"","meta":{"_EventAllDay":false,"_EventTimezone":"","_EventStartDate":"","_EventEndDate":"","_EventStartDateUTC":"","_EventEndDateUTC":"","_EventShowMap":false,"_EventShowMapLink":false,"_EventURL":"","_EventCost":"","_EventCostDescription":"","_EventCurrencySymbol":"","_EventCurrencyCode":"","_EventCurrencyPosition":"","_EventDateTimeSeparator":"","_EventTimeRangeSeparator":"","_EventOrganizerID":[],"_EventVenueID":[],"_OrganizerEmail":"","_OrganizerPhone":"","_OrganizerWebsite":"","_VenueAddress":"","_VenueCity":"","_VenueCountry":"","_VenueProvince":"","_VenueState":"","_VenueZip":"","_VenuePhone":"","_VenueURL":"","_VenueStateProvince":"","_VenueLat":"","_VenueLng":"","_VenueShowMap":false,"_VenueShowMapLink":false},"product_brand":[],"product_cat":[15,106],"product_tag":[],"class_list":{"0":"post-18262","1":"product","2":"type-product","3":"status-publish","4":"has-post-thumbnail","6":"product_cat-medita-en-euskadi","7":"product_cat-evento-especial","8":"description-off","10":"first","11":"instock","12":"shipping-taxable","13":"purchasable","14":"product-type-variable"},"jetpack_sharing_enabled":true,"_links":{"self":[{"href":"https:\/\/meditaeneuskadi.org\/eu\/wp-json\/wp\/v2\/product\/18262","targetHints":{"allow":["GET"]}}],"collection":[{"href":"https:\/\/meditaeneuskadi.org\/eu\/wp-json\/wp\/v2\/product"}],"about":[{"href":"https:\/\/meditaeneuskadi.org\/eu\/wp-json\/wp\/v2\/types\/product"}],"replies":[{"embeddable":true,"href":"https:\/\/meditaeneuskadi.org\/eu\/wp-json\/wp\/v2\/comments?post=18262"}],"wp:featuredmedia":[{"embeddable":true,"href":"https:\/\/meditaeneuskadi.org\/eu\/wp-json\/wp\/v2\/media\/18273"}],"wp:attachment":[{"href":"https:\/\/meditaeneuskadi.org\/eu\/wp-json\/wp\/v2\/media?parent=18262"}],"wp:term":[{"taxonomy":"product_brand","embeddable":true,"href":"https:\/\/meditaeneuskadi.org\/eu\/wp-json\/wp\/v2\/product_brand?post=18262"},{"taxonomy":"product_cat","embeddable":true,"href":"https:\/\/meditaeneuskadi.org\/eu\/wp-json\/wp\/v2\/product_cat?post=18262"},{"taxonomy":"product_tag","embeddable":true,"href":"https:\/\/meditaeneuskadi.org\/eu\/wp-json\/wp\/v2\/product_tag?post=18262"}],"curies":[{"name":"wp","href":"https:\/\/api.w.org\/{rel}","templated":true}]}}