{"id":18294,"date":"2026-03-20T09:34:22","date_gmt":"2026-03-20T09:34:22","guid":{"rendered":"https:\/\/meditaeneuskadi.org\/?post_type=product&#038;p=18294"},"modified":"2026-03-20T10:28:31","modified_gmt":"2026-03-20T10:28:31","slug":"caminata-paz-meditacion-bizkaia","status":"publish","type":"product","link":"https:\/\/meditaeneuskadi.org\/eu\/product\/caminata-paz-meditacion-bizkaia\/","title":{"rendered":"Caminata y meditaci\u00f3n (abril)"},"content":{"rendered":"<h3>CAMINATA POR LA PAZ Y MEDITACI\u00d3N EN BIZKAIA<\/h3>\n<h3><strong><span style=\"color: #ff6600; font-size: 14px;\">S\u00e1bado 18 de abril<\/span><\/strong><\/h3>\n<blockquote><p><span style=\"color: #333333;\"><em>\u201cSin paz interior, la paz externa es imposible. Todos deseamos que haya paz en el mundo, pero esto no ocurrir\u00e1 a menos que antes establezcamos paz en nuestras mentes\u201d.<\/em><\/span><\/p>\n<p><span style=\"color: #333333;\">De nuestro Maestro y Gu\u00eda Espiritual el Venerable Gueshe Kelsang Gyatso Rimpoch\u00e9, en su libro \u00abC\u00f3mo transformar tu vida &#8211; Un camino gozoso\u00bb<\/span><\/p><\/blockquote>\n<p><span style=\"color: #333333;\">Desde el<\/span> <a href=\"https:\/\/monasteriozenarruza.net\/el-lugar\/\"><span style=\"color: #333399;\">Monasterio de Santa Mar\u00eda de Zenarruza en Ziortza-Bolivar, <\/span>Barrio Goierria-Ziortza n\u00ba. 11, 48278 Ziortza-Bolibar, Bizkaia.<\/a><\/p>\n<p><img fetchpriority=\"high\" decoding=\"async\" class=\"wp-image-11641 size-medium alignleft\" src=\"https:\/\/meditaeneuskadi.org\/wp-content\/uploads\/2023\/12\/Imagen-de-WhatsApp-2023-12-22-a-las-21.15.22_0aa10a9a-300x169.jpg\" alt=\"\" width=\"300\" height=\"169\" srcset=\"https:\/\/meditaeneuskadi.org\/wp-content\/uploads\/2023\/12\/Imagen-de-WhatsApp-2023-12-22-a-las-21.15.22_0aa10a9a-300x169.jpg 300w, https:\/\/meditaeneuskadi.org\/wp-content\/uploads\/2023\/12\/Imagen-de-WhatsApp-2023-12-22-a-las-21.15.22_0aa10a9a-1024x575.jpg 1024w, https:\/\/meditaeneuskadi.org\/wp-content\/uploads\/2023\/12\/Imagen-de-WhatsApp-2023-12-22-a-las-21.15.22_0aa10a9a-768x432.jpg 768w, https:\/\/meditaeneuskadi.org\/wp-content\/uploads\/2023\/12\/Imagen-de-WhatsApp-2023-12-22-a-las-21.15.22_0aa10a9a-1536x863.jpg 1536w, https:\/\/meditaeneuskadi.org\/wp-content\/uploads\/2023\/12\/Imagen-de-WhatsApp-2023-12-22-a-las-21.15.22_0aa10a9a-18x10.jpg 18w, https:\/\/meditaeneuskadi.org\/wp-content\/uploads\/2023\/12\/Imagen-de-WhatsApp-2023-12-22-a-las-21.15.22_0aa10a9a-1000x562.jpg 1000w, https:\/\/meditaeneuskadi.org\/wp-content\/uploads\/2023\/12\/Imagen-de-WhatsApp-2023-12-22-a-las-21.15.22_0aa10a9a.jpg 1920w\" sizes=\"(max-width: 300px) 100vw, 300px\" \/><\/p>\n<h3><img decoding=\"async\" class=\"alignleft wp-image-18304\" src=\"https:\/\/meditaeneuskadi.org\/wp-content\/uploads\/2026\/03\/Bifur2-300x191.jpeg\" alt=\"\" width=\"267\" height=\"170\" srcset=\"https:\/\/meditaeneuskadi.org\/wp-content\/uploads\/2026\/03\/Bifur2-300x191.jpeg 300w, https:\/\/meditaeneuskadi.org\/wp-content\/uploads\/2026\/03\/Bifur2-1024x654.jpeg 1024w, https:\/\/meditaeneuskadi.org\/wp-content\/uploads\/2026\/03\/Bifur2-768x490.jpeg 768w, https:\/\/meditaeneuskadi.org\/wp-content\/uploads\/2026\/03\/Bifur2-1536x980.jpeg 1536w, https:\/\/meditaeneuskadi.org\/wp-content\/uploads\/2026\/03\/Bifur2-18x12.jpeg 18w, https:\/\/meditaeneuskadi.org\/wp-content\/uploads\/2026\/03\/Bifur2-1000x638.jpeg 1000w, https:\/\/meditaeneuskadi.org\/wp-content\/uploads\/2026\/03\/Bifur2.jpeg 1772w\" sizes=\"(max-width: 267px) 100vw, 267px\" \/><\/h3>\n<p><img decoding=\"async\" class=\"alignnone wp-image-18305\" src=\"https:\/\/meditaeneuskadi.org\/wp-content\/uploads\/2026\/03\/Bifur-300x262.jpeg\" alt=\"\" width=\"210\" height=\"183\" srcset=\"https:\/\/meditaeneuskadi.org\/wp-content\/uploads\/2026\/03\/Bifur-300x262.jpeg 300w, https:\/\/meditaeneuskadi.org\/wp-content\/uploads\/2026\/03\/Bifur-1024x894.jpeg 1024w, https:\/\/meditaeneuskadi.org\/wp-content\/uploads\/2026\/03\/Bifur-768x671.jpeg 768w, https:\/\/meditaeneuskadi.org\/wp-content\/uploads\/2026\/03\/Bifur-14x12.jpeg 14w, https:\/\/meditaeneuskadi.org\/wp-content\/uploads\/2026\/03\/Bifur-1000x873.jpeg 1000w, https:\/\/meditaeneuskadi.org\/wp-content\/uploads\/2026\/03\/Bifur.jpeg 1443w\" sizes=\"(max-width: 210px) 100vw, 210px\" \/><\/p>\n<p>&nbsp;<\/p>\n<h4>La Maestra<img loading=\"lazy\" decoding=\"async\" class=\"alignleft\" src=\"https:\/\/meditaeneuskadi.org\/wp-content\/uploads\/2023\/12\/KMCB_2-150x150.jpg\" alt=\"\" width=\"150\" height=\"150\" \/><\/h4>\n<p>Eva P\u00e9rez \u2013 Maestra residente del KMC Bilbao. Eva ha estudiado y practicado la meditaci\u00f3n y el budismo kadampa moderno bajo la gu\u00eda de nuestro fundador y gu\u00eda espiritual el venerable Gueshe Kelsang Gyatso desde el 2006 de manera sincera y entusiasta, lo que hace de ella una maestra cercana y muy pr\u00e1ctica. <a href=\"https:\/\/meditaeneuskadi.org\/eu\/sobre-nosotros\/\">M\u00e1s aqu\u00ed.<\/a><\/p>\n<p><strong>Aportaci\u00f3n<\/strong><\/p>\n<p><em>5\u20ac. Incluye la caminata guiada y meditaciones guiadas por la maestra.<\/em><\/p>\n<p><strong>C\u00f3mo llegar<\/strong><\/p>\n<p>Acceso por transporte privado<\/p>\n<ul>\n<li>El acceso al lugar es f\u00e1cil, tanto si se viaja en coche particular o en transporte p\u00fablico.<\/li>\n<li>El monasterio pertenece al municipio de\u00a0Ziortza-Bolibar, a unos 4 kil\u00f3metros de\u00a0Markina-Xemein\u00a0en direcci\u00f3n\u00a0Gernika, y a unos 45 km de\u00a0Bilbao.<\/li>\n<li>El acceso m\u00e1s f\u00e1cil es por la\u00a0autopista Bilbao-San Sebasti\u00e1n, con salida en\u00a0Durango.<\/li>\n<li>De las dos salidas de autopista que hay en\u00a0Durango,\u00a0aconsejamos tomar la\u00a0que indica\u00a0salida a Markina\u00a0y nos deja ya en la carretera que une\u00a0Durango\u00a0con\u00a0Markina-Xemein.\n<ul>\n<li>En direcci\u00f3n\u00a0Bilbao =&gt; San Sebasti\u00e1n, la salida a\u00a0Markina\u00a0es la segunda.<\/li>\n<li>En direcci\u00f3n\u00a0San Sebasti\u00e1n =&gt; Bilbao, la salida a\u00a0Markina\u00a0es la primera.<\/li>\n<\/ul>\n<\/li>\n<li>Unos 4 kil\u00f3metros antes de\u00a0Markina,\u00a0seguir la se\u00f1alizaci\u00f3n hacia Ziorta-Bolibar.<\/li>\n<li>Nada m\u00e1s atravesar esta localidad, un cartel apunta a la izquierda indicando la subida a\u00a0Zenarruza.<\/li>\n<\/ul>\n<p>Ruta en Google Maps: Para trazar ruta pincha este\u00a0<strong><a href=\"https:\/\/www.google.es\/maps\/place\/Monasterio+Zenarruza+(Colegiata+Parroquia)+-+Ziortzako+Monastegia\/@43.2482375,-2.5643982,17z\/data=!3m1!4b1!4m5!3m4!1s0xd4e293000000001:0x810434174f3f9364!8m2!3d43.2482336!4d-2.5622095?hl=es\" target=\"_blank\" rel=\"noopener\">Mapa<\/a>\u00a0<\/strong>y en la parte izquierda del mismo pon tu ciudad de origen en\u00a0A<\/p>\n<p><strong>Transporte p\u00fablico<\/strong><\/p>\n<p>Hay una buena comunicaci\u00f3n desde\u00a0Bilbao.<\/p>\n<ul>\n<li>Lo m\u00e1s directo es el Bizkaibus que va de Bilbao a Lekeitio y sale a todos los menos cuarto de la estaci\u00f3n de autobuses Termibus.<\/li>\n<li>Bajar en la parada de Iruzubieta, a unos 3 kil\u00f3metros del monasterio, donde sale la carretera hacia Ziortza-Bolivar.<\/li>\n<li>Adem\u00e1s hay otros dos autobuses a lo largo de cada hora que, aunque tienen un recorrido un poco m\u00e1s largo, tambi\u00e9n pasan por aqu\u00ed.<\/li>\n<\/ul>","protected":false},"excerpt":{"rendered":"<p><span style=\"color: #000000;\"><strong>\u00abCaminata por la paz y meditaci\u00f3n\u00bb \u00b7<\/strong> 18 de abril <strong>\u00b7<\/strong> En Bizkaia<\/span><\/p>","protected":false},"featured_media":11641,"comment_status":"open","ping_status":"closed","template":"","meta":{"_EventAllDay":false,"_EventTimezone":"","_EventStartDate":"","_EventEndDate":"","_EventStartDateUTC":"","_EventEndDateUTC":"","_EventShowMap":false,"_EventShowMapLink":false,"_EventURL":"","_EventCost":"","_EventCostDescription":"","_EventCurrencySymbol":"","_EventCurrencyCode":"","_EventCurrencyPosition":"","_EventDateTimeSeparator":"","_EventTimeRangeSeparator":"","_EventOrganizerID":[],"_EventVenueID":[],"_OrganizerEmail":"","_OrganizerPhone":"","_OrganizerWebsite":"","_VenueAddress":"","_VenueCity":"","_VenueCountry":"","_VenueProvince":"","_VenueState":"","_VenueZip":"","_VenuePhone":"","_VenueURL":"","_VenueStateProvince":"","_VenueLat":"","_VenueLng":"","_VenueShowMap":false,"_VenueShowMapLink":false},"product_brand":[],"product_cat":[111,107],"product_tag":[],"class_list":{"0":"post-18294","1":"product","2":"type-product","3":"status-publish","4":"has-post-thumbnail","6":"product_cat-por-la-tarde-medita-donosti","7":"product_cat-retiro","8":"description-off","10":"first","11":"instock","12":"sold-individually","13":"shipping-taxable","14":"purchasable","15":"product-type-simple"},"jetpack_sharing_enabled":true,"_links":{"self":[{"href":"https:\/\/meditaeneuskadi.org\/eu\/wp-json\/wp\/v2\/product\/18294","targetHints":{"allow":["GET"]}}],"collection":[{"href":"https:\/\/meditaeneuskadi.org\/eu\/wp-json\/wp\/v2\/product"}],"about":[{"href":"https:\/\/meditaeneuskadi.org\/eu\/wp-json\/wp\/v2\/types\/product"}],"replies":[{"embeddable":true,"href":"https:\/\/meditaeneuskadi.org\/eu\/wp-json\/wp\/v2\/comments?post=18294"}],"wp:featuredmedia":[{"embeddable":true,"href":"https:\/\/meditaeneuskadi.org\/eu\/wp-json\/wp\/v2\/media\/11641"}],"wp:attachment":[{"href":"https:\/\/meditaeneuskadi.org\/eu\/wp-json\/wp\/v2\/media?parent=18294"}],"wp:term":[{"taxonomy":"product_brand","embeddable":true,"href":"https:\/\/meditaeneuskadi.org\/eu\/wp-json\/wp\/v2\/product_brand?post=18294"},{"taxonomy":"product_cat","embeddable":true,"href":"https:\/\/meditaeneuskadi.org\/eu\/wp-json\/wp\/v2\/product_cat?post=18294"},{"taxonomy":"product_tag","embeddable":true,"href":"https:\/\/meditaeneuskadi.org\/eu\/wp-json\/wp\/v2\/product_tag?post=18294"}],"curies":[{"name":"wp","href":"https:\/\/api.w.org\/{rel}","templated":true}]}}