{"id":18533,"date":"2026-05-02T21:12:32","date_gmt":"2026-05-02T21:12:32","guid":{"rendered":"https:\/\/meditaeneuskadi.org\/?post_type=product&#038;p=18533"},"modified":"2026-05-04T19:35:38","modified_gmt":"2026-05-04T19:35:38","slug":"masterclass-domingo","status":"publish","type":"product","link":"https:\/\/meditaeneuskadi.org\/eu\/product\/masterclass-domingo\/","title":{"rendered":"Masterclass (mayo)"},"content":{"rendered":"<h3>Masterclass: \u00ab\u00bfQui\u00e9nes son los kadampas? <span class=\"a_GcMg font-feature-liga-off font-feature-clig-off font-feature-calt-off text-decoration-none text-strikethrough-none\">Conoce a los grandes maestros del budismo kadampa\u00bb<\/span><\/h3>\n<p><em><strong>Con Eva P\u00e9rez, maestra principal del KMC Bilbao<\/strong>\u00a0<\/em><\/p>\n<p><span style=\"color: #333333;\">Domingo 31 de mayo, 11:00-12:30h<\/span><\/p>\n<p><strong>Conoce sus historias, sus grandes logros y c\u00f3mo este linaje sigue vivo hoy en d\u00eda.<\/strong><\/p>\n<p>Los maestros budistas kadampas son famosos por ser grandes eruditos y practicantes espirituales puros y sinceros.<\/p>\n<p>El budismo kadampa es una tradici\u00f3n de budismo mahayana fundada por el gran maestro indio Atisha (982-1054). Despu\u00e9s de Atisha, el linaje kadampa se transmiti\u00f3 a trav\u00e9s de una sucesi\u00f3n de maestros kadampas, como Dromtompa, Gueshe Potoua, Gueshe Sharaua, y Gueshe Chekhaua.<\/p>\n<p>En especial hac\u00edan hincapi\u00e9 en la pr\u00e1ctica del adiestramiento de la mente, con la que podemos transformar todas nuestras experiencias de la vida diaria, y en particular, nuestros problemas, sufrimientos y dificultades en el camino espiritual.<\/p>\n<p>El linaje kadampa ha sido transmitido de generaci\u00f3n en generaci\u00f3n hasta el siglo catorce cuando lleg\u00f3 al gran maestro budista Yhe Tsongkhapa. Yhe Tsongkhapa clarific\u00f3 todas las ense\u00f1anzas del Dharma kadam haci\u00e9ndolas accesibles a las personas de aquellos tiempos. Despu\u00e9s de Yhe Tsongkhapa, el nuevo linaje kadampa floreci\u00f3 durante cientos de a\u00f1os hasta hoy d\u00eda, y comprende la uni\u00f3n de todas las pr\u00e1cticas de Buda del Sutra y del Tantra.<\/p>\n<p>En los \u00faltimos a\u00f1os, ha sido difundido extensamente por todo el mundo por el maestro budista contempor\u00e1neo, el venerable Gueshe Kelsang Gyatso.<\/p>\n<p><strong>Descubre sus vidas, con relatos muy inspiradores, cuales fueron sus grandes logros espirituales y c\u00f3mo los transmitieron. Un linaje puro de realizaciones y bendiciones que sigue vivo hoy en d\u00eda. \u00a1Todos bienvenidos!\u00a0<\/strong><\/p>\n<p>\u00a1Te esperamos!<\/p>\n<h4><span style=\"color: #333333;\"><strong>La maestra<\/strong><\/span><\/h4>\n<p><img decoding=\"async\" class=\"size-thumbnail wp-image-11030 alignleft\" src=\"https:\/\/meditaeneuskadi.org\/wp-content\/uploads\/2023\/12\/KMCB_2-150x150.jpg\" alt=\"\" width=\"150\" height=\"150\" srcset=\"https:\/\/meditaeneuskadi.org\/wp-content\/uploads\/2023\/12\/KMCB_2-150x150.jpg 150w, https:\/\/meditaeneuskadi.org\/wp-content\/uploads\/2023\/12\/KMCB_2-300x300.jpg 300w, https:\/\/meditaeneuskadi.org\/wp-content\/uploads\/2023\/12\/KMCB_2-1024x1024.jpg 1024w, https:\/\/meditaeneuskadi.org\/wp-content\/uploads\/2023\/12\/KMCB_2-768x768.jpg 768w, https:\/\/meditaeneuskadi.org\/wp-content\/uploads\/2023\/12\/KMCB_2-1536x1536.jpg 1536w, https:\/\/meditaeneuskadi.org\/wp-content\/uploads\/2023\/12\/KMCB_2-2048x2048.jpg 2048w, https:\/\/meditaeneuskadi.org\/wp-content\/uploads\/2023\/12\/KMCB_2-12x12.jpg 12w, https:\/\/meditaeneuskadi.org\/wp-content\/uploads\/2023\/12\/KMCB_2-1000x1000.jpg 1000w, https:\/\/meditaeneuskadi.org\/wp-content\/uploads\/2023\/12\/KMCB_2-200x200.jpg 200w\" sizes=\"(max-width: 150px) 100vw, 150px\" \/><strong>Eva P\u00e9rez,<\/strong> maestra residente del KMC Bilbao \u00b7 <a href=\"https:\/\/meditaeneuskadi.org\/eu\/sobre-nosotros\/\">M\u00e1s aqu\u00ed<\/a><\/p>\n<h4><span style=\"color: #333333;\"><strong>Formato<\/strong><\/span><\/h4>\n<p><span style=\"color: #333333;\">Presencial<\/span><\/p>\n<p><span style=\"color: #333333;\"><strong>\u00bfD\u00f3nde?<\/strong><\/span><\/p>\n<p><a href=\"https:\/\/www.google.es\/maps\/place\/KMC+Bilbao+%E2%80%93+Centro+de+Meditaci%C3%B3n+Kadampa\/@43.2559032,-2.9260764,17z\/data=!4m10!1m2!2m1!1sKMC+Bilbao,+Artekale+4+kalea,+28005+Bilbao,+Bizkaia!3m6!1s0xd4e4fcc8beabaa3:0x412b6bdcdec51840!8m2!3d43.2559032!4d-2.9235015!15sCjNLTUMgQmlsYmFvLCBBcnRla2FsZSA0IGthbGVhLCAyODAwNSBCaWxiYW8sIEJpemthaWGSARFtZWRpdGF0aW9uX2NlbnRlcuABAA!16s%2Fg%2F11f15mmq89?entry=ttu\" target=\"_blank\" rel=\"noopener\">KMC Bilbao, Artekale 4, 48005 Bilbao<\/a><\/p>\n<h4><span style=\"color: #333333;\"><strong>\u00bfSon las clases para m\u00ed?<\/strong><\/span><\/h4>\n<p><span style=\"color: #333333;\">Adecuadas para todos, independientemente de cualquier experiencia de meditaci\u00f3n.<\/span><\/p>\n<h4><span style=\"color: #333333;\"><strong>Bonos y descuentos\u00a0<\/strong><\/span><\/h4>\n<p><span style=\"color: #333333;\">Estas clases est\u00e1n incluidas en los bonos descuento y tarjetas kadampa (TK).<\/span><\/p>\n<p><span style=\"color: #333333;\">Haz clic aqu\u00ed para obtener m\u00e1s informaci\u00f3n: <span style=\"color: #333399;\"><a style=\"color: #333399;\" href=\"https:\/\/meditaeneuskadi.org\/eu\/tarjetas-kadampa\/\">bonos y tarjetas kadampa<\/a>.<\/span><\/span><\/p>","protected":false},"excerpt":{"rendered":"<p><span style=\"color: #333333;\"><strong>Masterclass: \u00ab\u00bfQui\u00e9nes son los Kadampas?\u201d \u00b7 <\/strong>Domingo 31 de mayo, 11-12:30h, en Bilbao<\/span><\/p>","protected":false},"featured_media":18535,"comment_status":"open","ping_status":"closed","template":"","meta":{"_EventAllDay":false,"_EventTimezone":"","_EventStartDate":"","_EventEndDate":"","_EventStartDateUTC":"","_EventEndDateUTC":"","_EventShowMap":false,"_EventShowMapLink":false,"_EventURL":"","_EventCost":"","_EventCostDescription":"","_EventCurrencySymbol":"","_EventCurrencyCode":"","_EventCurrencyPosition":"","_EventDateTimeSeparator":"","_EventTimeRangeSeparator":"","_EventOrganizerID":[],"_EventVenueID":[],"_OrganizerEmail":"","_OrganizerPhone":"","_OrganizerWebsite":"","_VenueAddress":"","_VenueCity":"","_VenueCountry":"","_VenueProvince":"","_VenueState":"","_VenueZip":"","_VenuePhone":"","_VenueURL":"","_VenueStateProvince":"","_VenueLat":"","_VenueLng":"","_VenueShowMap":false,"_VenueShowMapLink":false},"product_brand":[],"product_cat":[15,105],"product_tag":[101],"class_list":{"0":"post-18533","1":"product","2":"type-product","3":"status-publish","4":"has-post-thumbnail","6":"product_cat-medita-en-euskadi","7":"product_cat-por-la-manana","8":"product_tag-bilbao","9":"description-off","11":"first","12":"instock","13":"shipping-taxable","14":"purchasable","15":"product-type-simple"},"jetpack_sharing_enabled":true,"_links":{"self":[{"href":"https:\/\/meditaeneuskadi.org\/eu\/wp-json\/wp\/v2\/product\/18533","targetHints":{"allow":["GET"]}}],"collection":[{"href":"https:\/\/meditaeneuskadi.org\/eu\/wp-json\/wp\/v2\/product"}],"about":[{"href":"https:\/\/meditaeneuskadi.org\/eu\/wp-json\/wp\/v2\/types\/product"}],"replies":[{"embeddable":true,"href":"https:\/\/meditaeneuskadi.org\/eu\/wp-json\/wp\/v2\/comments?post=18533"}],"wp:featuredmedia":[{"embeddable":true,"href":"https:\/\/meditaeneuskadi.org\/eu\/wp-json\/wp\/v2\/media\/18535"}],"wp:attachment":[{"href":"https:\/\/meditaeneuskadi.org\/eu\/wp-json\/wp\/v2\/media?parent=18533"}],"wp:term":[{"taxonomy":"product_brand","embeddable":true,"href":"https:\/\/meditaeneuskadi.org\/eu\/wp-json\/wp\/v2\/product_brand?post=18533"},{"taxonomy":"product_cat","embeddable":true,"href":"https:\/\/meditaeneuskadi.org\/eu\/wp-json\/wp\/v2\/product_cat?post=18533"},{"taxonomy":"product_tag","embeddable":true,"href":"https:\/\/meditaeneuskadi.org\/eu\/wp-json\/wp\/v2\/product_tag?post=18533"}],"curies":[{"name":"wp","href":"https:\/\/api.w.org\/{rel}","templated":true}]}}