{"id":18566,"date":"2026-05-05T12:10:15","date_gmt":"2026-05-05T12:10:15","guid":{"rendered":"https:\/\/meditaeneuskadi.org\/?post_type=product&#038;p=18566"},"modified":"2026-05-07T19:59:48","modified_gmt":"2026-05-07T19:59:48","slug":"martes","status":"publish","type":"product","link":"https:\/\/meditaeneuskadi.org\/eu\/product\/martes\/","title":{"rendered":"Martes (junio)"},"content":{"rendered":"<h3><strong>Clases de meditaci\u00f3n<\/strong><\/h3>\n<div class=\"wpb_column vc_column_container vc_col-sm-6\">\n<div class=\"vc_column-inner\">\n<div class=\"wpb_wrapper\">\n<div class=\"wpb_text_column wpb_content_element vc_custom_1777365126154\">\n<div class=\"wpb_wrapper\">\n<h4><strong>Ense\u00f1anzas budistas y consejos pr\u00e1cticos de meditaci\u00f3n para desarrollar tu paz interior en tu d\u00eda a d\u00eda<\/strong><\/h4>\n<p><span style=\"color: #ff6600;\">Martes, 19:00 \u2013 20:15 \u00b7 9\u20ac por clase<\/span><\/p>\n<p>Aprender\u00e1s meditaciones que te conducir\u00e1n hacia estados mentales cada vez m\u00e1s apacibles y beneficiosos. Aunque estemos muy ocupados, si las incorporamos en nuestra vida diaria dejaremos de tener preocupaciones y tensiones innecesarias, y empezaremos a disfrutar de verdadera felicidad.<\/p>\n<ul>\n<li>Clase incluida en tu\u00a0bono o\u00a0<strong><a href=\"https:\/\/meditaeneuskadi.org\/eu\/tarjetas-kadampa\/\">Tarjeta Kadampa<\/a><\/strong><\/li>\n<li>Puedes incorporarte en cualquier momento<\/li>\n<li>No es necesaria inscripci\u00f3n previa ni experiencia<\/li>\n<li>Con maestros kadampa cualificados<\/li>\n<\/ul>\n<div class=\"elementor-element elementor-element-571967a elementor-widget elementor-widget-text-editor\" data-id=\"571967a\" data-element_type=\"widget\" data-widget_type=\"text-editor.default\">\n<div class=\"elementor-widget-container\"><\/div>\n<\/div>\n<\/div>\n<\/div>\n<\/div>\n<\/div>\n<\/div>\n<p><strong style=\"color: #333333;\">Formato<\/strong><\/p>\n<p><span style=\"color: #333333;\">Presencial y online (para TKs y Bonos online)\u00a0<\/span><\/p>\n<h4><strong>Programa<\/strong><\/h4>\n<p>Del 2 al 30 de junio<\/p>\n<h4><span style=\"color: #333333;\"><strong>La maestra<\/strong><\/span><\/h4>\n<div>\n<h4><span style=\"color: #333333;\"><img decoding=\"async\" class=\"wp-image-11030 size-thumbnail alignleft\" style=\"font-weight: normal;\" src=\"https:\/\/meditaeneuskadi.org\/wp-content\/uploads\/2023\/12\/KMCB_2-150x150.jpg\" sizes=\"(max-width: 150px) 100vw, 150px\" srcset=\"https:\/\/meditaeneuskadi.org\/wp-content\/uploads\/2023\/12\/KMCB_2-150x150.jpg 150w, https:\/\/meditaeneuskadi.org\/wp-content\/uploads\/2023\/12\/KMCB_2-300x300.jpg 300w, https:\/\/meditaeneuskadi.org\/wp-content\/uploads\/2023\/12\/KMCB_2-1024x1024.jpg 1024w, https:\/\/meditaeneuskadi.org\/wp-content\/uploads\/2023\/12\/KMCB_2-768x768.jpg 768w, https:\/\/meditaeneuskadi.org\/wp-content\/uploads\/2023\/12\/KMCB_2-1536x1536.jpg 1536w, https:\/\/meditaeneuskadi.org\/wp-content\/uploads\/2023\/12\/KMCB_2-2048x2048.jpg 2048w, https:\/\/meditaeneuskadi.org\/wp-content\/uploads\/2023\/12\/KMCB_2-12x12.jpg 12w, https:\/\/meditaeneuskadi.org\/wp-content\/uploads\/2023\/12\/KMCB_2-1000x1000.jpg 1000w, https:\/\/meditaeneuskadi.org\/wp-content\/uploads\/2023\/12\/KMCB_2-200x200.jpg 200w\" alt=\"\" width=\"150\" height=\"150\" \/><\/span><\/h4>\n<\/div>\n<p><span style=\"color: #333333;\"><strong>Eva P\u00e9rez \u2013 Maestra residente del KMC Bilbao<\/strong>.<\/span><\/p>\n<p><span class=\"OYPEnA text-decoration-none text-strikethrough-none\" style=\"color: #333333;\">Eva ha estudiado y practicado la meditaci\u00f3n y el budismo kadampa bajo la gu\u00eda del Venerable Gueshe Kelsang Gyatso desde el 2006 de manera sincera y entusiasta, lo que hace de ella una maestra cercana y muy pr\u00e1ctica.<\/span><\/p>\n<h4><span style=\"color: #333333;\"><strong>\u00bfD\u00f3nde?<\/strong><\/span><\/h4>\n<p><span style=\"color: #333399;\"><a style=\"color: #333399;\" href=\"https:\/\/www.google.es\/maps\/place\/KMC+Bilbao+%E2%80%93+Centro+de+Meditaci%C3%B3n+Kadampa\/@43.2559032,-2.9260764,17z\/data=!4m10!1m2!2m1!1sKMC+Bilbao,+Artekale+4+kalea,+28005+Bilbao,+Bizkaia!3m6!1s0xd4e4fcc8beabaa3:0x412b6bdcdec51840!8m2!3d43.2559032!4d-2.9235015!15sCjNLTUMgQmlsYmFvLCBBcnRla2FsZSA0IGthbGVhLCAyODAwNSBCaWxiYW8sIEJpemthaWGSARFtZWRpdGF0aW9uX2NlbnRlcuABAA!16s%2Fg%2F11f15mmq89?entry=ttu\" target=\"_blank\" rel=\"noopener\">KMC Bilbao, Artekale 4, 48005 Bilbao<\/a><\/span><\/p>\n<h4><span style=\"color: #333333;\"><strong>\u00bfEs para m\u00ed? <\/strong><\/span><\/h4>\n<p><span style=\"color: #333333;\">Adecuado para todos, independientemente de cualquier experiencia de meditaci\u00f3n.<\/span><\/p>\n<h4><span style=\"color: #333333;\"><strong>Bonos y descuentos\u00a0<\/strong><\/span><\/h4>\n<p><span style=\"color: #333333;\">Estas clases est\u00e1n incluidas en los bonos descuento y tarjetas kadampa (TK).<\/span><\/p>\n<p><span style=\"color: #333333;\">Haz clic aqu\u00ed para obtener m\u00e1s informaci\u00f3n: <span style=\"color: #333399;\"><a style=\"color: #333399;\" href=\"https:\/\/meditaeneuskadi.org\/eu\/tarjetas-kadampa\/\">bonos y tarjetas kadampa<\/a>.<\/span><\/span><\/p>","protected":false},"excerpt":{"rendered":"<p><strong><span style=\"color: #333333;\">Desde el 2 de junio <\/span><\/strong><span style=\"color: #333333;\"><strong>\u00b7<\/strong> <\/span><span style=\"color: #333333;\">19:00-20:15h<\/span><strong><span style=\"color: #333333;\"> \u00b7 \u00a0<\/span><\/strong><span style=\"color: #333333;\">Presencial y online\u00a0<\/span><\/p>","protected":false},"featured_media":16796,"comment_status":"open","ping_status":"closed","template":"","meta":{"_EventAllDay":false,"_EventTimezone":"","_EventStartDate":"","_EventEndDate":"","_EventStartDateUTC":"","_EventEndDateUTC":"","_EventShowMap":false,"_EventShowMapLink":false,"_EventURL":"","_EventCost":"","_EventCostDescription":"","_EventCurrencySymbol":"","_EventCurrencyCode":"","_EventCurrencyPosition":"","_EventDateTimeSeparator":"","_EventTimeRangeSeparator":"","_EventOrganizerID":[],"_EventVenueID":[],"_OrganizerEmail":"","_OrganizerPhone":"","_OrganizerWebsite":"","_VenueAddress":"","_VenueCity":"","_VenueCountry":"","_VenueProvince":"","_VenueState":"","_VenueZip":"","_VenuePhone":"","_VenueURL":"","_VenueStateProvince":"","_VenueLat":"","_VenueLng":"","_VenueShowMap":false,"_VenueShowMapLink":false},"product_brand":[],"product_cat":[15,111],"product_tag":[101],"class_list":{"0":"post-18566","1":"product","2":"type-product","3":"status-publish","4":"has-post-thumbnail","6":"product_cat-medita-en-euskadi","7":"product_cat-por-la-tarde-medita-donosti","8":"product_tag-bilbao","9":"description-off","11":"first","12":"instock","13":"shipping-taxable","14":"purchasable","15":"product-type-variable"},"jetpack_sharing_enabled":true,"_links":{"self":[{"href":"https:\/\/meditaeneuskadi.org\/eu\/wp-json\/wp\/v2\/product\/18566","targetHints":{"allow":["GET"]}}],"collection":[{"href":"https:\/\/meditaeneuskadi.org\/eu\/wp-json\/wp\/v2\/product"}],"about":[{"href":"https:\/\/meditaeneuskadi.org\/eu\/wp-json\/wp\/v2\/types\/product"}],"replies":[{"embeddable":true,"href":"https:\/\/meditaeneuskadi.org\/eu\/wp-json\/wp\/v2\/comments?post=18566"}],"wp:featuredmedia":[{"embeddable":true,"href":"https:\/\/meditaeneuskadi.org\/eu\/wp-json\/wp\/v2\/media\/16796"}],"wp:attachment":[{"href":"https:\/\/meditaeneuskadi.org\/eu\/wp-json\/wp\/v2\/media?parent=18566"}],"wp:term":[{"taxonomy":"product_brand","embeddable":true,"href":"https:\/\/meditaeneuskadi.org\/eu\/wp-json\/wp\/v2\/product_brand?post=18566"},{"taxonomy":"product_cat","embeddable":true,"href":"https:\/\/meditaeneuskadi.org\/eu\/wp-json\/wp\/v2\/product_cat?post=18566"},{"taxonomy":"product_tag","embeddable":true,"href":"https:\/\/meditaeneuskadi.org\/eu\/wp-json\/wp\/v2\/product_tag?post=18566"}],"curies":[{"name":"wp","href":"https:\/\/api.w.org\/{rel}","templated":true}]}}